{"id":24089,"date":"2024-03-05T11:05:16","date_gmt":"2024-03-05T10:05:16","guid":{"rendered":"https:\/\/tekelec.ma\/?post_type=product&#038;p=24089"},"modified":"2025-09-14T12:08:12","modified_gmt":"2025-09-14T10:08:12","slug":"tekelec-gamer-acer-nitro-5","status":"publish","type":"product","link":"https:\/\/tekelec.ma\/index.php\/product\/tekelec-gamer-acer-nitro-5\/","title":{"rendered":"Tekelec Gamer | ACER Nitro 5"},"content":{"rendered":"<p>ACER Nitro 5 AN517-54-98YU &#8211; 17,3&Prime; FHD 144Hz &#8211; Core i9-11900H &#8211; RAM : 16Go &#8211; 512Go SSD &#8211; RTX3070 &#8211; Sans windows<\/p>\n","protected":false},"excerpt":{"rendered":"<p><strong>ACER Nitro 5 AN517-54-98YU &#8211; 17,3&Prime; FHD 144Hz &#8211; Core i9-11900H &#8211; RAM : 16Go &#8211; 512Go SSD &#8211; RTX3070 &#8211; Sans windows<br \/>\n<\/strong><\/p>\n<ul>\n<li>Usage : Gaming<\/li>\n<li>RAM : 16 Go DDR4<\/li>\n<li>R\u00e9solution : FHD (1920&#215;1080) &#8211; 0,45<\/li>\n<li>Fonctions : Anti-\u00e9blouissement, ComfyView, taux de r\u00e9ponse de 25 ms, \u00e9cran \u00e0 bord \u00e9troit<\/li>\n<li>Stockage principal : 512 Go SSD M.2 2280 &#8211; Samsung<\/li>\n<\/ul>\n<div class=\"jsFpBulletPointMore\">\n<ul>\n<li>Processeur graphique : NVIDIA GeForce RTX 3070<\/li>\n<li>Dur\u00e9e de fonctionnement : Jusqu&rsquo;\u00e0 8 heures<\/li>\n<li>Garantie (\u00b2) : 2 ans<\/li>\n<li>Syst\u00e8me d&rsquo;exploitation : Sans OS<\/li>\n<li>Poids : 2,7 kg<\/li>\n<\/ul>\n<\/div>\n<p><strong>\u00a0<\/strong><\/p>\n","protected":false},"featured_media":24090,"comment_status":"open","ping_status":"closed","template":"","meta":[],"product_brand":[],"product_cat":[316,317,318,345],"product_tag":[],"class_list":{"0":"post-24089","1":"product","2":"type-product","3":"status-publish","4":"has-post-thumbnail","6":"product_cat-laptop","7":"product_cat-pc-gamer","8":"product_cat-pc-pro","9":"product_cat-sur-commande","11":"first","12":"onbackorder","13":"sale","14":"featured","15":"shipping-taxable","16":"purchasable","17":"product-type-simple"},"aioseo_notices":[],"jetpack_sharing_enabled":true,"_links":{"self":[{"href":"https:\/\/tekelec.ma\/index.php\/wp-json\/wp\/v2\/product\/24089","targetHints":{"allow":["GET"]}}],"collection":[{"href":"https:\/\/tekelec.ma\/index.php\/wp-json\/wp\/v2\/product"}],"about":[{"href":"https:\/\/tekelec.ma\/index.php\/wp-json\/wp\/v2\/types\/product"}],"replies":[{"embeddable":true,"href":"https:\/\/tekelec.ma\/index.php\/wp-json\/wp\/v2\/comments?post=24089"}],"version-history":[{"count":1,"href":"https:\/\/tekelec.ma\/index.php\/wp-json\/wp\/v2\/product\/24089\/revisions"}],"predecessor-version":[{"id":24450,"href":"https:\/\/tekelec.ma\/index.php\/wp-json\/wp\/v2\/product\/24089\/revisions\/24450"}],"wp:featuredmedia":[{"embeddable":true,"href":"https:\/\/tekelec.ma\/index.php\/wp-json\/wp\/v2\/media\/24090"}],"wp:attachment":[{"href":"https:\/\/tekelec.ma\/index.php\/wp-json\/wp\/v2\/media?parent=24089"}],"wp:term":[{"taxonomy":"product_brand","embeddable":true,"href":"https:\/\/tekelec.ma\/index.php\/wp-json\/wp\/v2\/product_brand?post=24089"},{"taxonomy":"product_cat","embeddable":true,"href":"https:\/\/tekelec.ma\/index.php\/wp-json\/wp\/v2\/product_cat?post=24089"},{"taxonomy":"product_tag","embeddable":true,"href":"https:\/\/tekelec.ma\/index.php\/wp-json\/wp\/v2\/product_tag?post=24089"}],"curies":[{"name":"wp","href":"https:\/\/api.w.org\/{rel}","templated":true}]}}