{"id":24189,"date":"2025-04-30T17:23:45","date_gmt":"2025-04-30T15:23:45","guid":{"rendered":"https:\/\/tekelec.ma\/?post_type=product&#038;p=24189"},"modified":"2025-09-14T12:08:11","modified_gmt":"2025-09-14T10:08:11","slug":"deputy-p60i","status":"publish","type":"product","link":"https:\/\/tekelec.ma\/index.php\/product\/deputy-p60i\/","title":{"rendered":"DEPUTY P60i"},"content":{"rendered":"<p>PC portable Gamer <strong>ERAZER Deputy P60i<\/strong> avec \u00e9cran 15,6&Prime;FHD, processeur Intel i5 12450H, RAM 16Go, SSD 512Go, carte graphique NVIDIA GeForce RTX 4060 <strong>TGP 130W<\/strong>. Poids: 2,1 kg. R\u00e9solution native: 1920 x 1080. Pr\u00eat pour la r\u00e9alit\u00e9 virtuelle. Id\u00e9al pour le gaming.<\/p>\n<table class=\"table table--fpDescTb\" style=\"height: 169px;\" role=\"table\" width=\"705\" aria-label=\"Caract\u00e9ristiques du produit\">\n<tbody class=\"table__body\" role=\"rowgroup\">\n<tr class=\"table__row\" role=\"row\">\n<th class=\"table__cell\" role=\"cell\" scope=\"row\">CPU<\/th>\n<td class=\"table__cell\" role=\"cell\">Intel\u00ae Core\u2122 i5-12450H (3,3GHz &#8211; 45W)<\/td>\n<\/tr>\n<tr class=\"table__row\" role=\"row\">\n<th class=\"table__cell\" role=\"cell\" scope=\"row\">Nombre de coeurs<\/th>\n<td class=\"table__cell\" role=\"cell\">8<\/td>\n<\/tr>\n<tr class=\"table__row\" role=\"row\">\n<th class=\"table__cell\" role=\"cell\" scope=\"row\">Cache<\/th>\n<td class=\"table__cell\" role=\"cell\">12 Mo Intel\u00aeSmart<\/td>\n<\/tr>\n<tr class=\"table__row\" role=\"row\">\n<th class=\"table__cell\" role=\"cell\" scope=\"row\">Vitesse maximale en mode Turbo<\/th>\n<td class=\"table__cell\" role=\"cell\">4,40 GHz<\/td>\n<\/tr>\n<\/tbody>\n<\/table>\n","protected":false},"excerpt":{"rendered":"<p><strong>ERAZER &#8211; DEPUTY P60i &#8211; 15,6&Prime; FHD 144Hz &#8211; RTX 4060 TGP 130W<\/strong><\/p>\n<p><strong>Core i5-12450H -RAM 16Go -SSD 512Go<\/strong><\/p>\n","protected":false},"featured_media":24190,"comment_status":"open","ping_status":"closed","template":"","meta":[],"product_brand":[],"product_cat":[316,317,318],"product_tag":[],"class_list":{"0":"post-24189","1":"product","2":"type-product","3":"status-publish","4":"has-post-thumbnail","6":"product_cat-laptop","7":"product_cat-pc-gamer","8":"product_cat-pc-pro","10":"first","11":"instock","12":"sale","13":"shipping-taxable","14":"purchasable","15":"product-type-simple"},"aioseo_notices":[],"jetpack_sharing_enabled":true,"_links":{"self":[{"href":"https:\/\/tekelec.ma\/index.php\/wp-json\/wp\/v2\/product\/24189","targetHints":{"allow":["GET"]}}],"collection":[{"href":"https:\/\/tekelec.ma\/index.php\/wp-json\/wp\/v2\/product"}],"about":[{"href":"https:\/\/tekelec.ma\/index.php\/wp-json\/wp\/v2\/types\/product"}],"replies":[{"embeddable":true,"href":"https:\/\/tekelec.ma\/index.php\/wp-json\/wp\/v2\/comments?post=24189"}],"version-history":[{"count":1,"href":"https:\/\/tekelec.ma\/index.php\/wp-json\/wp\/v2\/product\/24189\/revisions"}],"predecessor-version":[{"id":24478,"href":"https:\/\/tekelec.ma\/index.php\/wp-json\/wp\/v2\/product\/24189\/revisions\/24478"}],"wp:featuredmedia":[{"embeddable":true,"href":"https:\/\/tekelec.ma\/index.php\/wp-json\/wp\/v2\/media\/24190"}],"wp:attachment":[{"href":"https:\/\/tekelec.ma\/index.php\/wp-json\/wp\/v2\/media?parent=24189"}],"wp:term":[{"taxonomy":"product_brand","embeddable":true,"href":"https:\/\/tekelec.ma\/index.php\/wp-json\/wp\/v2\/product_brand?post=24189"},{"taxonomy":"product_cat","embeddable":true,"href":"https:\/\/tekelec.ma\/index.php\/wp-json\/wp\/v2\/product_cat?post=24189"},{"taxonomy":"product_tag","embeddable":true,"href":"https:\/\/tekelec.ma\/index.php\/wp-json\/wp\/v2\/product_tag?post=24189"}],"curies":[{"name":"wp","href":"https:\/\/api.w.org\/{rel}","templated":true}]}}