{"id":24208,"date":"2025-04-30T18:35:03","date_gmt":"2025-04-30T16:35:03","guid":{"rendered":"https:\/\/tekelec.ma\/?post_type=product&#038;p=24208"},"modified":"2025-09-14T12:08:11","modified_gmt":"2025-09-14T10:08:11","slug":"msi-pulse-16-ai","status":"publish","type":"product","link":"https:\/\/tekelec.ma\/index.php\/product\/msi-pulse-16-ai\/","title":{"rendered":"MSI Pulse 16 AI"},"content":{"rendered":"<p data-start=\"64\" data-end=\"513\">Le\u00a0<strong data-start=\"67\" data-end=\"86\">MSI Pulse 16 AI<\/strong>\u00a0est un\u00a0<strong data-start=\"94\" data-end=\"119\">PC portable gaming IA<\/strong>\u00a0con\u00e7u pour offrir des performances de pointe aux joueurs et cr\u00e9ateurs. Propuls\u00e9 par un\u00a0<strong data-start=\"207\" data-end=\"234\">Intel Core Ultra 7 155H<\/strong>\u00a0avec\u00a0<strong data-start=\"240\" data-end=\"258\">Intel AI Boost<\/strong>, une\u00a0<strong data-start=\"264\" data-end=\"289\">RTX 4070 8Go TGP 140W<\/strong>\u00a0et un\u00a0<strong data-start=\"296\" data-end=\"317\">\u00e9cran QHD+ 240 Hz<\/strong>, il assure une exp\u00e9rience ultra-fluide. Gr\u00e2ce \u00e0 ses capacit\u00e9s\u00a0<strong data-start=\"380\" data-end=\"411\">d\u2019intelligence artificielle<\/strong>, il optimise automatiquement ses performances pour un gaming immersif et une productivit\u00e9 maximale.<\/p>\n<ul>\n<li dir=\"auto\">Intel Core Ultra 7 155H 4.8 GHz 16\u00a0c\u0153urs 22 threads<\/li>\n<li dir=\"auto\">Nvidia GeForce RTX 4070 8Go <strong>TGP 140w<\/strong><\/li>\n<li dir=\"auto\">Stockage : 512GB SSD Nvme<\/li>\n<li dir=\"auto\">RAM : 16 Go DDR5 5600 MHz 2 slots avec maximum 96 Go<\/li>\n<li dir=\"auto\">\u00c9cran 16\u201d QHD+ 240 Hz<\/li>\n<li dir=\"auto\">\n<div>\n<p dir=\"auto\">NPU (Neural Processing Unit) : Intel Ai Boost<\/p>\n<\/div>\n<\/li>\n<li dir=\"auto\">Clavier Azerty RGB per key<\/li>\n<li dir=\"auto\">Windows 11 Pro<\/li>\n<li dir=\"auto\">Ports :1 X\u00a0\u00a0RJ45 Femelle1 X\u00a0\u00a0HDMI 2.1 Femelle1 X\u00a0\u00a0DisplayPort USB Type C3 X\u00a0\u00a0USB 3.01 X\u00a0\u00a0Jack 3,5mm Femelle St\u00e9r\u00e9o<\/li>\n<\/ul>\n","protected":false},"excerpt":{"rendered":"<p class=\"product_title entry-title elementor-heading-title elementor-size-default\"><strong>MSI Pulse 16 AI <\/strong>| intel Core Ultra 7 155H | RTX 4070 <strong>TGP 140W<\/strong> | 16\u201d QHD+ 240 Hz | 512GB SSD \/ 16 Go DDR5<\/p>\n","protected":false},"featured_media":24209,"comment_status":"open","ping_status":"closed","template":"","meta":[],"product_brand":[190,327,331],"product_cat":[316,317,318],"product_tag":[],"class_list":{"0":"post-24208","1":"product","2":"type-product","3":"status-publish","4":"has-post-thumbnail","6":"product_brand-intel","7":"product_brand-msi","8":"product_brand-nvidia","9":"product_cat-laptop","10":"product_cat-pc-gamer","11":"product_cat-pc-pro","13":"first","14":"instock","15":"sale","16":"shipping-taxable","17":"purchasable","18":"product-type-simple"},"aioseo_notices":[],"jetpack_sharing_enabled":true,"_links":{"self":[{"href":"https:\/\/tekelec.ma\/index.php\/wp-json\/wp\/v2\/product\/24208","targetHints":{"allow":["GET"]}}],"collection":[{"href":"https:\/\/tekelec.ma\/index.php\/wp-json\/wp\/v2\/product"}],"about":[{"href":"https:\/\/tekelec.ma\/index.php\/wp-json\/wp\/v2\/types\/product"}],"replies":[{"embeddable":true,"href":"https:\/\/tekelec.ma\/index.php\/wp-json\/wp\/v2\/comments?post=24208"}],"version-history":[{"count":1,"href":"https:\/\/tekelec.ma\/index.php\/wp-json\/wp\/v2\/product\/24208\/revisions"}],"predecessor-version":[{"id":24289,"href":"https:\/\/tekelec.ma\/index.php\/wp-json\/wp\/v2\/product\/24208\/revisions\/24289"}],"wp:featuredmedia":[{"embeddable":true,"href":"https:\/\/tekelec.ma\/index.php\/wp-json\/wp\/v2\/media\/24209"}],"wp:attachment":[{"href":"https:\/\/tekelec.ma\/index.php\/wp-json\/wp\/v2\/media?parent=24208"}],"wp:term":[{"taxonomy":"product_brand","embeddable":true,"href":"https:\/\/tekelec.ma\/index.php\/wp-json\/wp\/v2\/product_brand?post=24208"},{"taxonomy":"product_cat","embeddable":true,"href":"https:\/\/tekelec.ma\/index.php\/wp-json\/wp\/v2\/product_cat?post=24208"},{"taxonomy":"product_tag","embeddable":true,"href":"https:\/\/tekelec.ma\/index.php\/wp-json\/wp\/v2\/product_tag?post=24208"}],"curies":[{"name":"wp","href":"https:\/\/api.w.org\/{rel}","templated":true}]}}