{"id":24215,"date":"2025-06-09T14:20:35","date_gmt":"2025-06-09T12:20:35","guid":{"rendered":"https:\/\/tekelec.ma\/?post_type=product&#038;p=24215"},"modified":"2025-09-14T12:08:11","modified_gmt":"2025-09-14T10:08:11","slug":"hp-victus-16-amd-ryzen-7","status":"publish","type":"product","link":"https:\/\/tekelec.ma\/index.php\/product\/hp-victus-16-amd-ryzen-7\/","title":{"rendered":"hp Victus 16 AMD Ryzen 7"},"content":{"rendered":"<header class=\"f-productLayer__header\">\n<div class=\"f-productLayer__container\">\n<h5 class=\"f-productLayer__title\" data-automation-id=\"title-characteristics-layer-label\"><strong>Caract\u00e9ristiques:<\/strong><\/h5>\n<\/div>\n<\/header>\n<div class=\"f-productLayer__body f-productProperties\">\n<div class=\"f-productLayer__container f-productProperties__container\" data-automation-id=\"simple-characteristics-content-block\">\n<div class=\"js-Expander expander expander--hasIcon collapsed\" data-automation-button=\"expand-characteristics-content-button\" data-automation-content=\"expand-characteristics-content\">\n<div class=\"expander__content\" data-automation-id=\"expand-characteristics-content\" aria-expanded=\"true\">\n<div class=\"f-productProperties__columns\">\n<div class=\"f-productProperties__col\">\n<dl class=\"f-productProperties__item\">\n<dt class=\"f-productProperties__term\">Marque du processeur<\/dt>\n<dd class=\"f-productProperties__definition\" aria-label=\"Liste des Marque du processeur\">AMD<\/dd>\n<\/dl>\n<dl class=\"f-productProperties__item\">\n<dt class=\"f-productProperties__term\">Mod\u00e8le du processeur<\/dt>\n<dd class=\"f-productProperties__definition\" aria-label=\"Liste des Mod\u00e8le du processeur\">AMD Ryzen 7 7840HS<\/dd>\n<\/dl>\n<dl class=\"f-productProperties__item\">\n<dt class=\"f-productProperties__term\">Processeur<\/dt>\n<dd class=\"f-productProperties__definition\" aria-label=\"Liste des Processeur\">AMD\u00ae Ryzen\u2122 7 7840HS (8 c\u0153urs)<\/dd>\n<\/dl>\n<dl class=\"f-productProperties__item\">\n<dt class=\"f-productProperties__term\">M\u00e9moire cache du processeur<\/dt>\n<dd class=\"f-productProperties__definition\" aria-label=\"Liste des M\u00e9moire cache du processeur\">16 Mo<\/dd>\n<\/dl>\n<dl class=\"f-productProperties__item\">\n<dt class=\"f-productProperties__term\">Fr\u00e9quence du processeur<\/dt>\n<dd class=\"f-productProperties__definition\" aria-label=\"Liste des Fr\u00e9quence du processeur\">de 3,8 GHz jusqu\u2019\u00e0 5,1 GHz<\/dd>\n<\/dl>\n<dl class=\"f-productProperties__item  f-productProperties__item--long \">\n<dt class=\"f-productProperties__term\">Caract\u00e9ristiques de l&rsquo;\u00e9cran<\/dt>\n<dd class=\"f-productProperties__definition\" aria-label=\"Liste des Caract\u00e9ristiques de l'\u00e9cran\">\u00c9cran Full HD d\u2019une diagonale de 40,9 cm (16,1 pouces) (1920 x 1080), 144 Hz, IPS, micro bords, antireflet, 250 nits, 45 % NTSC, Rapport \u00e9cran\/bo\u00eetier: 83.4%, Format de l&rsquo;image: 16:9<\/dd>\n<\/dl>\n<dl class=\"f-productProperties__item\">\n<dt class=\"f-productProperties__term\">Capacit\u00e9 de stockage<\/dt>\n<dd class=\"f-productProperties__definition\" aria-label=\"Liste des Capacit\u00e9 de stockage\">512 Go<\/dd>\n<\/dl>\n<dl class=\"f-productProperties__item\">\n<dt class=\"f-productProperties__term\">Taille de l&rsquo;\u00e9cran (pouces)<\/dt>\n<dd class=\"f-productProperties__definition\" aria-label=\"Liste des Taille de l'\u00e9cran (pouces)\">16,1 \u00ab\u00a0<\/dd>\n<\/dl>\n<dl class=\"f-productProperties__item\">\n<dt class=\"f-productProperties__term\">RAM install\u00e9e<\/dt>\n<dd class=\"f-productProperties__definition\" aria-label=\"Liste des RAM install\u00e9e\">16 Go<\/dd>\n<\/dl>\n<dl class=\"f-productProperties__item\">\n<dt class=\"f-productProperties__term\">Marque de la carte graphique<\/dt>\n<dd class=\"f-productProperties__definition\" aria-label=\"Liste des Marque de la carte graphique\">nVidia<\/dd>\n<\/dl>\n<dl class=\"f-productProperties__item\">\n<dt class=\"f-productProperties__term\">Mod\u00e8le de la carte graphique<\/dt>\n<dd class=\"f-productProperties__definition\" aria-label=\"Liste des Mod\u00e8le de la carte graphique\">Nvidia GeForce RTX 4070<\/dd>\n<\/dl>\n<dl class=\"f-productProperties__item\">\n<dt class=\"f-productProperties__term\">D\u00e9tail de la carte graphique<\/dt>\n<dd class=\"f-productProperties__definition\" aria-label=\"Liste des D\u00e9tail de la carte graphique\">NVIDIA\u00ae GeForce RTX\u2122 4070 8 Go GDDR6<\/dd>\n<\/dl>\n<dl class=\"f-productProperties__item\">\n<dt class=\"f-productProperties__term\">M\u00e9moire vid\u00e9o d\u00e9di\u00e9e<\/dt>\n<dd class=\"f-productProperties__definition\" aria-label=\"Liste des M\u00e9moire vid\u00e9o d\u00e9di\u00e9e\">8 Go<\/dd>\n<\/dl>\n<dl class=\"f-productProperties__item\">\n<dt class=\"f-productProperties__term\">Type m\u00e9moire vid\u00e9o<\/dt>\n<dd class=\"f-productProperties__definition\" aria-label=\"Liste des Type m\u00e9moire vid\u00e9o\">GDDR6<\/dd>\n<\/dl>\n<dl class=\"f-productProperties__item\">\n<dt class=\"f-productProperties__term\">Stockage total<\/dt>\n<dd class=\"f-productProperties__definition\" aria-label=\"Liste des Stockage total\">512 Go<\/dd>\n<\/dl>\n<dl class=\"f-productProperties__item\">\n<dt class=\"f-productProperties__term\">Capacit\u00e9 du disque SSD<\/dt>\n<dd class=\"f-productProperties__definition\" aria-label=\"Liste des Capacit\u00e9 du disque SSD\">512 Go<\/dd>\n<\/dl>\n<dl class=\"f-productProperties__item\">\n<dt class=\"f-productProperties__term\">Type de disque dur<\/dt>\n<dd class=\"f-productProperties__definition\" aria-label=\"Liste des Type de disque dur\">SSD<\/dd>\n<\/dl>\n<dl class=\"f-productProperties__item\">\n<dt class=\"f-productProperties__term\">R\u00e9solution maximale de la carte graphique<\/dt>\n<dd class=\"f-productProperties__definition\" aria-label=\"Liste des R\u00e9solution maximale de la carte graphique\">1920 x 1080 pixels<\/dd>\n<\/dl>\n<dl class=\"f-productProperties__item\">\n<dt class=\"f-productProperties__term\">Ecran tactile<\/dt>\n<dd class=\"f-productProperties__definition\" aria-label=\"Liste des Ecran tactile\">Non<\/dd>\n<\/dl>\n<dl class=\"f-productProperties__item\">\n<dt class=\"f-productProperties__term\">Type de m\u00e9moire vive install\u00e9e<\/dt>\n<dd class=\"f-productProperties__definition\" aria-label=\"Liste des Type de m\u00e9moire vive install\u00e9e\">DDR5<\/dd>\n<\/dl>\n<dl class=\"f-productProperties__item\">\n<dt class=\"f-productProperties__term\">Carte m\u00e8re<\/dt>\n<dd class=\"f-productProperties__definition\" aria-label=\"Liste des Carte m\u00e8re\">SoC AMD int\u00e9gr\u00e9<\/dd>\n<\/dl>\n<dl class=\"f-productProperties__item\">\n<dt class=\"f-productProperties__term\">Lecteur de cartes m\u00e9moire<\/dt>\n<dd class=\"f-productProperties__definition\" aria-label=\"Liste des Lecteur de cartes m\u00e9moire\">Non<\/dd>\n<\/dl>\n<dl class=\"f-productProperties__item\">\n<dt class=\"f-productProperties__term\">Coloris<\/dt>\n<dd class=\"f-productProperties__definition\" aria-label=\"Liste des Coloris\">Argent<\/dd>\n<\/dl>\n<dl class=\"f-productProperties__item\">\n<dt class=\"f-productProperties__term\">Couleur<\/dt>\n<dd class=\"f-productProperties__definition\" aria-label=\"Liste des Couleur\">Argent mica, logo chrome fonc\u00e9, Finition peinture<\/dd>\n<\/dl>\n<\/div>\n<\/div>\n<\/div>\n<\/div>\n<\/div>\n<\/div>\n","protected":false},"excerpt":{"rendered":"<p><strong>PC Portable Gaming HP Victus 16-s0040nf 16,1&Prime; FHD 144Hz AMD Ryzen 7<br \/>\n<\/strong>Le VICTUS by HP est un PC portable gamer au top. Avec son design \u00e9pur\u00e9, il embarque un processeur AMD de nouvelle g\u00e9n\u00e9ration et une carte graphique de pointe. Cet ordinateur portable dispose \u00e9galement de nouvelles fonctions d\u2019optimisation pour repousser les limites de la performance, d\u2019une conception thermique dernier cri et d\u2019un clavier am\u00e9lior\u00e9. Fonctions Une toute nouvelle perspective<\/p>\n","protected":false},"featured_media":24483,"comment_status":"open","ping_status":"closed","template":"","meta":[],"product_brand":[329],"product_cat":[316,317,318],"product_tag":[],"class_list":{"0":"post-24215","1":"product","2":"type-product","3":"status-publish","4":"has-post-thumbnail","6":"product_brand-hp","7":"product_cat-laptop","8":"product_cat-pc-gamer","9":"product_cat-pc-pro","11":"first","12":"instock","13":"sale","14":"shipping-taxable","15":"purchasable","16":"product-type-simple"},"aioseo_notices":[],"jetpack_sharing_enabled":true,"_links":{"self":[{"href":"https:\/\/tekelec.ma\/index.php\/wp-json\/wp\/v2\/product\/24215","targetHints":{"allow":["GET"]}}],"collection":[{"href":"https:\/\/tekelec.ma\/index.php\/wp-json\/wp\/v2\/product"}],"about":[{"href":"https:\/\/tekelec.ma\/index.php\/wp-json\/wp\/v2\/types\/product"}],"replies":[{"embeddable":true,"href":"https:\/\/tekelec.ma\/index.php\/wp-json\/wp\/v2\/comments?post=24215"}],"version-history":[{"count":1,"href":"https:\/\/tekelec.ma\/index.php\/wp-json\/wp\/v2\/product\/24215\/revisions"}],"predecessor-version":[{"id":24487,"href":"https:\/\/tekelec.ma\/index.php\/wp-json\/wp\/v2\/product\/24215\/revisions\/24487"}],"wp:featuredmedia":[{"embeddable":true,"href":"https:\/\/tekelec.ma\/index.php\/wp-json\/wp\/v2\/media\/24483"}],"wp:attachment":[{"href":"https:\/\/tekelec.ma\/index.php\/wp-json\/wp\/v2\/media?parent=24215"}],"wp:term":[{"taxonomy":"product_brand","embeddable":true,"href":"https:\/\/tekelec.ma\/index.php\/wp-json\/wp\/v2\/product_brand?post=24215"},{"taxonomy":"product_cat","embeddable":true,"href":"https:\/\/tekelec.ma\/index.php\/wp-json\/wp\/v2\/product_cat?post=24215"},{"taxonomy":"product_tag","embeddable":true,"href":"https:\/\/tekelec.ma\/index.php\/wp-json\/wp\/v2\/product_tag?post=24215"}],"curies":[{"name":"wp","href":"https:\/\/api.w.org\/{rel}","templated":true}]}}