{"id":24431,"date":"2025-06-01T12:52:05","date_gmt":"2025-06-01T10:52:05","guid":{"rendered":"https:\/\/tekelec.ma\/?post_type=product&#038;p=24431"},"modified":"2025-07-30T19:34:12","modified_gmt":"2025-07-30T17:34:12","slug":"atx-gigabyte-b850-eagle-ice","status":"publish","type":"product","link":"https:\/\/tekelec.ma\/index.php\/product\/atx-gigabyte-b850-eagle-ice\/","title":{"rendered":"ATX Gigabyte B850 Eagle Ice"},"content":{"rendered":"<p>La carte m\u00e8re Gigabyte B850 EAGLE ICE est anim\u00e9e autour du chipset AMD B850 ce qui la rend id\u00e9ale pour poser les bases d&rsquo;une configuration gaming. Gr\u00e2ce \u00e0 son socket AMD AM5, elle prend en charge un processeur AMD Ryzen 7000\/8000\/9000. Dot\u00e9e de 4 emplacements DDR5, la B850 EAGLE ICE est en mesure de g\u00e9rer jusqu&rsquo;\u00e0 256 Go. Sa compatibilit\u00e9 avec la norme PCI Express 5.0 permet d&rsquo;exploiter les cartes graphiques et les SSD M.2 NVMe les plus r\u00e9cents pour des performances \u00e9lev\u00e9es. Elle b\u00e9n\u00e9ficie d&rsquo;une connectivit\u00e9 compl\u00e8te avec du r\u00e9seau LAN 2.5 GbE ainsi que de l&rsquo;USB 3.0 et 3.1.<\/p>\n<ul>\n<li>Socket AMD AM5 pour processeur AMD Ryzen 7000\/8000\/9000<\/li>\n<li>4 Slots m\u00e9moire DDR5 8200 MHz (OC)<\/li>\n<li>Stockage nouvelle g\u00e9n\u00e9ration : 1 x M.2 PCIe 5.0 + 2 x M.2 PCIe 4.0<\/li>\n<li>Dissipation efficace avec radiateurs sur les VRM pour un SSD M.2<\/li>\n<li>LAN 2.5 GbE<\/li>\n<li>Partie audio soign\u00e9e avec chipset Realtek ALC897<\/li>\n<li>Q-Flash Plus : Mise \u00e0 jour du BIOS sans Installer de Processeur, de M\u00e9moire ou de Carte Graphique<\/li>\n<\/ul>\n","protected":false},"excerpt":{"rendered":"<p class=\"thread-title\"><strong><span class=\"text--b size--all-xl size--fromW3-xxl\">Carte m\u00e8re ATX Gigabyte B850 Eagle Ice &#8211; Socket AM5 &#8211; Chipset AMD B850 &#8211; USB 3.1 &#8211; M.2 PCIe 5.0<\/span><\/strong><\/p>\n","protected":false},"featured_media":24432,"comment_status":"open","ping_status":"closed","template":"","meta":[],"product_brand":[],"product_cat":[308,345],"product_tag":[],"class_list":{"0":"post-24431","1":"product","2":"type-product","3":"status-publish","4":"has-post-thumbnail","6":"product_cat-cartes-meres","7":"product_cat-sur-commande","9":"first","10":"onbackorder","11":"sale","12":"shipping-taxable","13":"purchasable","14":"product-type-simple"},"aioseo_notices":[],"jetpack_sharing_enabled":true,"_links":{"self":[{"href":"https:\/\/tekelec.ma\/index.php\/wp-json\/wp\/v2\/product\/24431","targetHints":{"allow":["GET"]}}],"collection":[{"href":"https:\/\/tekelec.ma\/index.php\/wp-json\/wp\/v2\/product"}],"about":[{"href":"https:\/\/tekelec.ma\/index.php\/wp-json\/wp\/v2\/types\/product"}],"replies":[{"embeddable":true,"href":"https:\/\/tekelec.ma\/index.php\/wp-json\/wp\/v2\/comments?post=24431"}],"version-history":[{"count":1,"href":"https:\/\/tekelec.ma\/index.php\/wp-json\/wp\/v2\/product\/24431\/revisions"}],"predecessor-version":[{"id":24436,"href":"https:\/\/tekelec.ma\/index.php\/wp-json\/wp\/v2\/product\/24431\/revisions\/24436"}],"wp:featuredmedia":[{"embeddable":true,"href":"https:\/\/tekelec.ma\/index.php\/wp-json\/wp\/v2\/media\/24432"}],"wp:attachment":[{"href":"https:\/\/tekelec.ma\/index.php\/wp-json\/wp\/v2\/media?parent=24431"}],"wp:term":[{"taxonomy":"product_brand","embeddable":true,"href":"https:\/\/tekelec.ma\/index.php\/wp-json\/wp\/v2\/product_brand?post=24431"},{"taxonomy":"product_cat","embeddable":true,"href":"https:\/\/tekelec.ma\/index.php\/wp-json\/wp\/v2\/product_cat?post=24431"},{"taxonomy":"product_tag","embeddable":true,"href":"https:\/\/tekelec.ma\/index.php\/wp-json\/wp\/v2\/product_tag?post=24431"}],"curies":[{"name":"wp","href":"https:\/\/api.w.org\/{rel}","templated":true}]}}