{"id":24437,"date":"2025-06-01T12:58:01","date_gmt":"2025-06-01T10:58:01","guid":{"rendered":"https:\/\/tekelec.ma\/?post_type=product&#038;p=24437"},"modified":"2025-07-30T19:34:12","modified_gmt":"2025-07-30T17:34:12","slug":"gigabyte-x870e-aorus-pro","status":"publish","type":"product","link":"https:\/\/tekelec.ma\/index.php\/product\/gigabyte-x870e-aorus-pro\/","title":{"rendered":"Gigabyte X870E AORUS Pro"},"content":{"rendered":"<p>La carte m\u00e8re Gigabyte X870E AORUS PRO embarque le chipset AMD X870E ce qui la rend id\u00e9ale pour poser les bases d&rsquo;une configuration gaming hautes performances. Son socket AMD AM5 lui permet de prendre en charge un processeur AMD Ryzen 7000\/8000\/9000. Elle est dot\u00e9e de 4 emplacements DDR5, peut exploiter les cartes graphiques et les SSD M.2 NVMe \u00e0 la norme PCI Express 5.0 pour des performances d\u00e9coiffantes. Elle est dot\u00e9e d&rsquo;une connectivit\u00e9 compl\u00e8te avec du r\u00e9seau LAN 2.5 GbE, Wi-Fi 7 et du Bluetooth 5.3 ainsi que de l&rsquo;USB 3.2 et 4.0.<\/p>\n<ul>\n<li>Socket AMD AM5 pour processeur AMD Ryzen 7000\/8000\/9000<\/li>\n<li>4 Slots m\u00e9moire DDR5 8200 MHz (OC) Dual-Channel avec support EXPO et XMP<\/li>\n<li>Stockage nouvelle g\u00e9n\u00e9ration : 3 x M.2 PCIe 5.0 + 1 x M.2 PCIe 4.0<\/li>\n<li>EZ-Latch PLus : Verrouillage\/D\u00e9verrouillage rapide du PCIe 5.0 x16 et des M.2 (pas besoin de vis)<\/li>\n<li>Dissipation efficace avec radiateurs sur les VRM (VRM Thermal Armor) et pour les SSD M.2 avec Thermal Guard L<\/li>\n<li>Wi-Fi 7 et Bluetooth 5.3 + LAN 2.5 GbE<\/li>\n<li>Partie audio soign\u00e9e avec chipset Realtek ALC1220<\/li>\n<li>2 ports USB4 Type C compatibles DP-Alt mode<\/li>\n<li>Q-Flash Plus : Mise \u00e0 jour du BIOS sans Installer de Processeur, de M\u00e9moire ou de Carte Graphique<\/li>\n<\/ul>\n","protected":false},"excerpt":{"rendered":"<p class=\"thread-title\"><strong><span class=\"text--b size--all-xl size--fromW3-xxl\">Carte m\u00e8re Gigabyte X870E AORUS Pro &#8211; AMD Ryzen 9000, VRM num\u00e9rique 16+2+2 Phases, jusqu&rsquo;\u00e0 8000MHz DDR5, 3xPCIe 5.0, Wi-FI 7<\/span><\/strong><\/p>\n","protected":false},"featured_media":24438,"comment_status":"open","ping_status":"closed","template":"","meta":[],"product_brand":[],"product_cat":[308,345],"product_tag":[],"class_list":{"0":"post-24437","1":"product","2":"type-product","3":"status-publish","4":"has-post-thumbnail","6":"product_cat-cartes-meres","7":"product_cat-sur-commande","9":"first","10":"onbackorder","11":"sale","12":"shipping-taxable","13":"purchasable","14":"product-type-simple"},"aioseo_notices":[],"jetpack_sharing_enabled":true,"_links":{"self":[{"href":"https:\/\/tekelec.ma\/index.php\/wp-json\/wp\/v2\/product\/24437","targetHints":{"allow":["GET"]}}],"collection":[{"href":"https:\/\/tekelec.ma\/index.php\/wp-json\/wp\/v2\/product"}],"about":[{"href":"https:\/\/tekelec.ma\/index.php\/wp-json\/wp\/v2\/types\/product"}],"replies":[{"embeddable":true,"href":"https:\/\/tekelec.ma\/index.php\/wp-json\/wp\/v2\/comments?post=24437"}],"version-history":[{"count":1,"href":"https:\/\/tekelec.ma\/index.php\/wp-json\/wp\/v2\/product\/24437\/revisions"}],"predecessor-version":[{"id":24443,"href":"https:\/\/tekelec.ma\/index.php\/wp-json\/wp\/v2\/product\/24437\/revisions\/24443"}],"wp:featuredmedia":[{"embeddable":true,"href":"https:\/\/tekelec.ma\/index.php\/wp-json\/wp\/v2\/media\/24438"}],"wp:attachment":[{"href":"https:\/\/tekelec.ma\/index.php\/wp-json\/wp\/v2\/media?parent=24437"}],"wp:term":[{"taxonomy":"product_brand","embeddable":true,"href":"https:\/\/tekelec.ma\/index.php\/wp-json\/wp\/v2\/product_brand?post=24437"},{"taxonomy":"product_cat","embeddable":true,"href":"https:\/\/tekelec.ma\/index.php\/wp-json\/wp\/v2\/product_cat?post=24437"},{"taxonomy":"product_tag","embeddable":true,"href":"https:\/\/tekelec.ma\/index.php\/wp-json\/wp\/v2\/product_tag?post=24437"}],"curies":[{"name":"wp","href":"https:\/\/api.w.org\/{rel}","templated":true}]}}