{"id":24583,"date":"2025-07-30T13:20:40","date_gmt":"2025-07-30T11:20:40","guid":{"rendered":"https:\/\/tekelec.ma\/?post_type=product&#038;p=24583"},"modified":"2025-07-30T19:35:57","modified_gmt":"2025-07-30T17:35:57","slug":"24583","status":"publish","type":"product","link":"https:\/\/tekelec.ma\/index.php\/product\/24583\/","title":{"rendered":"Amd ASRock Radeon Steel Legend Dark 3Fan RX 9070XT 16GB"},"content":{"rendered":"<p>ASRock AMD Radeon RX 9070 XT Steel Legend Dark 16GB<\/p>\n<ul>\n<li>Architecture\u00a0<strong>AMD RDNA 4\u00a0<\/strong>avec\u00a0<strong>ray tracing<\/strong>\u00a0mat\u00e9riel de 3\u00e8me g\u00e9n\u00e9ration et\u00a0<strong>IA\u00a0<\/strong>de 2nd g\u00e9n\u00e9ration<\/li>\n<li>Technologie\u00a0<strong>AMD Radeon Anti-Lag 2<\/strong>\u00a0pour des jeux fluides et sans latences<\/li>\n<li><strong>3 ventilateurs Striped Ring Fan<\/strong><\/li>\n<li><strong>Dissipateur aluminium<\/strong>\u00a0et\u00a0<strong>base cuivre<\/strong><\/li>\n<li><strong>Fonctionnement silencieux avec coupure des ventilateurs<\/strong>\u00a0lorsque la temp\u00e9rature du GPU est basse<\/li>\n<li><strong>LED ARGB<\/strong>\u00a0Polychrome Sync (avec switch On\/Off)<\/li>\n<li><strong>Backplate m\u00e9tal<\/strong>\u00a0pour rigidifier la carte et \u00e9viter les torsions<\/li>\n<\/ul>\n<p>Gaming Ultra-rapideLes cartes graphiques\u00a0<strong>AMD Radeon RX 9000\u00a0<\/strong>combinent rapidit\u00e9, performances et graphismes exceptionnels pour garantir des jeux fluides et une exp\u00e9rience gaming immersive. Les\u00a0<strong>cartes graphiques ultra-rapides Radeon RX S\u00e9rie 9000\u00a0<\/strong>sont bas\u00e9es sur des\u00a0<strong>unit\u00e9s de calcul AMD RDNA 4 unifi\u00e9es<\/strong>, dot\u00e9es de\u00a0<strong>capacit\u00e9s de raytracing am\u00e9lior\u00e9es<\/strong>, qui offrent une exp\u00e9rience ultra-immersive pour toutes les r\u00e9solutions de jeu principales. Activez\u00a0<strong>AMD HYPR-RX\u00a0<\/strong>pour profiter instantan\u00e9ment de toutes les technologies prises en charge pour l&rsquo;optimisation des performances et la r\u00e9duction de la latence sur des milliers de jeux que vous adorez. Profitez d&rsquo;un\u00a0<strong>upscaling de haute qualit\u00e9 et bas\u00e9 sur l&rsquo;IA\u00a0<\/strong>avec\u00a0<strong>AMD FidelityFX Super Resolution 4<\/strong>, pour un gaming immersif aujourd&rsquo;hui et pendant longtemps.<br \/>\n<img fetchpriority=\"high\" decoding=\"async\" class=\"\" src=\"https:\/\/static-pepper.dealabs.com\/threads\/raw\/RmCaE\/3109661_1\/fs\/895x577\/qt\/65\/3109661_1.jpg\" alt=\"3109661_1.jpg\" width=\"592\" height=\"370\" data-image=\"3109661-RmCaE\" data-height=\"500\" data-width=\"800\" \/><\/p>\n<p><img decoding=\"async\" class=\"\" src=\"https:\/\/static-pepper.dealabs.com\/threads\/raw\/THwX1\/3109661_1\/fs\/895x577\/qt\/65\/3109661_1.jpg\" alt=\"3109661_1.jpg\" width=\"589\" height=\"368\" data-image=\"3109661-THwX1\" data-height=\"500\" data-width=\"800\" \/><br \/>\nDes graphismes sublimesPlongez au c\u0153ur de l&rsquo;action en profitant des graphismes r\u00e9alistes qu&rsquo;offre le\u00a0<strong>raytracing de nouvelle g\u00e9n\u00e9ration<\/strong>. Jouez avec une clart\u00e9 parfaite en b\u00e9n\u00e9ficiant de l&rsquo;<strong>upscaling de qualit\u00e9 sup\u00e9rieure<\/strong>\u00a0et bas\u00e9 sur l&rsquo;IA qu&rsquo;offre AMD FidelityFX Super Resolution 4, ainsi que de la g\u00e9n\u00e9ration d&rsquo;images avanc\u00e9e pour les jeux pris en charge. Exprimez votre talent en haute r\u00e9solution avec les nouvelles fonctionnalit\u00e9s multim\u00e9dias et de streaming fournies par la technologie AMD Radiance Display Engine.<\/p>\n<p>Performances instantan\u00e9es<br \/>\nBoostez encore davantage les performances instantan\u00e9es de la carte graphique AMD Radeon avec la puissance exceptionnelle d&rsquo;<strong>AMD Software<\/strong>. Activez\u00a0<strong>AMD HYPR-RX<\/strong>\u00a0en un seul clic pour exploiter tout le potentiel de votre GPU Radeon, en tirant parti des avantages multiples des technologies\u00a0<strong>AMD Radeon Super Resolution<\/strong>,\u00a0<strong>AMD Fluid Motion Frames<\/strong>,\u00a0<strong>AMD Radeon Anti-Lag<\/strong>\u00a0et\u00a0<strong>AMD Radeon Boost<\/strong>. Gr\u00e2ce \u00e0 des pilotes fiables et \u00e0 la prise en charge des jeux d\u00e8s leur sortie, les optimisations in-game vous offrent imm\u00e9diatement des taux de rafra\u00eechissement d&rsquo;image \u00e9lev\u00e9s, des graphismes plus nets et une faible latence pour des exp\u00e9riences de jeu par milliers qui n&rsquo;attendent que vous.<\/p>\n","protected":false},"excerpt":{"rendered":"<p>ASRock Vitesse. Performances. Fluidit\u00e9. Jouez chaque coup \u00e0 fond et prenez un avantage d\u00e9terminant sur vos adversaires avec la\u00a0<strong>carte graphique ASRock AMD Radeon RX 9070 XT Steel Legend Dark 16GB<\/strong>. Bas\u00e9es sur la\u00a0<strong>nouvelle architecture AMD RDNA 4<\/strong>\u00a0qui<strong>\u00a0int\u00e8gre l&rsquo;IA<\/strong>\u00a0et par\u00e9es des<strong>\u00a0technologies de pointe<\/strong>, les\u00a0<strong>cartes graphiques gaming AMD Radeon S\u00e9ries 9000<\/strong>\u00a0vous offrent<strong>\u00a0la vitesse et les performances\u00a0<\/strong>dont vous avez besoin pour\u00a0<strong>jouer en haute r\u00e9solution de mani\u00e8re ultra-fluide<\/strong>.<\/p>\n","protected":false},"featured_media":24588,"comment_status":"open","ping_status":"closed","template":"","meta":[],"product_brand":[325],"product_cat":[310,345],"product_tag":[],"class_list":{"0":"post-24583","1":"product","2":"type-product","3":"status-publish","4":"has-post-thumbnail","6":"product_brand-amd","7":"product_cat-cartes-graphiques","8":"product_cat-sur-commande","10":"first","11":"onbackorder","12":"shipping-taxable","13":"purchasable","14":"product-type-simple"},"aioseo_notices":[],"jetpack_sharing_enabled":true,"_links":{"self":[{"href":"https:\/\/tekelec.ma\/index.php\/wp-json\/wp\/v2\/product\/24583","targetHints":{"allow":["GET"]}}],"collection":[{"href":"https:\/\/tekelec.ma\/index.php\/wp-json\/wp\/v2\/product"}],"about":[{"href":"https:\/\/tekelec.ma\/index.php\/wp-json\/wp\/v2\/types\/product"}],"replies":[{"embeddable":true,"href":"https:\/\/tekelec.ma\/index.php\/wp-json\/wp\/v2\/comments?post=24583"}],"version-history":[{"count":3,"href":"https:\/\/tekelec.ma\/index.php\/wp-json\/wp\/v2\/product\/24583\/revisions"}],"predecessor-version":[{"id":24587,"href":"https:\/\/tekelec.ma\/index.php\/wp-json\/wp\/v2\/product\/24583\/revisions\/24587"}],"wp:featuredmedia":[{"embeddable":true,"href":"https:\/\/tekelec.ma\/index.php\/wp-json\/wp\/v2\/media\/24588"}],"wp:attachment":[{"href":"https:\/\/tekelec.ma\/index.php\/wp-json\/wp\/v2\/media?parent=24583"}],"wp:term":[{"taxonomy":"product_brand","embeddable":true,"href":"https:\/\/tekelec.ma\/index.php\/wp-json\/wp\/v2\/product_brand?post=24583"},{"taxonomy":"product_cat","embeddable":true,"href":"https:\/\/tekelec.ma\/index.php\/wp-json\/wp\/v2\/product_cat?post=24583"},{"taxonomy":"product_tag","embeddable":true,"href":"https:\/\/tekelec.ma\/index.php\/wp-json\/wp\/v2\/product_tag?post=24583"}],"curies":[{"name":"wp","href":"https:\/\/api.w.org\/{rel}","templated":true}]}}