{"id":24589,"date":"2025-07-30T14:32:05","date_gmt":"2025-07-30T12:32:05","guid":{"rendered":"https:\/\/tekelec.ma\/?post_type=product&#038;p=24589"},"modified":"2025-07-30T19:35:56","modified_gmt":"2025-07-30T17:35:56","slug":"asus-nvidia-geforce-rtx-5070-12gb-oc-dual","status":"publish","type":"product","link":"https:\/\/tekelec.ma\/index.php\/product\/asus-nvidia-geforce-rtx-5070-12gb-oc-dual\/","title":{"rendered":"ASUS Nvidia GeForce RTX 5070 12GB OC Dual"},"content":{"rendered":"<h5 data-start=\"44\" data-end=\"70\">\ud83e\udde0 Architecture &amp; GPU<\/h5>\n<ul data-start=\"71\" data-end=\"310\">\n<li data-start=\"71\" data-end=\"150\">\n<p data-start=\"73\" data-end=\"150\"><span class=\"relative -mx-px my-[-0.2rem] rounded px-px py-[0.2rem] transition-colors duration-100 ease-in-out\"><strong data-start=\"0\" data-end=\"7\" data-is-only-node=\"\">GPU<\/strong> : NVIDIA GeForce RTX\u202f5070 (architecture <strong data-start=\"48\" data-end=\"61\">Blackwell<\/strong>, gravure 4N FinFET)<\/span><\/p>\n<\/li>\n<li data-start=\"151\" data-end=\"230\">\n<p data-start=\"153\" data-end=\"230\"><span class=\"relative -mx-px my-[-0.2rem] rounded px-px py-[0.2rem] transition-colors duration-100 ease-in-out\"><strong data-start=\"0\" data-end=\"14\" data-is-only-node=\"\">CUDA Cores<\/strong> : 6\u202f144<\/span> <span class=\"\" data-state=\"closed\"><span class=\"ms-1 inline-flex max-w-full items-center relative top-[-0.094rem] animate-[show_150ms_ease-in]\"><span class=\"relative start-0 bottom-0 flex h-full w-full items-center\"><span class=\"flex h-4 w-full items-center justify-between overflow-hidden\"><span class=\"max-w-full grow truncate overflow-hidden text-center\">ASUS Global<\/span><\/span><\/span><\/span><\/span><\/p>\n<\/li>\n<li data-start=\"231\" data-end=\"310\">\n<p data-start=\"233\" data-end=\"310\"><span class=\"relative -mx-px my-[-0.2rem] rounded px-px py-[0.2rem] transition-colors duration-100 ease-in-out\"><strong data-start=\"0\" data-end=\"19\" data-is-only-node=\"\">Performances IA<\/strong> : ~\u202f1\u202f000 TOPS avec Tensor Cores 5\u1d49 g\u00e9n\u00e9ration (support FP4 \/ DLSS 4 avec Multi Frame Generation)<\/span><\/p>\n<\/li>\n<\/ul>\n<hr data-start=\"312\" data-end=\"315\" \/>\n<h5 data-start=\"317\" data-end=\"345\">\u2699\ufe0f Fr\u00e9quences &amp; M\u00e9moire<\/h5>\n<ul data-start=\"346\" data-end=\"507\">\n<li data-start=\"346\" data-end=\"425\">\n<p data-start=\"348\" data-end=\"425\"><span class=\"relative -mx-px my-[-0.2rem] rounded px-px py-[0.2rem] transition-colors duration-100 ease-in-out\"><strong data-start=\"0\" data-end=\"25\" data-is-only-node=\"\">Boost Clock (OC mode)<\/strong> : jusqu\u2019\u00e0 <strong data-start=\"36\" data-end=\"49\">2\u202f572\u202fMHz<\/strong> (2\u202f542\u202fMHz en mode standard)<\/span><\/p>\n<\/li>\n<li data-start=\"426\" data-end=\"507\">\n<p data-start=\"428\" data-end=\"507\"><span class=\"relative -mx-px my-[-0.2rem] rounded px-px py-[0.2rem] transition-colors duration-100 ease-in-out\"><strong data-start=\"0\" data-end=\"11\" data-is-only-node=\"\">M\u00e9moire<\/strong> : 12\u202fGo <strong data-start=\"20\" data-end=\"29\">GDDR7<\/strong>, interface <strong data-start=\"41\" data-end=\"52\">192-bit<\/strong>, fr\u00e9quence effective de <strong data-start=\"77\" data-end=\"88\">28\u202fGbps<\/strong> \u2192 bande passante m\u00e9moire ~672\u202fGo\/s<\/span><\/p>\n<\/li>\n<\/ul>\n<hr data-start=\"509\" data-end=\"512\" \/>\n<h5 data-start=\"514\" data-end=\"546\">\ud83e\uddca Refroidissement &amp; Design<\/h5>\n<ul data-start=\"547\" data-end=\"798\">\n<li data-start=\"547\" data-end=\"630\">\n<p data-start=\"549\" data-end=\"630\"><span class=\"relative -mx-px my-[-0.2rem] rounded px-px py-[0.2rem] transition-colors duration-100 ease-in-out\"><strong data-start=\"0\" data-end=\"15\" data-is-only-node=\"\">Ventilation<\/strong> : 2 x ventilateurs <strong data-start=\"35\" data-end=\"49\">Axial-tech<\/strong>, double roulements \u00e0 billes, longue dur\u00e9e de vie.<\/span><\/p>\n<\/li>\n<li data-start=\"631\" data-end=\"714\">\n<p data-start=\"633\" data-end=\"714\"><span class=\"relative -mx-px my-[-0.2rem] rounded px-px py-[0.2rem] transition-colors duration-100 ease-in-out\"><strong data-start=\"0\" data-end=\"18\" data-is-only-node=\"\">Profil Compact<\/strong> : design <strong data-start=\"28\" data-end=\"40\">dual-fan<\/strong>, format <strong data-start=\"49\" data-end=\"62\">2,5 slots<\/strong>, dimensions <strong data-start=\"75\" data-end=\"99\">~249 \u00d7 126 \u00d7 50,6\u202fmm<\/strong> ideal pour bo\u00eetiers SFF.<\/span><\/p>\n<\/li>\n<li data-start=\"715\" data-end=\"798\">\n<p data-start=\"717\" data-end=\"798\"><span class=\"relative -mx-px my-[-0.2rem] rounded px-px py-[0.2rem] transition-colors duration-100 ease-in-out\"><strong data-start=\"0\" data-end=\"21\" data-is-only-node=\"\">Backplate ventil\u00e9<\/strong>, structure anti-flexion avec Dual BIOS (mode Performance ou Silence).<\/span><\/p>\n<\/li>\n<\/ul>\n<hr data-start=\"800\" data-end=\"803\" \/>\n<h5 data-start=\"805\" data-end=\"840\">\ud83d\udd0c Connectivit\u00e9 &amp; Alimentation<\/h5>\n<ul data-start=\"841\" data-end=\"1052\">\n<li data-start=\"841\" data-end=\"924\">\n<p data-start=\"843\" data-end=\"924\"><span class=\"relative -mx-px my-[-0.2rem] rounded px-px py-[0.2rem] transition-colors duration-100 ease-in-out\"><strong data-start=\"0\" data-end=\"21\" data-is-only-node=\"\">Connectique vid\u00e9o<\/strong> : 1 x HDMI\u202f2.1b, 3 x DisplayPort\u202f2.1b (support jusqu\u2019\u00e0 4 \u00e9crans, r\u00e9solution max 7680\u00d74320).<\/span><\/p>\n<\/li>\n<li data-start=\"925\" data-end=\"968\">\n<p data-start=\"927\" data-end=\"968\"><span class=\"relative -mx-px my-[-0.2rem] rounded px-px py-[0.2rem] transition-colors duration-100 ease-in-out\"><strong data-start=\"0\" data-end=\"29\" data-is-only-node=\"\">Connecteur d\u2019alimentation<\/strong> : 1 x connecteur 16\u2011pin (PCIe 5.0 \/ GC\u2011HPWR).<\/span><\/p>\n<\/li>\n<li data-start=\"969\" data-end=\"1052\">\n<p data-start=\"971\" data-end=\"1052\"><span class=\"relative -mx-px my-[-0.2rem] rounded px-px py-[0.2rem] transition-colors duration-100 ease-in-out\"><strong data-start=\"0\" data-end=\"18\" data-is-only-node=\"\">PSU recommand\u00e9<\/strong> : <strong data-start=\"21\" data-end=\"30\">750\u202fW<\/strong> minimum pour syst\u00e8me CPU+GPU overclock\u00e9.<\/span><\/p>\n<\/li>\n<\/ul>\n<hr data-start=\"1054\" data-end=\"1057\" \/>\n<h5 data-start=\"1059\" data-end=\"1095\">\ud83d\udca1 Technologies &amp; Compatibilit\u00e9<\/h5>\n<ul data-start=\"1096\" data-end=\"1475\">\n<li data-start=\"1096\" data-end=\"1179\">\n<p data-start=\"1098\" data-end=\"1179\"><span class=\"relative -mx-px my-[-0.2rem] rounded px-px py-[0.2rem] transition-colors duration-100 ease-in-out\"><strong data-start=\"0\" data-end=\"15\" data-is-only-node=\"\">Support API<\/strong> : DirectX\u202f12 Ultimate, OpenGL\u202f4.6, Vulkan, OpenCL, CUDA\u202f12.x.<\/span><\/p>\n<\/li>\n<li data-start=\"1180\" data-end=\"1223\">\n<p data-start=\"1182\" data-end=\"1223\"><span class=\"relative -mx-px my-[-0.2rem] rounded px-px py-[0.2rem] transition-colors duration-100 ease-in-out\"><strong data-start=\"0\" data-end=\"15\" data-is-only-node=\"\">Ray Tracing<\/strong> : RT Cores 4\u1d49 g\u00e9n\u00e9ration<\/span><\/p>\n<\/li>\n<li data-start=\"1224\" data-end=\"1307\">\n<p data-start=\"1226\" data-end=\"1307\"><span class=\"relative -mx-px my-[-0.2rem] rounded px-px py-[0.2rem] transition-colors duration-100 ease-in-out\"><strong data-start=\"0\" data-end=\"44\" data-is-only-node=\"\">DLSS 4 avec Multi Frame Generation (MFG)<\/strong> : pour un gain de FPS significatif via interpolations d\u2019images g\u00e9n\u00e9r\u00e9es par IA.<\/span><\/p>\n<\/li>\n<li data-start=\"1308\" data-end=\"1391\">\n<p data-start=\"1310\" data-end=\"1391\"><span class=\"relative -mx-px my-[-0.2rem] rounded px-px py-[0.2rem] transition-colors duration-100 ease-in-out\"><strong data-start=\"0\" data-end=\"32\" data-is-only-node=\"\">NVIDIA Reflex 2 (Frame Warp)<\/strong> : latence ultra\u2011r\u00e9duite pour gamers comp\u00e9titifs.<\/span><\/p>\n<\/li>\n<li data-start=\"1392\" data-end=\"1475\">\n<p data-start=\"1394\" data-end=\"1475\"><span class=\"relative -mx-px my-[-0.2rem] rounded px-px py-[0.2rem] transition-colors duration-100 ease-in-out\"><strong data-start=\"0\" data-end=\"24\" data-is-only-node=\"\">Streaming &amp; Cr\u00e9ation<\/strong> : encodeur NVENC 9\u1d49 g\u00e9n\u00e9ration, NVIDIA Studio, NVIDIA Broadcast, G\u2011SYNC, application <strong data-start=\"110\" data-end=\"122\">MuseTree<\/strong> pour g\u00e9n\u00e9ration d\u2019images AI locale.<\/span><\/p>\n<\/li>\n<\/ul>\n<hr data-start=\"1477\" data-end=\"1480\" \/>\n<h5 data-start=\"1482\" data-end=\"1511\">\ud83d\udcca R\u00e9capitulatif technique<\/h5>\n<div class=\"_tableContainer_16hzy_1\">\n<div class=\"_tableWrapper_16hzy_14 group flex w-fit flex-col-reverse\" tabindex=\"-1\">\n<table class=\"w-fit min-w-(--thread-content-width)\" data-start=\"1513\" data-end=\"2315\">\n<thead data-start=\"1513\" data-end=\"1586\">\n<tr data-start=\"1513\" data-end=\"1586\">\n<th data-start=\"1513\" data-end=\"1540\" data-col-size=\"sm\">Caract\u00e9ristique<\/th>\n<th data-start=\"1540\" data-end=\"1586\" data-col-size=\"sm\">D\u00e9tail<\/th>\n<\/tr>\n<\/thead>\n<tbody data-start=\"1661\" data-end=\"2315\">\n<tr data-start=\"1661\" data-end=\"1733\">\n<td data-start=\"1661\" data-end=\"1688\" data-col-size=\"sm\"><strong data-start=\"1663\" data-end=\"1670\">GPU<\/strong><\/td>\n<td data-start=\"1688\" data-end=\"1733\" data-col-size=\"sm\"><span class=\"relative -mx-px my-[-0.2rem] rounded px-px py-[0.2rem] transition-colors duration-100 ease-in-out\">RTX\u202f5070 (Blackwell) \u2013\u202f6\u202f144 CUDA Cores<\/span><\/td>\n<\/tr>\n<tr data-start=\"1734\" data-end=\"1846\">\n<td data-start=\"1734\" data-end=\"1778\" data-col-size=\"sm\"><span class=\"relative -mx-px my-[-0.2rem] rounded px-px py-[0.2rem] transition-colors duration-100 ease-in-out\"><strong data-start=\"0\" data-end=\"22\" data-is-last-node=\"\" data-is-only-node=\"\">Horloge Boost (OC)<\/strong><\/span><\/td>\n<td data-start=\"1778\" data-end=\"1846\" data-col-size=\"sm\"><span class=\"relative -mx-px my-[-0.2rem] rounded px-px py-[0.2rem] transition-colors duration-100 ease-in-out\">Jusqu\u2019\u00e0 2\u202f572\u202fMHz<\/span><\/td>\n<\/tr>\n<tr data-start=\"1847\" data-end=\"1927\">\n<td data-start=\"1847\" data-end=\"1874\" data-col-size=\"sm\"><strong data-start=\"1849\" data-end=\"1860\">M\u00e9moire<\/strong><\/td>\n<td data-start=\"1874\" data-end=\"1927\" data-col-size=\"sm\"><span class=\"relative -mx-px my-[-0.2rem] rounded px-px py-[0.2rem] transition-colors duration-100 ease-in-out\">12\u202fGo GDDR7 \u2013 192\u2011bit \u2013 672\u202fGo\/s<\/span><\/td>\n<\/tr>\n<tr data-start=\"1928\" data-end=\"1998\">\n<td data-start=\"1928\" data-end=\"1955\" data-col-size=\"sm\"><strong data-start=\"1930\" data-end=\"1949\">Refroidissement<\/strong><\/td>\n<td data-start=\"1955\" data-end=\"1998\" data-col-size=\"sm\"><span class=\"relative -mx-px my-[-0.2rem] rounded px-px py-[0.2rem] transition-colors duration-100 ease-in-out\">2 ventilateurs Axial-tech, dual\u2011ball, dual\u2011BIOS<\/span><\/td>\n<\/tr>\n<tr data-start=\"1999\" data-end=\"2079\">\n<td data-start=\"1999\" data-end=\"2026\" data-col-size=\"sm\"><strong data-start=\"2001\" data-end=\"2022\">Dimensions \/ Slot<\/strong><\/td>\n<td data-start=\"2026\" data-end=\"2079\" data-col-size=\"sm\"><span class=\"relative -mx-px my-[-0.2rem] rounded px-px py-[0.2rem] transition-colors duration-100 ease-in-out\">~249 \u00d7 126 \u00d7 50,6\u202fmm \/ 2,5 slots<\/span><\/td>\n<\/tr>\n<tr data-start=\"2080\" data-end=\"2166\">\n<td data-start=\"2080\" data-end=\"2107\" data-col-size=\"sm\"><strong data-start=\"2082\" data-end=\"2103\">Connecteurs vid\u00e9o<\/strong><\/td>\n<td data-start=\"2107\" data-end=\"2166\" data-col-size=\"sm\"><span class=\"relative -mx-px my-[-0.2rem] rounded px-px py-[0.2rem] transition-colors duration-100 ease-in-out\">1 \u00d7 HDMI\u202f2.1b, 3 \u00d7 DP\u202f2.1b<\/span><\/td>\n<\/tr>\n<tr data-start=\"2167\" data-end=\"2244\">\n<td data-start=\"2167\" data-end=\"2194\" data-col-size=\"sm\"><strong data-start=\"2169\" data-end=\"2189\">Alimentation PSU<\/strong><\/td>\n<td data-start=\"2194\" data-end=\"2244\" data-col-size=\"sm\"><span class=\"relative -mx-px my-[-0.2rem] rounded px-px py-[0.2rem] transition-colors duration-100 ease-in-out\">750\u202fW recommand\u00e9, connecteur 16\u2011pin<\/span><\/td>\n<\/tr>\n<tr data-start=\"2245\" data-end=\"2315\">\n<td data-start=\"2245\" data-end=\"2272\" data-col-size=\"sm\"><strong data-start=\"2247\" data-end=\"2263\">Technologies<\/strong><\/td>\n<td data-start=\"2272\" data-end=\"2315\" data-col-size=\"sm\"><span class=\"relative -mx-px my-[-0.2rem] rounded px-px py-[0.2rem] transition-colors duration-100 ease-in-out\">DLSS\u202f4 (MFG), Reflex\u202f2, RT 4\u1d49 gen, AI, NVENC<\/span><\/td>\n<\/tr>\n<\/tbody>\n<\/table>\n<div class=\"sticky end-(--thread-content-margin) h-0 self-end select-none\">\n<div class=\"absolute end-0 flex items-end\"><\/div>\n<\/div>\n<\/div>\n<\/div>\n<hr data-start=\"2317\" data-end=\"2320\" \/>\n<h5 data-start=\"2322\" data-end=\"2345\">\ud83c\udfaf Usage conseill\u00e9<\/h5>\n<ul data-start=\"2346\" data-end=\"2521\">\n<li data-start=\"2346\" data-end=\"2389\">\n<p data-start=\"2348\" data-end=\"2389\"><span class=\"relative -mx-px my-[-0.2rem] rounded px-px py-[0.2rem] transition-colors duration-100 ease-in-out\"><strong data-start=\"0\" data-end=\"24\" data-is-only-node=\"\">Gaming 1440p \u00e0 Ultra<\/strong> : performante gr\u00e2ce \u00e0 DLSS 4 et Boost \u00e9lev\u00e9<\/span><\/p>\n<\/li>\n<li data-start=\"2390\" data-end=\"2433\">\n<p data-start=\"2392\" data-end=\"2433\"><span class=\"relative -mx-px my-[-0.2rem] rounded px-px py-[0.2rem] transition-colors duration-100 ease-in-out\"><strong data-start=\"0\" data-end=\"24\" data-is-only-node=\"\">4K avec upscaling AI<\/strong> : viable, surtout avec DLSS MFG actif<\/span><\/p>\n<\/li>\n<li data-start=\"2434\" data-end=\"2477\">\n<p data-start=\"2436\" data-end=\"2477\"><span class=\"relative -mx-px my-[-0.2rem] rounded px-px py-[0.2rem] transition-colors duration-100 ease-in-out\"><strong data-start=\"0\" data-end=\"36\" data-is-only-node=\"\">Cr\u00e9ation de contenus \/ streaming<\/strong> : encodeur NVENC neuvi\u00e8me g\u00e9n\u00e9ration + Studio &amp; Broadcast<\/span><\/p>\n<\/li>\n<li data-start=\"2478\" data-end=\"2521\">\n<p data-start=\"2480\" data-end=\"2521\"><span class=\"relative -mx-px my-[-0.2rem] rounded px-px py-[0.2rem] transition-colors duration-100 ease-in-out\"><strong data-start=\"0\" data-end=\"27\" data-is-only-node=\"\">Syst\u00e8mes compacts \/ SFF<\/strong> : format dual\u2011fan et dimensions r\u00e9duites id\u00e9aux<\/span><\/p>\n<\/li>\n<\/ul>\n","protected":false},"excerpt":{"rendered":"<p class=\"yVWuFvz6 yVWuFvz7 yVWuFvz9\">La ASUS DUAL-RTX5070-O12G-GAMING est une carte graphique puissante, bas\u00e9e sur l&rsquo;architecture NVIDIA Blackwell et \u00e9quip\u00e9e de 12 Go de m\u00e9moire GDDR7. Elle offre des performances d&rsquo;IA impressionnantes de 1000 TOPS et prend en charge la derni\u00e8re technologie DLSS 4, garantissant des graphismes fluides et r\u00e9alistes. Avec un mode OC atteignant une fr\u00e9quence de 2572 MHz, cette carte graphique est id\u00e9ale pour les passionn\u00e9s de jeux \u00e0 la recherche de haute performance et d&rsquo;efficacit\u00e9. Le design innovant des ventilateurs Axial-Tech assure un refroidissement am\u00e9lior\u00e9 et un flux d&rsquo;air optimis\u00e9, tandis que la technologie 0dB permet de profiter de jeux l\u00e9gers presque silencieusement. La fonction Dual BIOS offre la flexibilit\u00e9 de passer d&rsquo;un mode de fonctionnement silencieux \u00e0 un mode performant, facilitant ainsi l&rsquo;adaptation \u00e0 diff\u00e9rents sc\u00e9narios d&rsquo;utilisation.<\/p>\n<ul class=\"yVWuFvzD\">\n<li class=\"yVWuFvzE yVWuFvzF yVWuFvzG\">Performance d&rsquo;IA de 1000 TOPS pour une exp\u00e9rience de jeu am\u00e9lior\u00e9e<\/li>\n<li class=\"yVWuFvzE yVWuFvzF yVWuFvzG\">Mode OC jusqu&rsquo;\u00e0 2572 MHz pour des performances maximales<\/li>\n<li class=\"yVWuFvzE yVWuFvzF yVWuFvzG\">Design de ventilateur Axial-Tech pour un refroidissement et un flux d&rsquo;air optimis\u00e9s<\/li>\n<li class=\"yVWuFvzE yVWuFvzF yVWuFvzG\">Technologie 0dB pour un jeu silencieux lors d&rsquo;applications l\u00e9g\u00e8res<\/li>\n<li class=\"yVWuFvzE yVWuFvzF yVWuFvzG\">Dual BIOS pour une adaptation flexible entre modes silencieux et performants.<\/li>\n<\/ul>\n","protected":false},"featured_media":24596,"comment_status":"open","ping_status":"closed","template":"","meta":[],"product_brand":[331],"product_cat":[310,345],"product_tag":[],"class_list":{"0":"post-24589","1":"product","2":"type-product","3":"status-publish","4":"has-post-thumbnail","6":"product_brand-nvidia","7":"product_cat-cartes-graphiques","8":"product_cat-sur-commande","10":"first","11":"onbackorder","12":"shipping-taxable","13":"purchasable","14":"product-type-simple"},"aioseo_notices":[],"jetpack_sharing_enabled":true,"_links":{"self":[{"href":"https:\/\/tekelec.ma\/index.php\/wp-json\/wp\/v2\/product\/24589","targetHints":{"allow":["GET"]}}],"collection":[{"href":"https:\/\/tekelec.ma\/index.php\/wp-json\/wp\/v2\/product"}],"about":[{"href":"https:\/\/tekelec.ma\/index.php\/wp-json\/wp\/v2\/types\/product"}],"replies":[{"embeddable":true,"href":"https:\/\/tekelec.ma\/index.php\/wp-json\/wp\/v2\/comments?post=24589"}],"version-history":[{"count":3,"href":"https:\/\/tekelec.ma\/index.php\/wp-json\/wp\/v2\/product\/24589\/revisions"}],"predecessor-version":[{"id":24599,"href":"https:\/\/tekelec.ma\/index.php\/wp-json\/wp\/v2\/product\/24589\/revisions\/24599"}],"wp:featuredmedia":[{"embeddable":true,"href":"https:\/\/tekelec.ma\/index.php\/wp-json\/wp\/v2\/media\/24596"}],"wp:attachment":[{"href":"https:\/\/tekelec.ma\/index.php\/wp-json\/wp\/v2\/media?parent=24589"}],"wp:term":[{"taxonomy":"product_brand","embeddable":true,"href":"https:\/\/tekelec.ma\/index.php\/wp-json\/wp\/v2\/product_brand?post=24589"},{"taxonomy":"product_cat","embeddable":true,"href":"https:\/\/tekelec.ma\/index.php\/wp-json\/wp\/v2\/product_cat?post=24589"},{"taxonomy":"product_tag","embeddable":true,"href":"https:\/\/tekelec.ma\/index.php\/wp-json\/wp\/v2\/product_tag?post=24589"}],"curies":[{"name":"wp","href":"https:\/\/api.w.org\/{rel}","templated":true}]}}