{"id":24600,"date":"2025-07-30T15:04:27","date_gmt":"2025-07-30T13:04:27","guid":{"rendered":"https:\/\/tekelec.ma\/?post_type=product&#038;p=24600"},"modified":"2025-07-30T19:35:56","modified_gmt":"2025-07-30T17:35:56","slug":"nvidia-palit-geforce-rtx-5060-ti-infinity-3-16-go-gddr7","status":"publish","type":"product","link":"https:\/\/tekelec.ma\/index.php\/product\/nvidia-palit-geforce-rtx-5060-ti-infinity-3-16-go-gddr7\/","title":{"rendered":"NVIDIA Palit GeForce RTX 5060 TI Infinity 3 16 Go GDDR7"},"content":{"rendered":"<h5 data-start=\"44\" data-end=\"70\">\ud83e\udde0 Architecture &amp; GPU<\/h5>\n<ul data-start=\"71\" data-end=\"310\">\n<li data-start=\"71\" data-end=\"150\">\n<p data-start=\"73\" data-end=\"150\"><span class=\"relative -mx-px my-[-0.2rem] rounded px-px py-[0.2rem] transition-colors duration-100 ease-in-out\"><strong data-start=\"0\" data-end=\"7\" data-is-only-node=\"\">GPU<\/strong> : NVIDIA GeForce RTX\u202f5060\u202fTi (puce GB206\u2011300, architecture <strong data-start=\"67\" data-end=\"80\">Blackwell<\/strong>, grav\u00e9e en 4\u202fnm via le proc\u00e9d\u00e9 TSMC 4N\/N4P)<\/span><\/p>\n<\/li>\n<li data-start=\"151\" data-end=\"230\">\n<p data-start=\"153\" data-end=\"230\"><span class=\"relative -mx-px my-[-0.2rem] rounded px-px py-[0.2rem] transition-colors duration-100 ease-in-out\"><strong data-start=\"0\" data-end=\"14\" data-is-only-node=\"\">CUDA Cores<\/strong> : 4\u202f608, <strong data-start=\"24\" data-end=\"36\">RT Cores<\/strong> : 36, <strong data-start=\"43\" data-end=\"59\">Tensor Cores<\/strong> : 144<\/span><\/p>\n<\/li>\n<li data-start=\"231\" data-end=\"310\">\n<p data-start=\"233\" data-end=\"310\"><span class=\"relative -mx-px my-[-0.2rem] rounded px-px py-[0.2rem] transition-colors duration-100 ease-in-out\"><strong data-start=\"0\" data-end=\"12\" data-is-only-node=\"\">Cache L2<\/strong> : 32\u202fMo<\/span><\/p>\n<\/li>\n<\/ul>\n<hr data-start=\"312\" data-end=\"315\" \/>\n<h5 data-start=\"317\" data-end=\"345\">\u2699\ufe0f Fr\u00e9quences &amp; M\u00e9moire<\/h5>\n<ul data-start=\"346\" data-end=\"507\">\n<li data-start=\"346\" data-end=\"425\">\n<p data-start=\"348\" data-end=\"425\"><span class=\"relative -mx-px my-[-0.2rem] rounded px-px py-[0.2rem] transition-colors duration-100 ease-in-out\"><strong data-start=\"0\" data-end=\"14\" data-is-only-node=\"\">Clock base<\/strong> : environ 2\u202f407\u202fMHz, <strong data-start=\"36\" data-end=\"51\">Boost Clock<\/strong> : jusqu\u2019\u00e0 <strong data-start=\"62\" data-end=\"75\">2\u202f572\u202fMHz<\/strong> (r\u00e9f\u00e9rentiel constructeur)<\/span><\/p>\n<\/li>\n<li data-start=\"426\" data-end=\"507\">\n<p data-start=\"428\" data-end=\"507\"><span class=\"relative -mx-px my-[-0.2rem] rounded px-px py-[0.2rem] transition-colors duration-100 ease-in-out\"><strong data-start=\"0\" data-end=\"11\" data-is-only-node=\"\">M\u00e9moire<\/strong> : 16\u202fGo <strong data-start=\"20\" data-end=\"29\">GDDR7<\/strong> sur bus <strong data-start=\"38\" data-end=\"49\">128-bit<\/strong>, cadence effective <strong data-start=\"69\" data-end=\"80\">28\u202fGb\/s<\/strong> \u2192 bande passante de <strong data-start=\"101\" data-end=\"113\" data-is-last-node=\"\">448\u202fGo\/s<\/strong><\/span><\/p>\n<\/li>\n<\/ul>\n<hr data-start=\"509\" data-end=\"512\" \/>\n<h5 data-start=\"514\" data-end=\"546\">\ud83e\uddca Refroidissement &amp; Design<\/h5>\n<ul data-start=\"547\" data-end=\"798\">\n<li data-start=\"547\" data-end=\"630\">\n<p data-start=\"549\" data-end=\"630\"><span class=\"relative -mx-px my-[-0.2rem] rounded px-px py-[0.2rem] transition-colors duration-100 ease-in-out\"><strong data-start=\"0\" data-end=\"10\" data-is-only-node=\"\">Format<\/strong> : compacte, <strong data-start=\"23\" data-end=\"56\">Small Form Factor (SFF\u2011Ready)<\/strong>, triple-slot slim (~291 \u00d7 116 \u00d7 41\u202fmm)<\/span><\/p>\n<\/li>\n<li data-start=\"631\" data-end=\"714\">\n<p data-start=\"633\" data-end=\"714\"><span class=\"relative -mx-px my-[-0.2rem] rounded px-px py-[0.2rem] transition-colors duration-100 ease-in-out\"><strong data-start=\"0\" data-end=\"30\" data-is-only-node=\"\">Syst\u00e8me de refroidissement<\/strong> : car\u00e9nage avec <strong data-start=\"47\" data-end=\"74\">3 ventilateurs de 80\u202fmm<\/strong> \u00e0 9 pales, design sobre sans RGB, backplate en plastique pour rigidit\u00e9 sans d\u00e9gagement thermique actif.<\/span><\/p>\n<\/li>\n<li data-start=\"715\" data-end=\"798\">\n<p data-start=\"717\" data-end=\"798\"><span class=\"relative -mx-px my-[-0.2rem] rounded px-px py-[0.2rem] transition-colors duration-100 ease-in-out\"><strong data-start=\"0\" data-end=\"22\" data-is-only-node=\"\">Consommation (TGP)<\/strong> : ~\u202f180\u202fW, refroidissement passif efficace pour \u00e9viter le throttling, temp\u00e9ratures bien contr\u00f4l\u00e9es selon tests.<\/span><\/p>\n<\/li>\n<\/ul>\n<hr data-start=\"800\" data-end=\"803\" \/>\n<h5 data-start=\"805\" data-end=\"841\">\ud83d\udd0c Connectiques &amp; Alimentations<\/h5>\n<ul data-start=\"842\" data-end=\"1093\">\n<li data-start=\"842\" data-end=\"925\">\n<p data-start=\"844\" data-end=\"925\"><span class=\"relative -mx-px my-[-0.2rem] rounded px-px py-[0.2rem] transition-colors duration-100 ease-in-out\"><strong data-start=\"0\" data-end=\"16\" data-is-only-node=\"\">Alimentation<\/strong> : <strong data-start=\"19\" data-end=\"37\">1 x 8\u2011pin PCIe<\/strong>, sans adaptateur 16-pin fourni (150\u202fW via connecteur, 75\u202fW via slot PCIe)<\/span><\/p>\n<\/li>\n<li data-start=\"926\" data-end=\"1009\">\n<p data-start=\"928\" data-end=\"1009\"><span class=\"relative -mx-px my-[-0.2rem] rounded px-px py-[0.2rem] transition-colors duration-100 ease-in-out\"><strong data-start=\"0\" data-end=\"18\" data-is-only-node=\"\">PSU recommand\u00e9<\/strong> : <strong data-start=\"21\" data-end=\"32\" data-is-last-node=\"\">\u2265\u202f600\u202fW<\/strong><\/span> <span class=\"\" data-state=\"closed\"><span class=\"ms-1 inline-flex max-w-full items-center relative top-[-0.094rem] animate-[show_150ms_ease-in]\"><a class=\"flex h-4.5 overflow-hidden rounded-xl px-2 text-[9px] font-medium text-token-text-secondary! bg-[#F4F4F4]! dark:bg-[#303030]! transition-colors duration-150 ease-in-out\" href=\"https:\/\/computerpro.al\/product\/nvidia-geforce-rtx-5060-ti-16gb-gddr7-palit-infinity-3\/?utm_source=chatgpt.com\" target=\"_blank\" rel=\"noopener\"><span class=\"relative start-0 bottom-0 flex h-full w-full items-center\"><span class=\"flex h-4 w-full items-center justify-between overflow-hidden\"><span class=\"max-w-full grow truncate overflow-hidden text-center\">Computer PRO<\/span><\/span><\/span><\/a><\/span><\/span><span class=\"\" data-state=\"closed\"><span class=\"ms-1 inline-flex max-w-full items-center relative top-[-0.094rem] animate-[show_150ms_ease-in]\"><a class=\"flex h-4.5 overflow-hidden rounded-xl px-2 text-[9px] font-medium text-token-text-secondary! bg-[#F4F4F4]! dark:bg-[#303030]! transition-colors duration-150 ease-in-out\" href=\"https:\/\/en.overclocking.com\/review-palit-rtx-5060-ti-infinity-3-16-gb\/2\/?utm_source=chatgpt.com\" target=\"_blank\" rel=\"noopener\"><span class=\"relative start-0 bottom-0 flex h-full w-full items-center\"><span class=\"flex h-4 w-full items-center justify-between overflow-hidden\"><span class=\"max-w-full grow truncate overflow-hidden text-center\">en.overclocking.com<\/span><\/span><\/span><\/a><\/span><\/span><\/p>\n<\/li>\n<li data-start=\"1010\" data-end=\"1093\">\n<p data-start=\"1012\" data-end=\"1093\"><span class=\"relative -mx-px my-[-0.2rem] rounded px-px py-[0.2rem] transition-colors duration-100 ease-in-out\"><strong data-start=\"0\" data-end=\"17\" data-is-only-node=\"\">Sorties vid\u00e9o<\/strong> : 3 \u00d7 <strong data-start=\"24\" data-end=\"44\">DisplayPort\u202f2.1b<\/strong>, 1 \u00d7 <strong data-start=\"50\" data-end=\"63\">HDMI\u202f2.1b<\/strong> \u2014 support jusqu\u2019\u00e0 <strong data-start=\"82\" data-end=\"95\">8K @60\u202fHz<\/strong> via DSC, multi-\u00e9crans possibles (jusqu\u2019\u00e0 4)<\/span><\/p>\n<\/li>\n<\/ul>\n<hr data-start=\"1095\" data-end=\"1098\" \/>\n<h5 data-start=\"1100\" data-end=\"1136\">\ud83c\udf1f Technologies &amp; Compatibilit\u00e9<\/h5>\n<ul data-start=\"1137\" data-end=\"1472\">\n<li data-start=\"1137\" data-end=\"1220\">\n<p data-start=\"1139\" data-end=\"1220\"><span class=\"relative -mx-px my-[-0.2rem] rounded px-px py-[0.2rem] transition-colors duration-100 ease-in-out\"><strong data-start=\"0\" data-end=\"18\" data-is-only-node=\"\">API support\u00e9es<\/strong> : DirectX\u202f12 Ultimate, OpenGL\u202f4.6, Vulkan, OpenCL, CUDA.<\/span><\/p>\n<\/li>\n<li data-start=\"1221\" data-end=\"1304\">\n<p data-start=\"1223\" data-end=\"1304\"><span class=\"relative -mx-px my-[-0.2rem] rounded px-px py-[0.2rem] transition-colors duration-100 ease-in-out\"><strong data-start=\"0\" data-end=\"41\" data-is-only-node=\"\">DLSS\u202f4 &amp; Multi Frame Generation (MFG)<\/strong> : g\u00e9n\u00e9ration IA de frames pour booster les FPS, rendu fluide m\u00eame \u00e0 tr\u00e8s haute r\u00e9solution.<\/span><\/p>\n<\/li>\n<li data-start=\"1305\" data-end=\"1388\">\n<p data-start=\"1307\" data-end=\"1388\"><span class=\"relative -mx-px my-[-0.2rem] rounded px-px py-[0.2rem] transition-colors duration-100 ease-in-out\"><strong data-start=\"0\" data-end=\"24\" data-is-only-node=\"\">Ray Tracing mat\u00e9riel<\/strong> : RT\u2011Cores de 4\u1d49 g\u00e9n\u00e9ration pour rendu r\u00e9el\u2011temps.<\/span><\/p>\n<\/li>\n<li data-start=\"1389\" data-end=\"1472\">\n<p data-start=\"1391\" data-end=\"1472\"><span class=\"relative -mx-px my-[-0.2rem] rounded px-px py-[0.2rem] transition-colors duration-100 ease-in-out\"><strong data-start=\"0\" data-end=\"22\" data-is-only-node=\"\">NVENC Encodeur AV1<\/strong>, <strong data-start=\"24\" data-end=\"34\">G\u2011SYNC<\/strong>, <strong data-start=\"36\" data-end=\"53\">NVIDIA Reflex<\/strong>, <strong data-start=\"55\" data-end=\"75\">NVIDIA Broadcast<\/strong>, <strong data-start=\"77\" data-end=\"105\">Neural Rendering via AMP<\/strong> (AI Management Processor), etc&#8230;<\/span><\/p>\n<\/li>\n<\/ul>\n<hr data-start=\"1474\" data-end=\"1477\" \/>\n<h5 data-start=\"1479\" data-end=\"1517\">\ud83c\udfaf Performances &amp; Usage conseill\u00e9<\/h5>\n<ul data-start=\"1518\" data-end=\"1769\">\n<li data-start=\"1518\" data-end=\"1601\">\n<p data-start=\"1520\" data-end=\"1601\"><span class=\"relative -mx-px my-[-0.2rem] rounded px-px py-[0.2rem] transition-colors duration-100 ease-in-out\"><strong data-start=\"0\" data-end=\"27\" data-is-only-node=\"\">Jeux en 1080\u202fp \/ 1440\u202fp<\/strong> : excellentes performances, gain de ~20\u202f% sur RTX\u202f4060\u202fTi 8\u202fGo gr\u00e2ce \u00e0 DLSS\u202f4 et MFG.<\/span><\/p>\n<\/li>\n<li data-start=\"1602\" data-end=\"1685\">\n<p data-start=\"1604\" data-end=\"1685\"><span class=\"relative -mx-px my-[-0.2rem] rounded px-px py-[0.2rem] transition-colors duration-100 ease-in-out\"><strong data-start=\"0\" data-end=\"39\" data-is-only-node=\"\">RTX &amp; IA pour streaming ou cr\u00e9ation<\/strong> : encodeur AV1 derni\u00e8re g\u00e9n\u00e9ration + DLSS\u202f4 permettent un rendu fluide m\u00eame en multi\u2011t\u00e2ches.<\/span><\/p>\n<\/li>\n<li data-start=\"1686\" data-end=\"1769\">\n<p data-start=\"1688\" data-end=\"1769\"><span class=\"relative -mx-px my-[-0.2rem] rounded px-px py-[0.2rem] transition-colors duration-100 ease-in-out\"><strong data-start=\"0\" data-end=\"35\" data-is-only-node=\"\">Optimis\u00e9 pour bo\u00eetiers compacts<\/strong> : design \u00ab SFF\u2011Ready \u00bb, parfait pour configurations PC mini tour sans perte de performances.<\/span><\/p>\n<\/li>\n<\/ul>\n","protected":false},"excerpt":{"rendered":"<p class=\"thread-title\"><strong><span class=\"text--b size--all-xl size--fromW3-xxl\">Carte graphique nVidia Palit GeForce RTX 5060 TI Infinity 3 16 Go GDDR7<\/span><\/strong><\/p>\n<p class=\"thread-title\"><strong>PALIT<\/strong> Une nouvelle \u00e8re de puissance SFF : les configurations SFF <strong>Infinity Series 3<\/strong>\u00a0gagnent en popularit\u00e9 pour une bonne raison. Ils permettent d\u2019\u00e9conomiser de l\u2019espace, de r\u00e9duire l\u2019encombrement et d\u2019offrir une plus grande portabilit\u00e9. La s\u00e9rie Palit GeForce RTX\u2122 5060 Ti Infinity 3 est con\u00e7ue dans cet esprit : offrir la puissance d&rsquo;un GPU haut de gamme dans un format qui s&rsquo;int\u00e8gre dans un ch\u00e2ssis PC compact.<\/p>\n","protected":false},"featured_media":24601,"comment_status":"open","ping_status":"closed","template":"","meta":[],"product_brand":[331],"product_cat":[310,345],"product_tag":[],"class_list":{"0":"post-24600","1":"product","2":"type-product","3":"status-publish","4":"has-post-thumbnail","6":"product_brand-nvidia","7":"product_cat-cartes-graphiques","8":"product_cat-sur-commande","10":"first","11":"onbackorder","12":"shipping-taxable","13":"purchasable","14":"product-type-simple"},"aioseo_notices":[],"jetpack_sharing_enabled":true,"_links":{"self":[{"href":"https:\/\/tekelec.ma\/index.php\/wp-json\/wp\/v2\/product\/24600","targetHints":{"allow":["GET"]}}],"collection":[{"href":"https:\/\/tekelec.ma\/index.php\/wp-json\/wp\/v2\/product"}],"about":[{"href":"https:\/\/tekelec.ma\/index.php\/wp-json\/wp\/v2\/types\/product"}],"replies":[{"embeddable":true,"href":"https:\/\/tekelec.ma\/index.php\/wp-json\/wp\/v2\/comments?post=24600"}],"version-history":[{"count":2,"href":"https:\/\/tekelec.ma\/index.php\/wp-json\/wp\/v2\/product\/24600\/revisions"}],"predecessor-version":[{"id":24606,"href":"https:\/\/tekelec.ma\/index.php\/wp-json\/wp\/v2\/product\/24600\/revisions\/24606"}],"wp:featuredmedia":[{"embeddable":true,"href":"https:\/\/tekelec.ma\/index.php\/wp-json\/wp\/v2\/media\/24601"}],"wp:attachment":[{"href":"https:\/\/tekelec.ma\/index.php\/wp-json\/wp\/v2\/media?parent=24600"}],"wp:term":[{"taxonomy":"product_brand","embeddable":true,"href":"https:\/\/tekelec.ma\/index.php\/wp-json\/wp\/v2\/product_brand?post=24600"},{"taxonomy":"product_cat","embeddable":true,"href":"https:\/\/tekelec.ma\/index.php\/wp-json\/wp\/v2\/product_cat?post=24600"},{"taxonomy":"product_tag","embeddable":true,"href":"https:\/\/tekelec.ma\/index.php\/wp-json\/wp\/v2\/product_tag?post=24600"}],"curies":[{"name":"wp","href":"https:\/\/api.w.org\/{rel}","templated":true}]}}