{"id":24610,"date":"2025-07-30T16:13:29","date_gmt":"2025-07-30T14:13:29","guid":{"rendered":"https:\/\/tekelec.ma\/?post_type=product&#038;p=24610"},"modified":"2025-07-30T19:34:11","modified_gmt":"2025-07-30T17:34:11","slug":"msi-pro-b850m-p-matx","status":"publish","type":"product","link":"https:\/\/tekelec.ma\/index.php\/product\/msi-pro-b850m-p-matx\/","title":{"rendered":"MSI Pro B850M-P-MATX"},"content":{"rendered":"<h5 data-start=\"44\" data-end=\"66\">\ud83c\udf9b\ufe0f CPU &amp; Chipset<\/h5>\n<ul data-start=\"67\" data-end=\"186\">\n<li data-start=\"67\" data-end=\"108\">\n<p data-start=\"69\" data-end=\"108\"><span class=\"relative -mx-px my-[-0.2rem] rounded px-px py-[0.2rem] transition-colors duration-100 ease-in-out\"><strong data-start=\"0\" data-end=\"11\" data-is-only-node=\"\">Chipset<\/strong> : AMD B850, PCIe 5.0 ready<\/span><\/p>\n<\/li>\n<li data-start=\"109\" data-end=\"186\">\n<p data-start=\"111\" data-end=\"186\"><span class=\"relative -mx-px my-[-0.2rem] rounded px-px py-[0.2rem] transition-colors duration-100 ease-in-out\"><strong data-start=\"0\" data-end=\"10\" data-is-only-node=\"\">Socket<\/strong> : AM5 \u2014 compatible avec les processeurs <strong data-start=\"51\" data-end=\"90\" data-is-last-node=\"\">AMD Ryzen 7000 \/ 8000 \/ 9000 series<\/strong><\/span><\/p>\n<\/li>\n<\/ul>\n<hr data-start=\"188\" data-end=\"191\" \/>\n<h5 data-start=\"193\" data-end=\"228\">\ud83e\udde0 Alimentation &amp; Overclocking<\/h5>\n<ul data-start=\"229\" data-end=\"386\">\n<li data-start=\"229\" data-end=\"308\">\n<p data-start=\"231\" data-end=\"308\"><span class=\"relative -mx-px my-[-0.2rem] rounded px-px py-[0.2rem] transition-colors duration-100 ease-in-out\">VRM <strong data-start=\"4\" data-end=\"20\">7+2+1 phases<\/strong> en technologie digitale P\u2011PAK, avec Core Boost pour une alimentation CPU stable et performante<\/span><\/p>\n<\/li>\n<li data-start=\"309\" data-end=\"386\">\n<p data-start=\"311\" data-end=\"386\"><span class=\"relative -mx-px my-[-0.2rem] rounded px-px py-[0.2rem] transition-colors duration-100 ease-in-out\"><strong data-start=\"0\" data-end=\"17\" data-is-only-node=\"\">Memoire Boost<\/strong> et technologies EXPO \/ XMP support\u00e9es jusqu\u2019\u00e0 <strong data-start=\"64\" data-end=\"99\" data-is-last-node=\"\">DDR5 8200+ MT\/s en overclocking<\/strong><\/span><\/p>\n<\/li>\n<\/ul>\n<hr data-start=\"388\" data-end=\"391\" \/>\n<h5 data-start=\"393\" data-end=\"408\">\ud83e\uddf5 M\u00e9moire<\/h5>\n<ul data-start=\"409\" data-end=\"486\">\n<li data-start=\"409\" data-end=\"486\">\n<p data-start=\"411\" data-end=\"486\"><span class=\"relative -mx-px my-[-0.2rem] rounded px-px py-[0.2rem] transition-colors duration-100 ease-in-out\"><strong data-start=\"0\" data-end=\"22\" data-is-only-node=\"\">4 slots DDR5 UDIMM<\/strong> dual\u2011channel, jusqu\u2019\u00e0 <strong data-start=\"45\" data-end=\"59\">256\u202fGo max<\/strong>, support de DDR5 8200+ MT\/s OC<\/span><\/p>\n<\/li>\n<\/ul>\n<hr data-start=\"488\" data-end=\"491\" \/>\n<h5 data-start=\"493\" data-end=\"529\">\ud83d\udd0c Connectivit\u00e9 PCIe &amp; Stockage<\/h5>\n<ul data-start=\"530\" data-end=\"877\">\n<li data-start=\"530\" data-end=\"613\">\n<p data-start=\"532\" data-end=\"613\"><span class=\"relative -mx-px my-[-0.2rem] rounded px-px py-[0.2rem] transition-colors duration-100 ease-in-out\"><strong data-start=\"0\" data-end=\"20\" data-is-only-node=\"\">1 \u00d7 PCIe 5.0 \u00d716<\/strong> (Steel Armor, compatible GPU haut de gamme), <strong data-start=\"66\" data-end=\"85\">3 \u00d7 PCIe 3.0 \u00d71<\/strong> pour extension<\/span><\/p>\n<\/li>\n<li data-start=\"614\" data-end=\"795\">\n<p data-start=\"616\" data-end=\"657\"><span class=\"relative -mx-px my-[-0.2rem] rounded px-px py-[0.2rem] transition-colors duration-100 ease-in-out\"><strong data-start=\"0\" data-end=\"31\" data-is-only-node=\"\">Trois emplacements M.2 NVMe<\/strong> :<\/span><\/p>\n<ul data-start=\"660\" data-end=\"795\">\n<li data-start=\"660\" data-end=\"703\">\n<p data-start=\"662\" data-end=\"703\"><span class=\"relative -mx-px my-[-0.2rem] rounded px-px py-[0.2rem] transition-colors duration-100 ease-in-out\">1 \u00d7 Gen5 x4 (128\u202fGb\/s), compatible SATA\/NVMe<\/span><\/p>\n<\/li>\n<li data-start=\"706\" data-end=\"749\">\n<p data-start=\"708\" data-end=\"749\"><span class=\"relative -mx-px my-[-0.2rem] rounded px-px py-[0.2rem] transition-colors duration-100 ease-in-out\">1 \u00d7 Gen4 x4 (64\u202fGb\/s)<\/span><\/p>\n<\/li>\n<li data-start=\"752\" data-end=\"795\">\n<p data-start=\"754\" data-end=\"795\"><span class=\"relative -mx-px my-[-0.2rem] rounded px-px py-[0.2rem] transition-colors duration-100 ease-in-out\">1 \u00d7 Gen4 x2 (32\u202fGb\/s)<\/span><\/p>\n<\/li>\n<\/ul>\n<\/li>\n<li data-start=\"796\" data-end=\"877\">\n<p data-start=\"798\" data-end=\"877\"><span class=\"relative -mx-px my-[-0.2rem] rounded px-px py-[0.2rem] transition-colors duration-100 ease-in-out\"><strong data-start=\"0\" data-end=\"23\" data-is-only-node=\"\">4 \u00d7 SATA III 6\u202fGb\/s<\/strong>, RAID 0\/1\/5\/10 support\u00e9<\/span><\/p>\n<\/li>\n<\/ul>\n<hr data-start=\"879\" data-end=\"882\" \/>\n<h5 data-start=\"884\" data-end=\"916\">\ud83c\udf10 R\u00e9seau &amp; Connectique USB<\/h5>\n<ul data-start=\"917\" data-end=\"1334\">\n<li data-start=\"917\" data-end=\"960\">\n<p data-start=\"919\" data-end=\"960\"><span class=\"relative -mx-px my-[-0.2rem] rounded px-px py-[0.2rem] transition-colors duration-100 ease-in-out\"><strong data-start=\"0\" data-end=\"7\" data-is-only-node=\"\">LAN<\/strong> : Realtek 8126VB <strong data-start=\"25\" data-end=\"43\" data-is-last-node=\"\">5\u202fGbE Ethernet<\/strong><\/span><\/p>\n<\/li>\n<li data-start=\"961\" data-end=\"1044\">\n<p data-start=\"963\" data-end=\"1044\"><span class=\"relative -mx-px my-[-0.2rem] rounded px-px py-[0.2rem] transition-colors duration-100 ease-in-out\"><strong data-start=\"0\" data-end=\"19\" data-is-only-node=\"\">Wi\u2011Fi 7 int\u00e9gr\u00e9<\/strong>, avec Bluetooth 5.4 et antennes EZ\u2011Antenna<\/span><\/p>\n<\/li>\n<li data-start=\"1045\" data-end=\"1252\">\n<p data-start=\"1047\" data-end=\"1068\"><strong data-start=\"1047\" data-end=\"1064\">Ports arri\u00e8re<\/strong> :<\/p>\n<ul data-start=\"1071\" data-end=\"1252\">\n<li data-start=\"1071\" data-end=\"1114\">\n<p data-start=\"1073\" data-end=\"1114\"><span class=\"relative -mx-px my-[-0.2rem] rounded px-px py-[0.2rem] transition-colors duration-100 ease-in-out\">1 \u00d7 USB\u2011C 10\u202fGbps (Gen2)<\/span><\/p>\n<\/li>\n<li data-start=\"1117\" data-end=\"1160\">\n<p data-start=\"1119\" data-end=\"1160\"><span class=\"relative -mx-px my-[-0.2rem] rounded px-px py-[0.2rem] transition-colors duration-100 ease-in-out\">1 \u00d7 USB\u2011A 10\u202fGbps (Gen2)<\/span><\/p>\n<\/li>\n<li data-start=\"1163\" data-end=\"1206\">\n<p data-start=\"1165\" data-end=\"1206\"><span class=\"relative -mx-px my-[-0.2rem] rounded px-px py-[0.2rem] transition-colors duration-100 ease-in-out\">2 \u00d7 USB\u2011A 5\u202fGbps (Gen1)<\/span><\/p>\n<\/li>\n<li data-start=\"1209\" data-end=\"1252\">\n<p data-start=\"1211\" data-end=\"1252\"><span class=\"relative -mx-px my-[-0.2rem] rounded px-px py-[0.2rem] transition-colors duration-100 ease-in-out\">4 \u00d7 USB\u2011A 2.0<\/span><\/p>\n<\/li>\n<\/ul>\n<\/li>\n<li data-start=\"1253\" data-end=\"1334\">\n<p data-start=\"1255\" data-end=\"1334\"><span class=\"relative -mx-px my-[-0.2rem] rounded px-px py-[0.2rem] transition-colors duration-100 ease-in-out\"><strong data-start=\"0\" data-end=\"20\" data-is-only-node=\"\">Headers internes<\/strong> : USB\u2011C 10Gb\/s, USB\u2011A 5Gb\/s \u00d74, USB\u2011A 2.0 \u00d74<\/span><\/p>\n<\/li>\n<\/ul>\n<hr data-start=\"1336\" data-end=\"1339\" \/>\n<h5 data-start=\"1341\" data-end=\"1371\">\ud83d\udda5\ufe0f Sorties vid\u00e9o &amp; Audio<\/h5>\n<ul data-start=\"1372\" data-end=\"1537\">\n<li data-start=\"1372\" data-end=\"1455\">\n<p data-start=\"1374\" data-end=\"1455\"><span class=\"relative -mx-px my-[-0.2rem] rounded px-px py-[0.2rem] transition-colors duration-100 ease-in-out\">1 \u00d7 <strong data-start=\"4\" data-end=\"12\">HDMI<\/strong>, 1 \u00d7 <strong data-start=\"18\" data-end=\"33\">DisplayPort<\/strong> (utilisation possible avec APU)<\/span><\/p>\n<\/li>\n<li data-start=\"1456\" data-end=\"1537\">\n<p data-start=\"1458\" data-end=\"1537\"><span class=\"relative -mx-px my-[-0.2rem] rounded px-px py-[0.2rem] transition-colors duration-100 ease-in-out\">Codec audio <strong data-start=\"12\" data-end=\"30\">Realtek ALC897<\/strong> 7.1\u2011channel avec Audio Boost pour un son haute qualit\u00e9<\/span><\/p>\n<\/li>\n<\/ul>\n<hr data-start=\"1539\" data-end=\"1542\" \/>\n<h5 data-start=\"1544\" data-end=\"1585\">\ud83d\udd27 Refroidissement &amp; Design mat\u00e9riel<\/h5>\n<ul data-start=\"1586\" data-end=\"1835\">\n<li data-start=\"1586\" data-end=\"1669\">\n<p data-start=\"1588\" data-end=\"1669\"><span class=\"relative -mx-px my-[-0.2rem] rounded px-px py-[0.2rem] transition-colors duration-100 ease-in-out\"><strong data-start=\"0\" data-end=\"28\" data-is-only-node=\"\">Dissipateurs Frozr Guard<\/strong> sur les MOSFET, pads thermiques 7\u202fW\/mK, dissipateur \u00e9tendu, M.2 Shield Frozr II pour prot\u00e9ger les SSD NVMe contre la surchauffe<\/span><\/p>\n<\/li>\n<li data-start=\"1670\" data-end=\"1753\">\n<p data-start=\"1672\" data-end=\"1753\"><span class=\"relative -mx-px my-[-0.2rem] rounded px-px py-[0.2rem] transition-colors duration-100 ease-in-out\"><strong data-start=\"0\" data-end=\"27\" data-is-only-node=\"\">Headers ventilateur CPU<\/strong>, syst\u00e8me et pompe AIO (3\u202fA), support du Frozr AI cooling dans MSI Center<\/span><\/p>\n<\/li>\n<li data-start=\"1754\" data-end=\"1835\">\n<p data-start=\"1756\" data-end=\"1835\"><span class=\"relative -mx-px my-[-0.2rem] rounded px-px py-[0.2rem] transition-colors duration-100 ease-in-out\"><strong data-start=\"0\" data-end=\"17\" data-is-only-node=\"\">PCB 6 couches<\/strong>, cuivre \u00e9pais 2\u202foz, SMT pour stabilit\u00e9 et signal clair, design simple et \u00e9l\u00e9gant en argent compatible bo\u00eetiers blancs\/noirs<\/span><\/p>\n<\/li>\n<\/ul>\n<hr data-start=\"1837\" data-end=\"1840\" \/>\n<h5 data-start=\"1842\" data-end=\"1878\">\u2699\ufe0f BIOS &amp; Fonctions utilitaires<\/h5>\n<ul data-start=\"1879\" data-end=\"2004\">\n<li data-start=\"1879\" data-end=\"1922\">\n<p data-start=\"1881\" data-end=\"1922\"><span class=\"relative -mx-px my-[-0.2rem] rounded px-px py-[0.2rem] transition-colors duration-100 ease-in-out\">Boutons <strong data-start=\"8\" data-end=\"26\">BIOS Flashback<\/strong> et <strong data-start=\"30\" data-end=\"44\">Clear CMOS<\/strong> pour une gestion facile sans besoin de CPU install\u00e9<\/span><\/p>\n<\/li>\n<li data-start=\"1923\" data-end=\"2004\">\n<p data-start=\"1925\" data-end=\"2004\"><span class=\"relative -mx-px my-[-0.2rem] rounded px-px py-[0.2rem] transition-colors duration-100 ease-in-out\">Outils <strong data-start=\"7\" data-end=\"26\">EZ PCIe Clip II<\/strong>, <strong data-start=\"28\" data-end=\"46\">EZ M.2 Clip II<\/strong>, antenne \/ support M.2 inclus pour facilit\u00e9 d\u2019installation<\/span><\/p>\n<\/li>\n<\/ul>\n<hr data-start=\"2139\" data-end=\"2142\" \/>\n<h5 data-start=\"2144\" data-end=\"2173\">\ud83d\udccb R\u00e9capitulatif Technique<\/h5>\n<div class=\"_tableContainer_16hzy_1\">\n<div class=\"_tableWrapper_16hzy_14 group flex w-fit flex-col-reverse\" tabindex=\"-1\">\n<table class=\"w-fit min-w-(--thread-content-width)\" data-start=\"2175\" data-end=\"3491\">\n<thead data-start=\"2175\" data-end=\"2269\">\n<tr data-start=\"2175\" data-end=\"2269\">\n<th data-start=\"2175\" data-end=\"2205\" data-col-size=\"sm\">\u2705 Caract\u00e9ristique<\/th>\n<th data-start=\"2205\" data-end=\"2269\" data-col-size=\"md\">\ud83d\udccc D\u00e9tail<\/th>\n<\/tr>\n<\/thead>\n<tbody data-start=\"2365\" data-end=\"3491\">\n<tr data-start=\"2365\" data-end=\"2459\">\n<td data-start=\"2365\" data-end=\"2395\" data-col-size=\"sm\"><strong data-start=\"2367\" data-end=\"2377\">Format<\/strong><\/td>\n<td data-start=\"2395\" data-end=\"2459\" data-col-size=\"md\">micro\u2011ATX (mATX)<\/td>\n<\/tr>\n<tr data-start=\"2460\" data-end=\"2553\">\n<td data-start=\"2460\" data-end=\"2490\" data-col-size=\"sm\"><strong data-start=\"2462\" data-end=\"2482\">Chipset \/ Socket<\/strong><\/td>\n<td data-start=\"2490\" data-end=\"2553\" data-col-size=\"md\">AMD B850 \/ AM5<\/td>\n<\/tr>\n<tr data-start=\"2554\" data-end=\"2647\">\n<td data-start=\"2554\" data-end=\"2584\" data-col-size=\"sm\"><strong data-start=\"2556\" data-end=\"2572\">CPU support\u00e9<\/strong><\/td>\n<td data-start=\"2584\" data-end=\"2647\" data-col-size=\"md\">Ryzen 7000, 8000 &amp; 9000 Series<\/td>\n<\/tr>\n<tr data-start=\"2648\" data-end=\"2741\">\n<td data-start=\"2648\" data-end=\"2678\" data-col-size=\"sm\"><strong data-start=\"2650\" data-end=\"2661\">M\u00e9moire<\/strong><\/td>\n<td data-start=\"2678\" data-end=\"2741\" data-col-size=\"md\">DDR5 4 slots, jusqu\u2019\u00e0 8200+ MT\/s OC, 256\u202fGo<\/td>\n<\/tr>\n<tr data-start=\"2742\" data-end=\"2835\">\n<td data-start=\"2742\" data-end=\"2772\" data-col-size=\"sm\"><strong data-start=\"2744\" data-end=\"2764\">Alimentation VRM<\/strong><\/td>\n<td data-start=\"2772\" data-end=\"2835\" data-col-size=\"md\">7+2+1 phases, core boost, P\u2011PAK<\/td>\n<\/tr>\n<tr data-start=\"2836\" data-end=\"2929\">\n<td data-start=\"2836\" data-end=\"2866\" data-col-size=\"sm\"><strong data-start=\"2838\" data-end=\"2858\">PCIe \/ Extension<\/strong><\/td>\n<td data-start=\"2866\" data-end=\"2929\" data-col-size=\"md\">1 \u00d7 PCIe 5.0 \u00d716, 3 \u00d7 PCIe 3.0 \u00d71<\/td>\n<\/tr>\n<tr data-start=\"2930\" data-end=\"3023\">\n<td data-start=\"2930\" data-end=\"2960\" data-col-size=\"sm\"><strong data-start=\"2932\" data-end=\"2944\">Stockage<\/strong><\/td>\n<td data-start=\"2960\" data-end=\"3023\" data-col-size=\"md\">1 \u00d7 M.2 Gen5, 2 \u00d7 M.2 Gen4, 4 \u00d7 SATA III<\/td>\n<\/tr>\n<tr data-start=\"3024\" data-end=\"3117\">\n<td data-start=\"3024\" data-end=\"3054\" data-col-size=\"sm\"><strong data-start=\"3026\" data-end=\"3036\">R\u00e9seau<\/strong><\/td>\n<td data-start=\"3054\" data-end=\"3117\" data-col-size=\"md\">5\u202fGbE LAN, Wi\u2011Fi 7, Bluetooth 5.4<\/td>\n<\/tr>\n<tr data-start=\"3118\" data-end=\"3211\">\n<td data-start=\"3118\" data-end=\"3148\" data-col-size=\"sm\"><strong data-start=\"3120\" data-end=\"3127\">USB<\/strong><\/td>\n<td data-start=\"3148\" data-end=\"3211\" data-col-size=\"md\">USB\u2011C 10Gb\/s, USB\u2011A Gen2 &amp; Gen1 port, USB\u2011A 2.0<\/td>\n<\/tr>\n<tr data-start=\"3212\" data-end=\"3304\">\n<td data-start=\"3212\" data-end=\"3242\" data-col-size=\"sm\"><strong data-start=\"3214\" data-end=\"3223\">Audio<\/strong><\/td>\n<td data-start=\"3242\" data-end=\"3304\" data-col-size=\"md\">Realtek ALC897 7.1 HD + Audio Boost<\/td>\n<\/tr>\n<tr data-start=\"3305\" data-end=\"3398\">\n<td data-start=\"3305\" data-end=\"3335\" data-col-size=\"sm\"><strong data-start=\"3307\" data-end=\"3326\">Refroidissement<\/strong><\/td>\n<td data-start=\"3335\" data-end=\"3398\" data-col-size=\"md\">M.2 Shield, dissipateurs thermiques, AI fan control<\/td>\n<\/tr>\n<tr data-start=\"3399\" data-end=\"3491\">\n<td data-start=\"3399\" data-end=\"3429\" data-col-size=\"sm\"><strong data-start=\"3401\" data-end=\"3426\">BIOS &amp; outils install<\/strong><\/td>\n<td data-start=\"3429\" data-end=\"3491\" data-col-size=\"md\">BIOS Flashback, EZ M.2 &amp; PCIe clips<\/td>\n<\/tr>\n<\/tbody>\n<\/table>\n<div class=\"sticky end-(--thread-content-margin) h-0 self-end select-none\">\n<div class=\"absolute end-0 flex items-end\"><\/div>\n<\/div>\n<\/div>\n<\/div>\n<hr data-start=\"3493\" data-end=\"3496\" \/>\n<h5 data-start=\"3498\" data-end=\"3517\">\ud83d\ude80 Usage Id\u00e9al<\/h5>\n<ul data-start=\"3518\" data-end=\"3771\">\n<li data-start=\"3518\" data-end=\"3587\">\n<p data-start=\"3520\" data-end=\"3587\"><strong data-start=\"3520\" data-end=\"3540\">Mini\u2011tour PC AM5<\/strong> : montage compact sans sacrifier performance<\/p>\n<\/li>\n<li data-start=\"3588\" data-end=\"3702\">\n<p data-start=\"3590\" data-end=\"3702\"><strong data-start=\"3590\" data-end=\"3629\">Professionnels \/ Cr\u00e9ateurs \/ Gamers<\/strong> : support des Ryzen r\u00e9cents, stockage ultra rapide, r\u00e9seau futur\u2011proof<\/p>\n<\/li>\n<li data-start=\"3703\" data-end=\"3771\">\n<p data-start=\"3705\" data-end=\"3771\"><strong data-start=\"3705\" data-end=\"3730\">Overclockers amateurs<\/strong> : EXPO et tuning facilit\u00e9 via MSI Center<\/p>\n<\/li>\n<\/ul>\n","protected":false},"excerpt":{"rendered":"<p>La\u00a0<strong>MSI PRO B850M-P WIFI<\/strong>\u00a0est une carte m\u00e8re Micro ATX de haute performance \u00e9quip\u00e9e d&rsquo;un chipset AMD B850, id\u00e9ale pour les processeurs AMD Ryzen de la s\u00e9rie 7000, 8000, ou 9000. Elle incarne la solution parfaite pour les configurations de gaming ou stations de travail gr\u00e2ce \u00e0 sa capacit\u00e9 \u00e0 prendre en charge des composants de derni\u00e8re g\u00e9n\u00e9ration. Equip\u00e9e de quatre emplacements pour m\u00e9moire\u00a0<strong>DDR5<\/strong>\u00a0pouvant atteindre des fr\u00e9quences de 8200 MHz (OC), cette carte m\u00e8re assure une r\u00e9activit\u00e9 et une fluidit\u00e9 remarquables.<\/p>\n","protected":false},"featured_media":24611,"comment_status":"open","ping_status":"closed","template":"","meta":[],"product_brand":[327],"product_cat":[308,345],"product_tag":[],"class_list":{"0":"post-24610","1":"product","2":"type-product","3":"status-publish","4":"has-post-thumbnail","6":"product_brand-msi","7":"product_cat-cartes-meres","8":"product_cat-sur-commande","10":"first","11":"onbackorder","12":"shipping-taxable","13":"purchasable","14":"product-type-simple"},"aioseo_notices":[],"jetpack_sharing_enabled":true,"_links":{"self":[{"href":"https:\/\/tekelec.ma\/index.php\/wp-json\/wp\/v2\/product\/24610","targetHints":{"allow":["GET"]}}],"collection":[{"href":"https:\/\/tekelec.ma\/index.php\/wp-json\/wp\/v2\/product"}],"about":[{"href":"https:\/\/tekelec.ma\/index.php\/wp-json\/wp\/v2\/types\/product"}],"replies":[{"embeddable":true,"href":"https:\/\/tekelec.ma\/index.php\/wp-json\/wp\/v2\/comments?post=24610"}],"version-history":[{"count":2,"href":"https:\/\/tekelec.ma\/index.php\/wp-json\/wp\/v2\/product\/24610\/revisions"}],"predecessor-version":[{"id":24617,"href":"https:\/\/tekelec.ma\/index.php\/wp-json\/wp\/v2\/product\/24610\/revisions\/24617"}],"wp:featuredmedia":[{"embeddable":true,"href":"https:\/\/tekelec.ma\/index.php\/wp-json\/wp\/v2\/media\/24611"}],"wp:attachment":[{"href":"https:\/\/tekelec.ma\/index.php\/wp-json\/wp\/v2\/media?parent=24610"}],"wp:term":[{"taxonomy":"product_brand","embeddable":true,"href":"https:\/\/tekelec.ma\/index.php\/wp-json\/wp\/v2\/product_brand?post=24610"},{"taxonomy":"product_cat","embeddable":true,"href":"https:\/\/tekelec.ma\/index.php\/wp-json\/wp\/v2\/product_cat?post=24610"},{"taxonomy":"product_tag","embeddable":true,"href":"https:\/\/tekelec.ma\/index.php\/wp-json\/wp\/v2\/product_tag?post=24610"}],"curies":[{"name":"wp","href":"https:\/\/api.w.org\/{rel}","templated":true}]}}