{"id":24640,"date":"2025-07-30T22:08:53","date_gmt":"2025-07-30T20:08:53","guid":{"rendered":"https:\/\/tekelec.ma\/?post_type=product&#038;p=24640"},"modified":"2025-07-30T22:09:59","modified_gmt":"2025-07-30T20:09:59","slug":"amd-ryzen-7-7800x3d","status":"publish","type":"product","link":"https:\/\/tekelec.ma\/index.php\/product\/amd-ryzen-7-7800x3d\/","title":{"rendered":"AMD Ryzen 7 7800X3D"},"content":{"rendered":"<p data-start=\"108\" data-end=\"187\">\ud83d\udd27 <strong data-start=\"111\" data-end=\"134\">AMD Ryzen 7 7800X3D<\/strong> \u2013 5.0 GHz \/ 104 Mo Cache \/ Socket AM5 \/ Version Tray<\/p>\n<p data-start=\"189\" data-end=\"523\">Con\u00e7u pour les passionn\u00e9s de performance, le <strong data-start=\"234\" data-end=\"253\">Ryzen 7 7800X3D<\/strong> est un processeur de derni\u00e8re g\u00e9n\u00e9ration int\u00e9grant la technologie r\u00e9volutionnaire <strong data-start=\"336\" data-end=\"351\">3D V-Cache\u2122<\/strong> d\u2019AMD. Avec ses <strong data-start=\"368\" data-end=\"393\">8 c\u0153urs et 16 threads<\/strong>, il offre une fr\u00e9quence boost\u00e9e jusqu\u2019\u00e0 <strong data-start=\"434\" data-end=\"445\">5.0 GHz<\/strong>, id\u00e9ale pour le gaming haute performance et la cr\u00e9ation de contenu exigeante.<\/p>\n<h4 data-start=\"525\" data-end=\"562\">\u2699\ufe0f Caract\u00e9ristiques principales :<\/h4>\n<ul data-start=\"563\" data-end=\"949\">\n<li data-start=\"563\" data-end=\"649\">\n<p data-start=\"565\" data-end=\"649\">\u2705 <strong data-start=\"567\" data-end=\"589\">Architecture Zen 4<\/strong> \u2013 grav\u00e9e en 5 nm pour une efficacit\u00e9 \u00e9nerg\u00e9tique optimale<\/p>\n<\/li>\n<li data-start=\"650\" data-end=\"691\">\n<p data-start=\"652\" data-end=\"691\">\ud83d\ude80 <strong data-start=\"655\" data-end=\"679\">Fr\u00e9quence max. boost<\/strong> : 5.0 GHz<\/p>\n<\/li>\n<li data-start=\"692\" data-end=\"744\">\n<p data-start=\"694\" data-end=\"744\">\ud83e\udde0 <strong data-start=\"697\" data-end=\"712\">Cache total<\/strong> : 104 Mo (96 Mo L3 + 8 Mo L2)<\/p>\n<\/li>\n<li data-start=\"745\" data-end=\"824\">\n<p data-start=\"747\" data-end=\"824\">\ud83d\udd0c <strong data-start=\"750\" data-end=\"764\">Socket AM5<\/strong> \u2013 compatible avec les cartes m\u00e8res de derni\u00e8re g\u00e9n\u00e9ration<\/p>\n<\/li>\n<li data-start=\"825\" data-end=\"891\">\n<p data-start=\"827\" data-end=\"891\">\u2744\ufe0f <strong data-start=\"830\" data-end=\"837\">TDP<\/strong> : 120W \u2013 excellent rapport performance\/consommation<\/p>\n<\/li>\n<li data-start=\"892\" data-end=\"949\">\n<p data-start=\"894\" data-end=\"949\">\ud83d\udce6 <strong data-start=\"897\" data-end=\"913\">Version Tray<\/strong> \u2013 sans ventirad (cooler non inclus)<\/p>\n<\/li>\n<\/ul>\n<p data-start=\"951\" data-end=\"1117\">Parfait pour les joueurs \u00e0 la recherche du <strong data-start=\"994\" data-end=\"1019\">meilleur FPS possible<\/strong>, ou les professionnels souhaitant exploiter la <strong data-start=\"1067\" data-end=\"1092\">puissance brute d\u2019AMD<\/strong> dans leurs applications.<\/p>\n","protected":false},"excerpt":{"rendered":"<h6 class=\"thread-title\"><span class=\"text--b size--all-xl size--fromW3-xxl\">Processeur AMD Ryzen 7 7800X3D &#8211; 5GHz\/104Mo\/AM5\/Tray<\/span><\/h6>\n<p>L&rsquo;AMD Ryzen 7 7800X3D est le processeur gaming par excellence. Ce CPU Zen 4 ne propose rien de moins que 8 Coeurs physiques et 16 coeurs logiques, des fr\u00e9quences de 4.2 GHz \u00e0 5.0 GHz et 104 Mo de V-Cache pour vous permettre d&rsquo;atteindre des sommets de performances dans les jeux !<\/p>\n","protected":false},"featured_media":24641,"comment_status":"open","ping_status":"closed","template":"","meta":[],"product_brand":[325],"product_cat":[307,345],"product_tag":[],"class_list":{"0":"post-24640","1":"product","2":"type-product","3":"status-publish","4":"has-post-thumbnail","6":"product_brand-amd","7":"product_cat-processeurs","8":"product_cat-sur-commande","10":"first","11":"onbackorder","12":"shipping-taxable","13":"purchasable","14":"product-type-simple"},"aioseo_notices":[],"jetpack_sharing_enabled":true,"_links":{"self":[{"href":"https:\/\/tekelec.ma\/index.php\/wp-json\/wp\/v2\/product\/24640","targetHints":{"allow":["GET"]}}],"collection":[{"href":"https:\/\/tekelec.ma\/index.php\/wp-json\/wp\/v2\/product"}],"about":[{"href":"https:\/\/tekelec.ma\/index.php\/wp-json\/wp\/v2\/types\/product"}],"replies":[{"embeddable":true,"href":"https:\/\/tekelec.ma\/index.php\/wp-json\/wp\/v2\/comments?post=24640"}],"version-history":[{"count":1,"href":"https:\/\/tekelec.ma\/index.php\/wp-json\/wp\/v2\/product\/24640\/revisions"}],"predecessor-version":[{"id":24642,"href":"https:\/\/tekelec.ma\/index.php\/wp-json\/wp\/v2\/product\/24640\/revisions\/24642"}],"wp:featuredmedia":[{"embeddable":true,"href":"https:\/\/tekelec.ma\/index.php\/wp-json\/wp\/v2\/media\/24641"}],"wp:attachment":[{"href":"https:\/\/tekelec.ma\/index.php\/wp-json\/wp\/v2\/media?parent=24640"}],"wp:term":[{"taxonomy":"product_brand","embeddable":true,"href":"https:\/\/tekelec.ma\/index.php\/wp-json\/wp\/v2\/product_brand?post=24640"},{"taxonomy":"product_cat","embeddable":true,"href":"https:\/\/tekelec.ma\/index.php\/wp-json\/wp\/v2\/product_cat?post=24640"},{"taxonomy":"product_tag","embeddable":true,"href":"https:\/\/tekelec.ma\/index.php\/wp-json\/wp\/v2\/product_tag?post=24640"}],"curies":[{"name":"wp","href":"https:\/\/api.w.org\/{rel}","templated":true}]}}