{"id":24643,"date":"2025-07-30T22:18:30","date_gmt":"2025-07-30T20:18:30","guid":{"rendered":"https:\/\/tekelec.ma\/?post_type=product&#038;p=24643"},"modified":"2025-07-30T22:19:06","modified_gmt":"2025-07-30T20:19:06","slug":"amd-ryzen-9-5950x","status":"publish","type":"product","link":"https:\/\/tekelec.ma\/index.php\/product\/amd-ryzen-9-5950x\/","title":{"rendered":"AMD Ryzen 9 5950X"},"content":{"rendered":"<p data-start=\"94\" data-end=\"190\">\ud83e\udde0 <strong data-start=\"97\" data-end=\"118\">AMD Ryzen 9 5950X<\/strong> \u2013 16 c\u0153urs \/ 32 threads \/ jusqu\u2019\u00e0 4.9 GHz \/ 72 Mo de cache \/ Socket AM4<\/p>\n<p data-start=\"192\" data-end=\"523\">Le <strong data-start=\"195\" data-end=\"212\">Ryzen 9 5950X<\/strong> incarne l\u2019\u00e9lite des processeurs <strong data-start=\"245\" data-end=\"254\">Zen 3<\/strong>, offrant des performances exceptionnelles tant en <strong data-start=\"305\" data-end=\"335\">gaming ultra haut de gamme<\/strong> qu\u2019en <strong data-start=\"342\" data-end=\"366\">productivit\u00e9 extr\u00eame<\/strong>. Avec ses <strong data-start=\"377\" data-end=\"403\">16 c\u0153urs et 32 threads<\/strong>, il excelle dans les charges multit\u00e2ches lourdes, la cr\u00e9ation de contenu, la mod\u00e9lisation 3D et le streaming simultan\u00e9.<\/p>\n<h4 data-start=\"525\" data-end=\"562\">\u2699\ufe0f Caract\u00e9ristiques principales :<\/h4>\n<ul data-start=\"563\" data-end=\"952\">\n<li data-start=\"563\" data-end=\"651\">\n<p data-start=\"565\" data-end=\"651\">\u2705 <strong data-start=\"567\" data-end=\"589\">Architecture Zen 3<\/strong> \u2013 grav\u00e9e en 7 nm, pour une efficacit\u00e9 thermique remarquable<\/p>\n<\/li>\n<li data-start=\"652\" data-end=\"718\">\n<p data-start=\"654\" data-end=\"718\">\ud83d\ude80 <strong data-start=\"657\" data-end=\"678\">Fr\u00e9quence de base<\/strong> : 3.4 GHz | <strong data-start=\"691\" data-end=\"700\">Boost<\/strong> jusqu\u2019\u00e0 4.9 GHz<\/p>\n<\/li>\n<li data-start=\"719\" data-end=\"770\">\n<p data-start=\"721\" data-end=\"770\">\ud83e\udde0 <strong data-start=\"724\" data-end=\"739\">Cache total<\/strong> : 72 Mo (64 Mo L3 + 8 Mo L2)<\/p>\n<\/li>\n<li data-start=\"771\" data-end=\"846\">\n<p data-start=\"773\" data-end=\"846\">\ud83d\udd0c <strong data-start=\"776\" data-end=\"790\">Socket AM4<\/strong> \u2013 compatible avec une large gamme de cartes m\u00e8res AMD<\/p>\n<\/li>\n<li data-start=\"847\" data-end=\"868\">\n<p data-start=\"849\" data-end=\"868\">\u2744\ufe0f <strong data-start=\"852\" data-end=\"859\">TDP<\/strong> : 105W<\/p>\n<\/li>\n<li data-start=\"869\" data-end=\"952\">\n<p data-start=\"871\" data-end=\"952\">\ud83d\udce6 <strong data-start=\"874\" data-end=\"905\">Version bo\u00eete sans ventirad<\/strong> \u2013 syst\u00e8me de refroidissement requis s\u00e9par\u00e9ment<\/p>\n<\/li>\n<\/ul>\n<p data-start=\"954\" data-end=\"1073\">Le choix ultime pour les utilisateurs qui veulent <strong data-start=\"1004\" data-end=\"1056\">le meilleur du rapport puissance\/nombre de c\u0153urs<\/strong>, sans compromis.<\/p>\n","protected":false},"excerpt":{"rendered":"<h6 class=\"thread-title\"><span class=\"text--b size--all-xl size--fromW3-xxl\">Processeur AMD Ryzen 9 5950X<\/span><\/h6>\n<p>Le processeur AMD Ryzen 9 5950X est ce qui se fait de mieux pour le jeu vid\u00e9o et le streaming : 16 Cores, 32 Threads et GameCache 72 Mo. Sans parler des fr\u00e9quences natives et boost qui atteignent des sommets pour vous permettre de profiter de vos jeux pr\u00e9f\u00e9r\u00e9s dans les meilleures conditions. Associez lui une carte graphique hautes performances et vous pourrez TOUT FAIRE, TOUT SIMPLEMENT.<\/p>\n","protected":false},"featured_media":24644,"comment_status":"open","ping_status":"closed","template":"","meta":[],"product_brand":[325],"product_cat":[307,345],"product_tag":[],"class_list":{"0":"post-24643","1":"product","2":"type-product","3":"status-publish","4":"has-post-thumbnail","6":"product_brand-amd","7":"product_cat-processeurs","8":"product_cat-sur-commande","10":"first","11":"onbackorder","12":"shipping-taxable","13":"purchasable","14":"product-type-simple"},"aioseo_notices":[],"jetpack_sharing_enabled":true,"_links":{"self":[{"href":"https:\/\/tekelec.ma\/index.php\/wp-json\/wp\/v2\/product\/24643","targetHints":{"allow":["GET"]}}],"collection":[{"href":"https:\/\/tekelec.ma\/index.php\/wp-json\/wp\/v2\/product"}],"about":[{"href":"https:\/\/tekelec.ma\/index.php\/wp-json\/wp\/v2\/types\/product"}],"replies":[{"embeddable":true,"href":"https:\/\/tekelec.ma\/index.php\/wp-json\/wp\/v2\/comments?post=24643"}],"version-history":[{"count":2,"href":"https:\/\/tekelec.ma\/index.php\/wp-json\/wp\/v2\/product\/24643\/revisions"}],"predecessor-version":[{"id":24646,"href":"https:\/\/tekelec.ma\/index.php\/wp-json\/wp\/v2\/product\/24643\/revisions\/24646"}],"wp:featuredmedia":[{"embeddable":true,"href":"https:\/\/tekelec.ma\/index.php\/wp-json\/wp\/v2\/media\/24644"}],"wp:attachment":[{"href":"https:\/\/tekelec.ma\/index.php\/wp-json\/wp\/v2\/media?parent=24643"}],"wp:term":[{"taxonomy":"product_brand","embeddable":true,"href":"https:\/\/tekelec.ma\/index.php\/wp-json\/wp\/v2\/product_brand?post=24643"},{"taxonomy":"product_cat","embeddable":true,"href":"https:\/\/tekelec.ma\/index.php\/wp-json\/wp\/v2\/product_cat?post=24643"},{"taxonomy":"product_tag","embeddable":true,"href":"https:\/\/tekelec.ma\/index.php\/wp-json\/wp\/v2\/product_tag?post=24643"}],"curies":[{"name":"wp","href":"https:\/\/api.w.org\/{rel}","templated":true}]}}