{"id":24650,"date":"2025-07-30T22:46:36","date_gmt":"2025-07-30T20:46:36","guid":{"rendered":"https:\/\/tekelec.ma\/?post_type=product&#038;p=24650"},"modified":"2025-07-30T22:46:53","modified_gmt":"2025-07-30T20:46:53","slug":"amd-ryzen-5-9600x-3-9-5-4ghz","status":"publish","type":"product","link":"https:\/\/tekelec.ma\/index.php\/product\/amd-ryzen-5-9600x-3-9-5-4ghz\/","title":{"rendered":"AMD Ryzen 5 9600X 3.9-5.4GHz"},"content":{"rendered":"<p data-start=\"107\" data-end=\"191\">\ud83e\udde0 <strong data-start=\"110\" data-end=\"131\">AMD Ryzen 5 9600X<\/strong> \u2013 6 C\u0153urs \/ 12 Threads \/ 3.9 GHz Base \u2013 5.4 GHz Boost \/ AM5<\/p>\n<p data-start=\"193\" data-end=\"514\">Le <strong data-start=\"196\" data-end=\"213\">Ryzen 5 9600X<\/strong> est un processeur <strong data-start=\"232\" data-end=\"241\">Zen 5<\/strong> de nouvelle g\u00e9n\u00e9ration, con\u00e7u pour offrir un \u00e9quilibre parfait entre <strong data-start=\"311\" data-end=\"334\">performances gaming<\/strong>, <strong data-start=\"336\" data-end=\"358\">r\u00e9activit\u00e9 syst\u00e8me<\/strong> et <strong data-start=\"362\" data-end=\"390\">productivit\u00e9 quotidienne<\/strong>. Gr\u00e2ce \u00e0 ses <strong data-start=\"404\" data-end=\"429\">6 c\u0153urs et 12 threads<\/strong>, il g\u00e8re facilement les jeux modernes, le multit\u00e2che et les applications exigeantes.<\/p>\n<h4 data-start=\"516\" data-end=\"553\">\u2699\ufe0f Caract\u00e9ristiques principales :<\/h4>\n<ul data-start=\"554\" data-end=\"986\">\n<li data-start=\"554\" data-end=\"643\">\n<p data-start=\"556\" data-end=\"643\">\u2705 <strong data-start=\"558\" data-end=\"580\">Architecture Zen 5<\/strong> \u2013 derni\u00e8re g\u00e9n\u00e9ration pour des performances par watt accrues<\/p>\n<\/li>\n<li data-start=\"644\" data-end=\"710\">\n<p data-start=\"646\" data-end=\"710\">\ud83d\ude80 <strong data-start=\"649\" data-end=\"670\">Fr\u00e9quence de base<\/strong> : 3.9 GHz | <strong data-start=\"683\" data-end=\"692\">Boost<\/strong> jusqu\u2019\u00e0 5.4 GHz<\/p>\n<\/li>\n<li data-start=\"711\" data-end=\"792\">\n<p data-start=\"713\" data-end=\"792\">\ud83e\udde0 <strong data-start=\"716\" data-end=\"740\">6 c\u0153urs \/ 12 threads<\/strong> \u2013 id\u00e9al pour le gaming et les t\u00e2ches polyvalentes<\/p>\n<\/li>\n<li data-start=\"793\" data-end=\"876\">\n<p data-start=\"795\" data-end=\"876\">\ud83e\uddee <strong data-start=\"798\" data-end=\"812\">Socket AM5<\/strong> \u2013 compatible DDR5 et PCIe 5.0 pour un PC r\u00e9solument futuriste<\/p>\n<\/li>\n<li data-start=\"877\" data-end=\"932\">\n<p data-start=\"879\" data-end=\"932\">\u2744\ufe0f <strong data-start=\"882\" data-end=\"895\">TDP : 65W<\/strong> \u2013 efficacit\u00e9 thermique remarquable<\/p>\n<\/li>\n<li data-start=\"933\" data-end=\"986\">\n<p data-start=\"935\" data-end=\"986\">\ud83d\udce6 Version sans ventirad (refroidisseur non inclus)<\/p>\n<\/li>\n<\/ul>\n<p data-start=\"988\" data-end=\"1159\">Le <strong data-start=\"991\" data-end=\"1008\">Ryzen 5 9600X<\/strong> est une solution puissante, fiable et abordable pour ceux qui veulent profiter du <strong data-start=\"1091\" data-end=\"1110\">gaming next-gen<\/strong> et de la <strong data-start=\"1120\" data-end=\"1143\">fluidit\u00e9 multit\u00e2che<\/strong> sans compromis.<\/p>\n","protected":false},"excerpt":{"rendered":"<h6>AMD Ryzen 5 9600X 3.9-5.4GHz<\/h6>\n<p>Mettez au centre de votre configuration le processeur AMD Ryzen 5 9600X et b\u00e9n\u00e9ficiez de performances spectaculaires et durables dans le temps. Jouer, cr\u00e9er, travailler, tout devient possible avec une fluidit\u00e9 remarquable et une efficacit\u00e9 redoutable, dans tous les domaines. Les processeurs AMD Ryzen 9000 sont plus performants, plus efficaces et consomment moins que les processeurs de la g\u00e9n\u00e9ration pr\u00e9c\u00e9dente. Ils ont \u00e9t\u00e9 con\u00e7us pour r\u00e9pondre au besoin de puissance des cr\u00e9ateurs et des joueurs. La nouvelle architecture AMD Zen 5 (4 nm) offre de nouvelles possibilit\u00e9s pour l&rsquo;avenir \u00e0 la plateforme de r\u00e9f\u00e9rence AMD AM5.<\/p>\n","protected":false},"featured_media":24651,"comment_status":"open","ping_status":"closed","template":"","meta":[],"product_brand":[325],"product_cat":[307,345],"product_tag":[],"class_list":{"0":"post-24650","1":"product","2":"type-product","3":"status-publish","4":"has-post-thumbnail","6":"product_brand-amd","7":"product_cat-processeurs","8":"product_cat-sur-commande","10":"first","11":"onbackorder","12":"shipping-taxable","13":"purchasable","14":"product-type-simple"},"aioseo_notices":[],"jetpack_sharing_enabled":true,"_links":{"self":[{"href":"https:\/\/tekelec.ma\/index.php\/wp-json\/wp\/v2\/product\/24650","targetHints":{"allow":["GET"]}}],"collection":[{"href":"https:\/\/tekelec.ma\/index.php\/wp-json\/wp\/v2\/product"}],"about":[{"href":"https:\/\/tekelec.ma\/index.php\/wp-json\/wp\/v2\/types\/product"}],"replies":[{"embeddable":true,"href":"https:\/\/tekelec.ma\/index.php\/wp-json\/wp\/v2\/comments?post=24650"}],"version-history":[{"count":2,"href":"https:\/\/tekelec.ma\/index.php\/wp-json\/wp\/v2\/product\/24650\/revisions"}],"predecessor-version":[{"id":24654,"href":"https:\/\/tekelec.ma\/index.php\/wp-json\/wp\/v2\/product\/24650\/revisions\/24654"}],"wp:featuredmedia":[{"embeddable":true,"href":"https:\/\/tekelec.ma\/index.php\/wp-json\/wp\/v2\/media\/24651"}],"wp:attachment":[{"href":"https:\/\/tekelec.ma\/index.php\/wp-json\/wp\/v2\/media?parent=24650"}],"wp:term":[{"taxonomy":"product_brand","embeddable":true,"href":"https:\/\/tekelec.ma\/index.php\/wp-json\/wp\/v2\/product_brand?post=24650"},{"taxonomy":"product_cat","embeddable":true,"href":"https:\/\/tekelec.ma\/index.php\/wp-json\/wp\/v2\/product_cat?post=24650"},{"taxonomy":"product_tag","embeddable":true,"href":"https:\/\/tekelec.ma\/index.php\/wp-json\/wp\/v2\/product_tag?post=24650"}],"curies":[{"name":"wp","href":"https:\/\/api.w.org\/{rel}","templated":true}]}}