{"id":24669,"date":"2025-08-04T00:26:19","date_gmt":"2025-08-03T22:26:19","guid":{"rendered":"https:\/\/tekelec.ma\/?post_type=product&#038;p=24669"},"modified":"2025-08-04T00:30:31","modified_gmt":"2025-08-03T22:30:31","slug":"ventirad-bequiet-pure-rock-pro-3","status":"publish","type":"product","link":"https:\/\/tekelec.ma\/index.php\/product\/ventirad-bequiet-pure-rock-pro-3\/","title":{"rendered":"Ventirad Bequiet pure rock pro 3"},"content":{"rendered":"<h6 data-start=\"86\" data-end=\"120\">\u2699\ufe0f Caract\u00e9ristiques principales<\/h6>\n<ul data-start=\"122\" data-end=\"483\">\n<li data-start=\"122\" data-end=\"199\">\n<p data-start=\"124\" data-end=\"199\"><span class=\"relative -mx-px my-[-0.2rem] rounded px-px py-[0.2rem] transition-colors duration-100 ease-in-out\"><strong data-start=\"0\" data-end=\"35\" data-is-only-node=\"\">Double tour &amp; forte dissipation<\/strong> : \u00e9quip\u00e9 de <strong data-start=\"48\" data-end=\"80\">6 caloducs en cuivre de 6\u202fmm<\/strong> avec base plaqu\u00e9e nickel, il supporte un TDP de <strong data-start=\"129\" data-end=\"138\">250\u202fW<\/strong>, ce qui le rend adapt\u00e9 aux CPU Intel Core i9 ou AMD Ryzen\u00a09<\/span><span class=\"\" data-state=\"closed\"><span class=\"ms-1 inline-flex max-w-full items-center relative top-[-0.094rem] animate-[show_150ms_ease-in]\"><a class=\"flex h-4.5 overflow-hidden rounded-xl px-2 text-[9px] font-medium text-token-text-secondary! bg-[#F4F4F4]! dark:bg-[#303030]! transition-colors duration-150 ease-in-out\" href=\"https:\/\/www.bequiet.com\/fr\/cpucooler\/5600?utm_source=chatgpt.com\" target=\"_blank\" rel=\"noopener\"><span class=\"relative start-0 bottom-0 flex h-full w-full items-center\"><span class=\"flex h-4 w-full items-center justify-between absolute\"><span class=\"max-w-full grow truncate overflow-hidden text-center\">tweakreviews.com<\/span><span class=\"-me-1 flex h-full items-center rounded-full px-1 text-[#8F8F8F]\">+13<\/span><\/span><span class=\"flex h-4 w-full items-center justify-between\"><span class=\"max-w-full grow truncate overflow-hidden text-center\">be quiet!<\/span><span class=\"-me-1 flex h-full items-center rounded-full px-1 text-[#8F8F8F]\">+13<\/span><\/span><span class=\"flex h-4 w-full items-center justify-between absolute\"><span class=\"max-w-full grow truncate overflow-hidden text-center\">be quiet!<\/span><span class=\"-me-1 flex h-full items-center rounded-full px-1 text-[#8F8F8F]\">+13<\/span><\/span><\/span><\/a><\/span><\/span>.<\/p>\n<\/li>\n<li data-start=\"200\" data-end=\"403\">\n<p data-start=\"202\" data-end=\"239\"><span class=\"relative -mx-px my-[-0.2rem] rounded px-px py-[0.2rem] transition-colors duration-100 ease-in-out\"><strong data-start=\"0\" data-end=\"35\" data-is-only-node=\"\">Deux ventilateurs de 120\u202fmm PWM<\/strong> :<\/span><\/p>\n<ul data-start=\"242\" data-end=\"403\">\n<li data-start=\"242\" data-end=\"281\">\n<p data-start=\"244\" data-end=\"281\"><span class=\"relative -mx-px my-[-0.2rem] rounded px-px py-[0.2rem] transition-colors duration-100 ease-in-out\">version Black : ventilateurs <strong data-start=\"29\" data-end=\"45\" data-is-last-node=\"\">Pure Wings\u00a03<\/strong><\/span><\/p>\n<\/li>\n<li data-start=\"284\" data-end=\"323\">\n<p data-start=\"286\" data-end=\"323\"><span class=\"relative -mx-px my-[-0.2rem] rounded px-px py-[0.2rem] transition-colors duration-100 ease-in-out\">version LX : ventilateurs <strong data-start=\"26\" data-end=\"49\" data-is-last-node=\"\">Light Wings LX ARGB<\/strong><\/span><\/p>\n<\/li>\n<li data-start=\"326\" data-end=\"403\">\n<p data-start=\"328\" data-end=\"403\"><span class=\"relative -mx-px my-[-0.2rem] rounded px-px py-[0.2rem] transition-colors duration-100 ease-in-out\">tous deux optimis\u00e9s avec sortie en entonnoir pour maximiser le flux d\u2019air<\/span><span class=\"\" data-state=\"closed\"><span class=\"ms-1 inline-flex max-w-full items-center relative top-[-0.094rem] animate-[show_150ms_ease-in]\"><a class=\"flex h-4.5 overflow-hidden rounded-xl px-2 text-[9px] font-medium text-token-text-secondary! bg-[#F4F4F4]! dark:bg-[#303030]! transition-colors duration-150 ease-in-out\" href=\"https:\/\/www.newegg.com\/be-quiet-pure-rock-pro-3-lx-120mm\/p\/N82E16835269028?utm_source=chatgpt.com\" target=\"_blank\" rel=\"noopener\"><span class=\"relative start-0 bottom-0 flex h-full w-full items-center\"><span class=\"flex h-4 w-full items-center justify-between absolute\"><span class=\"max-w-full grow truncate overflow-hidden text-center\">Reddit<\/span><span class=\"-me-1 flex h-full items-center rounded-full px-1 text-[#8F8F8F]\">+11<\/span><\/span><span class=\"flex h-4 w-full items-center justify-between\"><span class=\"max-w-full grow truncate overflow-hidden text-center\">Newegg.com<\/span><span class=\"-me-1 flex h-full items-center rounded-full px-1 text-[#8F8F8F]\">+11<\/span><\/span><span class=\"flex h-4 w-full items-center justify-between absolute\"><span class=\"max-w-full grow truncate overflow-hidden text-center\">iris.ma<\/span><span class=\"-me-1 flex h-full items-center rounded-full px-1 text-[#8F8F8F]\">+11<\/span><\/span><\/span><\/a><\/span><\/span><span class=\"\" data-state=\"closed\"><span class=\"ms-1 inline-flex max-w-full items-center relative top-[-0.094rem] animate-[show_150ms_ease-in]\"><a class=\"flex h-4.5 overflow-hidden rounded-xl px-2 text-[9px] font-medium text-token-text-secondary! bg-[#F4F4F4]! dark:bg-[#303030]! transition-colors duration-150 ease-in-out\" href=\"https:\/\/www.bequiet.com\/fr\/cpucooler\/5600?utm_source=chatgpt.com\" target=\"_blank\" rel=\"noopener\"><span class=\"relative start-0 bottom-0 flex h-full w-full items-center\"><span class=\"flex h-4 w-full items-center justify-between absolute\"><span class=\"max-w-full grow truncate overflow-hidden text-center\">Reddit<\/span><span class=\"-me-1 flex h-full items-center rounded-full px-1 text-[#8F8F8F]\">+7<\/span><\/span><span class=\"flex h-4 w-full items-center justify-between\"><span class=\"max-w-full grow truncate overflow-hidden text-center\">be quiet!<\/span><span class=\"-me-1 flex h-full items-center rounded-full px-1 text-[#8F8F8F]\">+7<\/span><\/span><span class=\"flex h-4 w-full items-center justify-between absolute\"><span class=\"max-w-full grow truncate overflow-hidden text-center\">iris.ma<\/span><span class=\"-me-1 flex h-full items-center rounded-full px-1 text-[#8F8F8F]\">+7<\/span><\/span><\/span><\/a><\/span><\/span>.<\/p>\n<\/li>\n<\/ul>\n<\/li>\n<li data-start=\"404\" data-end=\"483\">\n<p data-start=\"406\" data-end=\"483\"><span class=\"relative -mx-px my-[-0.2rem] rounded px-px py-[0.2rem] transition-colors duration-100 ease-in-out\"><strong data-start=\"0\" data-end=\"17\" data-is-only-node=\"\">Bruit contenu<\/strong> : seulement <strong data-start=\"30\" data-end=\"44\">34,8\u202fdB(A)<\/strong> au r\u00e9gime maximum (varie entre ~14\u202fdB en idle et ~34,8\u202fdB en charge)<\/span><span class=\"\" data-state=\"closed\"><span class=\"ms-1 inline-flex max-w-full items-center relative top-[-0.094rem] animate-[show_150ms_ease-in]\"><a class=\"flex h-4.5 overflow-hidden rounded-xl px-2 text-[9px] font-medium text-token-text-secondary! bg-[#F4F4F4]! dark:bg-[#303030]! transition-colors duration-150 ease-in-out\" href=\"https:\/\/www.iris.ma\/45281-be-quiet-pure-rock-pro-3-black.html?utm_source=chatgpt.com\" target=\"_blank\" rel=\"noopener\"><span class=\"relative start-0 bottom-0 flex h-full w-full items-center\"><span class=\"flex h-4 w-full items-center justify-between absolute\"><span class=\"max-w-full grow truncate overflow-hidden text-center\">Reddit<\/span><span class=\"-me-1 flex h-full items-center rounded-full px-1 text-[#8F8F8F]\">+7<\/span><\/span><span class=\"flex h-4 w-full items-center justify-between\"><span class=\"max-w-full grow truncate overflow-hidden text-center\">iris.ma<\/span><span class=\"-me-1 flex h-full items-center rounded-full px-1 text-[#8F8F8F]\">+7<\/span><\/span><span class=\"flex h-4 w-full items-center justify-between absolute\"><span class=\"max-w-full grow truncate overflow-hidden text-center\">be quiet!<\/span><span class=\"-me-1 flex h-full items-center rounded-full px-1 text-[#8F8F8F]\">+7<\/span><\/span><\/span><\/a><\/span><\/span>.<\/p>\n<\/li>\n<\/ul>\n<hr data-start=\"485\" data-end=\"488\" \/>\n<h6 data-start=\"490\" data-end=\"524\">\ud83d\udcd0 Compatibilit\u00e9 &amp; installation<\/h6>\n<ul data-start=\"526\" data-end=\"853\">\n<li data-start=\"526\" data-end=\"607\">\n<p data-start=\"528\" data-end=\"607\"><span class=\"relative -mx-px my-[-0.2rem] rounded px-px py-[0.2rem] transition-colors duration-100 ease-in-out\"><strong data-start=\"0\" data-end=\"28\" data-is-only-node=\"\">Design compact et offset<\/strong> : minimise l\u2019impact sur les modules RAM et VRM, notamment gr\u00e2ce \u00e0 un ventilateur r\u00e9glable en hauteur<\/span><span class=\"\" data-state=\"closed\"><span class=\"ms-1 inline-flex max-w-full items-center relative top-[-0.094rem] animate-[show_150ms_ease-in]\"><a class=\"flex h-4.5 overflow-hidden rounded-xl px-2 text-[9px] font-medium text-token-text-secondary! bg-[#F4F4F4]! dark:bg-[#303030]! transition-colors duration-150 ease-in-out\" href=\"https:\/\/www.bequiet.com\/fr\/cpucooler\/5600?utm_source=chatgpt.com\" target=\"_blank\" rel=\"noopener\"><span class=\"relative start-0 bottom-0 flex h-full w-full items-center\"><span class=\"flex h-4 w-full items-center justify-between absolute\"><span class=\"max-w-full grow truncate overflow-hidden text-center\">Reddit<\/span><span class=\"-me-1 flex h-full items-center rounded-full px-1 text-[#8F8F8F]\">+13<\/span><\/span><span class=\"flex h-4 w-full items-center justify-between\"><span class=\"max-w-full grow truncate overflow-hidden text-center\">be quiet!<\/span><span class=\"-me-1 flex h-full items-center rounded-full px-1 text-[#8F8F8F]\">+13<\/span><\/span><span class=\"flex h-4 w-full items-center justify-between absolute\"><span class=\"max-w-full grow truncate overflow-hidden text-center\">Reddit<\/span><span class=\"-me-1 flex h-full items-center rounded-full px-1 text-[#8F8F8F]\">+13<\/span><\/span><\/span><\/a><\/span><\/span>.<\/p>\n<\/li>\n<li data-start=\"608\" data-end=\"689\">\n<p data-start=\"610\" data-end=\"689\"><span class=\"relative -mx-px my-[-0.2rem] rounded px-px py-[0.2rem] transition-colors duration-100 ease-in-out\"><strong data-start=\"0\" data-end=\"26\" data-is-only-node=\"\">Installation intuitive<\/strong> : le montage est simplifi\u00e9 via un syst\u00e8me intuitif compatible avec les sockets modernes, y compris AMD <strong data-start=\"130\" data-end=\"141\">AM4\/AM5<\/strong> et les sockets Intel r\u00e9cents<\/span><span class=\"\" data-state=\"closed\"><span class=\"ms-1 inline-flex max-w-full items-center relative top-[-0.094rem] animate-[show_150ms_ease-in]\"><a class=\"flex h-4.5 overflow-hidden rounded-xl px-2 text-[9px] font-medium text-token-text-secondary! bg-[#F4F4F4]! dark:bg-[#303030]! transition-colors duration-150 ease-in-out\" href=\"https:\/\/www.iris.ma\/45281-be-quiet-pure-rock-pro-3-black.html?utm_source=chatgpt.com\" target=\"_blank\" rel=\"noopener\"><span class=\"relative start-0 bottom-0 flex h-full w-full items-center\"><span class=\"flex h-4 w-full items-center justify-between\"><span class=\"max-w-full grow truncate overflow-hidden text-center\">iris.ma<\/span><span class=\"-me-1 flex h-full items-center rounded-full px-1 text-[#8F8F8F]\">+1<\/span><\/span><span class=\"flex h-4 w-full items-center justify-between absolute\"><span class=\"max-w-full grow truncate overflow-hidden text-center\">iris.ma<\/span><span class=\"-me-1 flex h-full items-center rounded-full px-1 text-[#8F8F8F]\">+1<\/span><\/span><\/span><\/a><\/span><\/span>.<\/p>\n<\/li>\n<li data-start=\"690\" data-end=\"771\">\n<p data-start=\"692\" data-end=\"771\"><span class=\"relative -mx-px my-[-0.2rem] rounded px-px py-[0.2rem] transition-colors duration-100 ease-in-out\"><strong data-start=\"0\" data-end=\"32\" data-is-only-node=\"\">Compatibilit\u00e9 p\u00e2te thermique<\/strong> : supporte les p\u00e2tes <strong data-start=\"54\" data-end=\"81\">\u00e0 base de m\u00e9tal liquide<\/strong> pour une meilleure conductivit\u00e9 thermique<\/span><span class=\"\" data-state=\"closed\"><span class=\"ms-1 inline-flex max-w-full items-center relative top-[-0.094rem] animate-[show_150ms_ease-in]\"><a class=\"flex h-4.5 overflow-hidden rounded-xl px-2 text-[9px] font-medium text-token-text-secondary! bg-[#F4F4F4]! dark:bg-[#303030]! transition-colors duration-150 ease-in-out\" href=\"https:\/\/www.bequiet.com\/fr\/cpucooler\/5600?utm_source=chatgpt.com\" target=\"_blank\" rel=\"noopener\"><span class=\"relative start-0 bottom-0 flex h-full w-full items-center\"><span class=\"flex h-4 w-full items-center justify-between overflow-hidden\"><span class=\"max-w-full grow truncate overflow-hidden text-center\">be quiet!<\/span><\/span><\/span><\/a><\/span><\/span>.<\/p>\n<\/li>\n<li data-start=\"772\" data-end=\"853\">\n<p data-start=\"774\" data-end=\"853\"><span class=\"relative -mx-px my-[-0.2rem] rounded px-px py-[0.2rem] transition-colors duration-100 ease-in-out\"><strong data-start=\"0\" data-end=\"25\" data-is-only-node=\"\">Garantie constructeur<\/strong> : <strong data-start=\"28\" data-end=\"37\">3 ans<\/strong> de garantie<br \/>\n<\/span><\/p>\n<h6 data-start=\"1028\" data-end=\"1051\">\ud83d\udcca Comparison rapide<\/h6>\n<div class=\"_tableContainer_16hzy_1\">\n<div class=\"_tableWrapper_16hzy_14 group flex w-fit flex-col-reverse\" tabindex=\"-1\">\n<table class=\"w-fit min-w-(--thread-content-width)\" data-start=\"1053\" data-end=\"1751\">\n<thead data-start=\"1053\" data-end=\"1110\">\n<tr data-start=\"1053\" data-end=\"1110\">\n<th data-start=\"1053\" data-end=\"1064\" data-col-size=\"sm\">\u00c9l\u00e9ments<\/th>\n<th data-start=\"1064\" data-end=\"1088\" data-col-size=\"sm\">Pure Rock Pro\u00a03 Black<\/th>\n<th data-start=\"1088\" data-end=\"1110\" data-col-size=\"sm\">Pure Rock Pro\u00a03 LX<\/th>\n<\/tr>\n<\/thead>\n<tbody data-start=\"1170\" data-end=\"1751\">\n<tr data-start=\"1170\" data-end=\"1270\">\n<td data-start=\"1170\" data-end=\"1185\" data-col-size=\"sm\">Ventilateurs<\/td>\n<td data-start=\"1185\" data-end=\"1227\" data-col-size=\"sm\"><span class=\"relative -mx-px my-[-0.2rem] rounded px-px py-[0.2rem] transition-colors duration-100 ease-in-out\">Pure Wings\u00a03 (noir)<\/span><\/td>\n<td data-start=\"1227\" data-end=\"1270\" data-col-size=\"sm\"><span class=\"relative -mx-px my-[-0.2rem] rounded px-px py-[0.2rem] transition-colors duration-100 ease-in-out\">Light Wings LX (ARGB)<\/span><\/td>\n<\/tr>\n<tr data-start=\"1271\" data-end=\"1398\">\n<td data-start=\"1271\" data-end=\"1313\" data-col-size=\"sm\"><span class=\"relative -mx-px my-[-0.2rem] rounded px-px py-[0.2rem] transition-colors duration-100 ease-in-out\">Flux d&rsquo;air max<\/span><\/td>\n<td data-start=\"1313\" data-end=\"1355\" data-col-size=\"sm\"><span class=\"relative -mx-px my-[-0.2rem] rounded px-px py-[0.2rem] transition-colors duration-100 ease-in-out\">~59\u201360\u202fCFM<\/span><\/td>\n<td data-start=\"1355\" data-end=\"1398\" data-col-size=\"sm\"><span class=\"relative -mx-px my-[-0.2rem] rounded px-px py-[0.2rem] transition-colors duration-100 ease-in-out\">~61,8\u202fCFM<\/span><\/td>\n<\/tr>\n<tr data-start=\"1399\" data-end=\"1474\">\n<td data-start=\"1399\" data-end=\"1419\" data-col-size=\"sm\">Pression statique<\/td>\n<td data-start=\"1419\" data-end=\"1461\" data-col-size=\"sm\"><span class=\"relative -mx-px my-[-0.2rem] rounded px-px py-[0.2rem] transition-colors duration-100 ease-in-out\">~2,5\u202fmm\u202fH\u2082O<\/span><\/td>\n<td data-start=\"1461\" data-end=\"1474\" data-col-size=\"sm\">similaire<\/td>\n<\/tr>\n<tr data-start=\"1475\" data-end=\"1573\">\n<td data-start=\"1475\" data-end=\"1517\" data-col-size=\"sm\"><span class=\"relative -mx-px my-[-0.2rem] rounded px-px py-[0.2rem] transition-colors duration-100 ease-in-out\">Niveau sonore maxi<\/span><\/td>\n<td data-start=\"1517\" data-end=\"1559\" data-col-size=\"sm\"><span class=\"relative -mx-px my-[-0.2rem] rounded px-px py-[0.2rem] transition-colors duration-100 ease-in-out\">~34,8\u202fdB(A)<\/span><\/td>\n<td data-start=\"1559\" data-end=\"1573\" data-col-size=\"sm\">m\u00eame plage<\/td>\n<\/tr>\n<tr data-start=\"1574\" data-end=\"1672\">\n<td data-start=\"1574\" data-end=\"1587\" data-col-size=\"sm\">Esth\u00e9tique<\/td>\n<td data-start=\"1587\" data-end=\"1629\" data-col-size=\"sm\"><span class=\"relative -mx-px my-[-0.2rem] rounded px-px py-[0.2rem] transition-colors duration-100 ease-in-out\">sobre, tout noir<\/span><\/td>\n<td data-start=\"1629\" data-end=\"1672\" data-col-size=\"sm\"><span class=\"relative -mx-px my-[-0.2rem] rounded px-px py-[0.2rem] transition-colors duration-100 ease-in-out\">look moderne ARGB<\/span><\/td>\n<\/tr>\n<tr data-start=\"1673\" data-end=\"1751\">\n<td data-start=\"1673\" data-end=\"1695\" data-col-size=\"sm\">R\u00e9f\u00e9rence fabricant<\/td>\n<td data-start=\"1695\" data-end=\"1703\" data-col-size=\"sm\">BK042<\/td>\n<td data-start=\"1703\" data-end=\"1751\" data-col-size=\"sm\">BK043<span class=\"\" data-state=\"closed\"><span class=\"ms-1 inline-flex max-w-full items-center relative top-[-0.094rem] animate-[show_150ms_ease-in]\"><a class=\"flex h-4.5 overflow-hidden rounded-xl px-2 text-[9px] font-medium text-token-text-secondary! bg-[#F4F4F4]! dark:bg-[#303030]! transition-colors duration-150 ease-in-out\" href=\"https:\/\/www.iris.ma\/45281-be-quiet-pure-rock-pro-3-black.html?utm_source=chatgpt.com\" target=\"_blank\" rel=\"noopener\"><span class=\"relative start-0 bottom-0 flex h-full w-full items-center\"><span class=\"flex h-4 w-full items-center justify-between absolute\"><span class=\"max-w-full grow truncate overflow-hidden text-center\">Reddit<\/span><span class=\"-me-1 flex h-full items-center rounded-full px-1 text-[#8F8F8F]\">+9<\/span><\/span><span class=\"flex h-4 w-full items-center justify-between\"><span class=\"max-w-full grow truncate overflow-hidden text-center\">iris.ma<\/span><span class=\"-me-1 flex h-full items-center rounded-full px-1 text-[#8F8F8F]\">+9<\/span><\/span><span class=\"flex h-4 w-full items-center justify-between absolute\"><span class=\"max-w-full grow truncate overflow-hidden text-center\">be quiet!<\/span><span class=\"-me-1 flex h-full items-center rounded-full px-1 text-[#8F8F8F]\">+9<\/span><\/span><\/span><\/a><\/span><\/span><span class=\"\" data-state=\"closed\"><span class=\"ms-1 inline-flex max-w-full items-center relative top-[-0.094rem] animate-[show_150ms_ease-in]\"><a class=\"flex h-4.5 overflow-hidden rounded-xl px-2 text-[9px] font-medium text-token-text-secondary! bg-[#F4F4F4]! dark:bg-[#303030]! transition-colors duration-150 ease-in-out\" href=\"https:\/\/www.iris.ma\/45282-be-quiet-pure-rock-pro-3-lx-black.html?utm_source=chatgpt.com\" target=\"_blank\" rel=\"noopener\"><span class=\"relative start-0 bottom-0 flex h-full w-full items-center\"><span class=\"flex h-4 w-full items-center justify-between absolute\"><span class=\"max-w-full grow truncate overflow-hidden text-center\">Newegg.com<\/span><span class=\"-me-1 flex h-full items-center rounded-full px-1 text-[#8F8F8F]\">+3<\/span><\/span><span class=\"flex h-4 w-full items-center justify-between\"><span class=\"max-w-full grow truncate overflow-hidden text-center\">iris.ma<\/span><span class=\"-me-1 flex h-full items-center rounded-full px-1 text-[#8F8F8F]\">+3<\/span><\/span><span class=\"flex h-4 w-full items-center justify-between absolute\"><span class=\"max-w-full grow truncate overflow-hidden text-center\">iris.ma<\/span><span class=\"-me-1 flex h-full items-center rounded-full px-1 text-[#8F8F8F]\">+3<\/span><\/span><\/span><\/a><\/span><\/span><span class=\"\" data-state=\"closed\"><span class=\"ms-1 inline-flex max-w-full items-center relative top-[-0.094rem] animate-[show_150ms_ease-in]\"><a class=\"flex h-4.5 overflow-hidden rounded-xl px-2 text-[9px] font-medium text-token-text-secondary! bg-[#F4F4F4]! dark:bg-[#303030]! transition-colors duration-150 ease-in-out\" href=\"https:\/\/www.bequiet.com\/fr\/cpucooler\/5600?utm_source=chatgpt.com\" target=\"_blank\" rel=\"noopener\"><span class=\"relative start-0 bottom-0 flex h-full w-full items-center\"><span class=\"flex h-4 w-full items-center justify-between absolute\"><span class=\"max-w-full grow truncate overflow-hidden text-center\">Reddit<\/span><span class=\"-me-1 flex h-full items-center rounded-full px-1 text-[#8F8F8F]\">+4<\/span><\/span><span class=\"flex h-4 w-full items-center justify-between\"><span class=\"max-w-full grow truncate overflow-hidden text-center\">be quiet!<\/span><span class=\"-me-1 flex h-full items-center rounded-full px-1 text-[#8F8F8F]\">+4<\/span><\/span><span class=\"flex h-4 w-full items-center justify-between absolute\"><span class=\"max-w-full grow truncate overflow-hidden text-center\">be quiet!<\/span><span class=\"-me-1 flex h-full items-center rounded-full px-1 text-[#8F8F8F]\">+4<\/span><\/span><\/span><\/a><\/span><\/span><span class=\"\" data-state=\"closed\"><span class=\"ms-1 inline-flex max-w-full items-center relative top-[-0.094rem] animate-[show_150ms_ease-in]\"><a class=\"flex h-4.5 overflow-hidden rounded-xl px-2 text-[9px] font-medium text-token-text-secondary! bg-[#F4F4F4]! dark:bg-[#303030]! transition-colors duration-150 ease-in-out\" href=\"https:\/\/www.enostech.com\/be-quiet-pure-rock-pro-3-air-cooler-review\/?utm_source=chatgpt.com\" target=\"_blank\" rel=\"noopener\"><span class=\"relative start-0 bottom-0 flex h-full w-full items-center\"><span class=\"flex h-4 w-full items-center justify-between\"><span class=\"max-w-full grow truncate overflow-hidden text-center\">Enos Tech<\/span><span class=\"-me-1 flex h-full items-center rounded-full px-1 text-[#8F8F8F]\">+1<\/span><\/span><span class=\"flex h-4 w-full items-center justify-between absolute\"><span class=\"max-w-full grow truncate overflow-hidden text-center\">Newegg.com<\/span><span class=\"-me-1 flex h-full items-center rounded-full px-1 text-[#8F8F8F]\">+1<\/span><\/span><\/span><\/a><\/span><\/span><\/td>\n<\/tr>\n<\/tbody>\n<\/table>\n<div class=\"sticky end-(--thread-content-margin) h-0 self-end select-none\">\n<div class=\"absolute end-0 flex items-end\"><\/div>\n<\/div>\n<\/div>\n<\/div>\n<hr data-start=\"1753\" data-end=\"1756\" \/>\n<h6 data-start=\"1758\" data-end=\"1787\">\u2705 Pour qui est-il adapt\u00e9 ?<\/h6>\n<ul data-start=\"1789\" data-end=\"1998\">\n<li data-start=\"1789\" data-end=\"1830\">\n<p data-start=\"1791\" data-end=\"1830\"><span class=\"relative -mx-px my-[-0.2rem] rounded px-px py-[0.2rem] transition-colors duration-100 ease-in-out\">Utilisateurs cherchant une <strong data-start=\"27\" data-end=\"66\">performance efficace en air cooling<\/strong> pour des processeurs exigeants (Ryzen\u202f9, Core\u202fi9).<\/span><\/p>\n<\/li>\n<li data-start=\"1831\" data-end=\"1872\">\n<p data-start=\"1833\" data-end=\"1872\"><span class=\"relative -mx-px my-[-0.2rem] rounded px-px py-[0.2rem] transition-colors duration-100 ease-in-out\">Ceux sensibles au <strong data-start=\"18\" data-end=\"35\">niveau sonore<\/strong>, b\u00e9n\u00e9ficiant d\u2019un fonctionnement tr\u00e8s discret m\u00eame en charge.<\/span><\/p>\n<\/li>\n<li data-start=\"1873\" data-end=\"1914\">\n<p data-start=\"1875\" data-end=\"1914\"><span class=\"relative -mx-px my-[-0.2rem] rounded px-px py-[0.2rem] transition-colors duration-100 ease-in-out\">Les amateurs d\u2019un rendu <strong data-start=\"24\" data-end=\"54\">esth\u00e9tique \u00e9l\u00e9gant ou ARGB<\/strong>, selon les variantes.<\/span><\/p>\n<\/li>\n<li data-start=\"1915\" data-end=\"1956\">\n<p data-start=\"1917\" data-end=\"1956\"><span class=\"relative -mx-px my-[-0.2rem] rounded px-px py-[0.2rem] transition-colors duration-100 ease-in-out\">Utilisateurs souhaitant un ventirad <strong data-start=\"36\" data-end=\"58\">facile \u00e0 installer<\/strong>, sans compromis sur la compatibilit\u00e9.<\/span><\/p>\n<\/li>\n<li data-start=\"1957\" data-end=\"1998\">\n<p data-start=\"1959\" data-end=\"1998\"><span class=\"relative -mx-px my-[-0.2rem] rounded px-px py-[0.2rem] transition-colors duration-100 ease-in-out\">Budget maximal <strong data-start=\"15\" data-end=\"24\">moyen<\/strong>, avec un excellent rapport performance\/prix.<\/span><\/p>\n<\/li>\n<\/ul>\n<p data-start=\"774\" data-end=\"853\"><span class=\"relative -mx-px my-[-0.2rem] rounded px-px py-[0.2rem] transition-colors duration-100 ease-in-out\">\u00a0<\/span><\/p>\n<\/li>\n<\/ul>\n","protected":false},"excerpt":{"rendered":"<p class=\"thread-title\">Le <strong data-start=\"3\" data-end=\"22\">Pure Rock Pro\u00a03<\/strong> est un excellent compromis pour ceux qui veulent un refroidissement puissant, silencieux et compatible avec les derniers processeurs. La version <strong data-start=\"168\" data-end=\"174\">LX<\/strong> ajoute une touche visuelle ARGB sans sacrifier les performances. Globalement, il se positionne comme une option tr\u00e8s solide, presque \u00e0 la hauteur des mod\u00e8les Dark Rock Pro sup\u00e9rieurs, mais \u00e0 un tarif plus accessible.<\/p>\n","protected":false},"featured_media":24671,"comment_status":"open","ping_status":"closed","template":"","meta":[],"product_brand":[],"product_cat":[345,309],"product_tag":[],"class_list":{"0":"post-24669","1":"product","2":"type-product","3":"status-publish","4":"has-post-thumbnail","6":"product_cat-sur-commande","7":"product_cat-ventirad","9":"first","10":"onbackorder","11":"shipping-taxable","12":"purchasable","13":"product-type-simple"},"aioseo_notices":[],"jetpack_sharing_enabled":true,"_links":{"self":[{"href":"https:\/\/tekelec.ma\/index.php\/wp-json\/wp\/v2\/product\/24669","targetHints":{"allow":["GET"]}}],"collection":[{"href":"https:\/\/tekelec.ma\/index.php\/wp-json\/wp\/v2\/product"}],"about":[{"href":"https:\/\/tekelec.ma\/index.php\/wp-json\/wp\/v2\/types\/product"}],"replies":[{"embeddable":true,"href":"https:\/\/tekelec.ma\/index.php\/wp-json\/wp\/v2\/comments?post=24669"}],"version-history":[{"count":2,"href":"https:\/\/tekelec.ma\/index.php\/wp-json\/wp\/v2\/product\/24669\/revisions"}],"predecessor-version":[{"id":24675,"href":"https:\/\/tekelec.ma\/index.php\/wp-json\/wp\/v2\/product\/24669\/revisions\/24675"}],"wp:featuredmedia":[{"embeddable":true,"href":"https:\/\/tekelec.ma\/index.php\/wp-json\/wp\/v2\/media\/24671"}],"wp:attachment":[{"href":"https:\/\/tekelec.ma\/index.php\/wp-json\/wp\/v2\/media?parent=24669"}],"wp:term":[{"taxonomy":"product_brand","embeddable":true,"href":"https:\/\/tekelec.ma\/index.php\/wp-json\/wp\/v2\/product_brand?post=24669"},{"taxonomy":"product_cat","embeddable":true,"href":"https:\/\/tekelec.ma\/index.php\/wp-json\/wp\/v2\/product_cat?post=24669"},{"taxonomy":"product_tag","embeddable":true,"href":"https:\/\/tekelec.ma\/index.php\/wp-json\/wp\/v2\/product_tag?post=24669"}],"curies":[{"name":"wp","href":"https:\/\/api.w.org\/{rel}","templated":true}]}}