{"id":24730,"date":"2025-08-08T23:12:37","date_gmt":"2025-08-08T21:12:37","guid":{"rendered":"https:\/\/tekelec.ma\/?post_type=product&#038;p=24730"},"modified":"2025-08-08T23:17:11","modified_gmt":"2025-08-08T21:17:11","slug":"clavier-zifriend-za68-hyacinth","status":"publish","type":"product","link":"https:\/\/tekelec.ma\/index.php\/product\/clavier-zifriend-za68-hyacinth\/","title":{"rendered":"Clavier ZIFRIEND ZA68 (hyacinth)"},"content":{"rendered":"<h5 data-start=\"189\" data-end=\"222\">ZIFRIEND ZA68 \u2013 \u00ab Hyacinth \u00bb<\/h5>\n<p data-start=\"223\" data-end=\"365\">Le <strong data-start=\"226\" data-end=\"243\">ZA68 Hyacinth<\/strong> s\u2019impose comme un clavier m\u00e9canique 65 % ultracompact (68 touches), combinant esth\u00e9tisme soign\u00e9 et polyvalence technique.<\/p>\n<ul data-start=\"367\" data-end=\"1479\">\n<li data-start=\"367\" data-end=\"539\">\n<p data-start=\"369\" data-end=\"539\"><strong data-start=\"369\" data-end=\"391\">Design &amp; ergonomie<\/strong><br data-start=\"391\" data-end=\"394\" \/>Compact et styl\u00e9, il conserve les touches directionnelles et fonctions secondaires dans un format r\u00e9duit <span class=\"\" data-state=\"closed\"><span class=\"ms-1 inline-flex max-w-full items-center relative top-[-0.094rem] animate-[show_150ms_ease-in]\"><a class=\"flex h-4.5 overflow-hidden rounded-xl px-2 text-[9px] font-medium text-token-text-secondary! bg-[#F4F4F4]! dark:bg-[#303030]! transition-colors duration-150 ease-in-out\" href=\"https:\/\/www.reddit.com\/r\/MechanicalKeyboards\/comments\/15x6tez\/i_found_a_good_budget_trimode_keyboard_zifriend\/?utm_source=chatgpt.com\" target=\"_blank\" rel=\"noopener\"><span class=\"relative start-0 bottom-0 flex h-full w-full items-center\"><span class=\"flex h-4 w-full items-center justify-between overflow-hidden\"><span class=\"max-w-full grow truncate overflow-hidden text-center\">Reddit<\/span><\/span><\/span><\/a><\/span><\/span><span class=\"\" data-state=\"closed\"><span class=\"ms-1 inline-flex max-w-full items-center relative top-[-0.094rem] animate-[show_150ms_ease-in]\"><a class=\"flex h-4.5 overflow-hidden rounded-xl px-2 text-[9px] font-medium text-token-text-secondary! bg-[#F4F4F4]! dark:bg-[#303030]! transition-colors duration-150 ease-in-out\" href=\"https:\/\/chemicygaming.com\/zifriend-za68-wireless-hyacinth?utm_source=chatgpt.com\" target=\"_blank\" rel=\"noopener\"><span class=\"relative start-0 bottom-0 flex h-full w-full items-center\"><span class=\"flex h-4 w-full items-center justify-between overflow-hidden\"><span class=\"max-w-full grow truncate overflow-hidden text-center\">Chemicy Gaming<\/span><\/span><\/span><\/a><\/span><\/span>.<\/p>\n<\/li>\n<li data-start=\"541\" data-end=\"852\">\n<p data-start=\"543\" data-end=\"852\"><strong data-start=\"543\" data-end=\"568\">Switchs &amp; typographie<\/strong><br data-start=\"568\" data-end=\"571\" \/>Il est \u00e9quip\u00e9 de switchs lin\u00e9aires \u00ab TNT Switch \u00bb d\u00e9j\u00e0 lubrifi\u00e9s en usine pour une frappe fluide et silencieuse <span class=\"\" data-state=\"closed\"><span class=\"ms-1 inline-flex max-w-full items-center relative top-[-0.094rem] animate-[show_150ms_ease-in]\"><a class=\"flex h-4.5 overflow-hidden rounded-xl px-2 text-[9px] font-medium text-token-text-secondary! bg-[#F4F4F4]! dark:bg-[#303030]! transition-colors duration-150 ease-in-out\" href=\"https:\/\/chemicygaming.com\/zifriend-za68-wireless-hyacinth?utm_source=chatgpt.com\" target=\"_blank\" rel=\"noopener\"><span class=\"relative start-0 bottom-0 flex h-full w-full items-center\"><span class=\"flex h-4 w-full items-center justify-between overflow-hidden\"><span class=\"max-w-full grow truncate overflow-hidden text-center\">Chemicy Gaming<\/span><\/span><\/span><\/a><\/span><\/span>.<br data-start=\"723\" data-end=\"726\" \/>Le r\u00e9tro\u00e9clairage RGB avec LEDs nord-facing cr\u00e9e un effet lumineux subtil et uniforme <span class=\"\" data-state=\"closed\"><span class=\"ms-1 inline-flex max-w-full items-center relative top-[-0.094rem] animate-[show_150ms_ease-in]\"><a class=\"flex h-4.5 overflow-hidden rounded-xl px-2 text-[9px] font-medium text-token-text-secondary! bg-[#F4F4F4]! dark:bg-[#303030]! transition-colors duration-150 ease-in-out\" href=\"https:\/\/chemicygaming.com\/zifriend-za68-wireless-hyacinth?utm_source=chatgpt.com\" target=\"_blank\" rel=\"noopener\"><span class=\"relative start-0 bottom-0 flex h-full w-full items-center\"><span class=\"flex h-4 w-full items-center justify-between overflow-hidden\"><span class=\"max-w-full grow truncate overflow-hidden text-center\">Chemicy Gaming<\/span><\/span><\/span><\/a><\/span><\/span>.<\/p>\n<\/li>\n<li data-start=\"854\" data-end=\"1054\">\n<p data-start=\"856\" data-end=\"1054\"><strong data-start=\"856\" data-end=\"879\">Connexion multimode<\/strong><br data-start=\"879\" data-end=\"882\" \/>Le ZA68 propose trois modes de connexion : <strong data-start=\"927\" data-end=\"944\">filaire USB-C<\/strong>, <strong data-start=\"946\" data-end=\"964\">dongle 2,4 GHz<\/strong> ou <strong data-start=\"968\" data-end=\"981\">Bluetooth<\/strong>, pour s\u2019adapter \u00e0 tous vos usages <span class=\"\" data-state=\"closed\"><span class=\"ms-1 inline-flex max-w-full items-center relative top-[-0.094rem] animate-[show_150ms_ease-in]\"><a class=\"flex h-4.5 overflow-hidden rounded-xl px-2 text-[9px] font-medium text-token-text-secondary! bg-[#F4F4F4]! dark:bg-[#303030]! transition-colors duration-150 ease-in-out\" href=\"https:\/\/chemicygaming.com\/zifriend-za68-wireless-hyacinth?utm_source=chatgpt.com\" target=\"_blank\" rel=\"noopener\"><span class=\"relative start-0 bottom-0 flex h-full w-full items-center\"><span class=\"flex h-4 w-full items-center justify-between overflow-hidden\"><span class=\"max-w-full grow truncate overflow-hidden text-center\">Chemicy Gaming<\/span><\/span><\/span><\/a><\/span><\/span><span class=\"\" data-state=\"closed\"><span class=\"ms-1 inline-flex max-w-full items-center relative top-[-0.094rem] animate-[show_150ms_ease-in]\"><a class=\"flex h-4.5 overflow-hidden rounded-xl px-2 text-[9px] font-medium text-token-text-secondary! bg-[#F4F4F4]! dark:bg-[#303030]! transition-colors duration-150 ease-in-out\" href=\"https:\/\/www.lazada.com.ph\/products\/zifriend-za68-68-keys-wireless-mechanical-keyboard-wired-bluetooth-24g-3-mode-mechanical-keyboards-5-pin-linear-yellow-switch-hot-swappable-mini-gaming-keyboard-hyacinth-i4462991936.html?utm_source=chatgpt.com\" target=\"_blank\" rel=\"noopener\"><span class=\"relative start-0 bottom-0 flex h-full w-full items-center\"><span class=\"flex h-4 w-full items-center justify-between overflow-hidden\"><span class=\"max-w-full grow truncate overflow-hidden text-center\">Lazada<\/span><\/span><\/span><\/a><\/span><\/span>.<\/p>\n<\/li>\n<li data-start=\"1056\" data-end=\"1239\">\n<p data-start=\"1058\" data-end=\"1239\"><strong data-start=\"1058\" data-end=\"1082\">Innovation modulable<\/strong><br data-start=\"1082\" data-end=\"1085\" \/>Gr\u00e2ce aux keycaps <em data-start=\"1105\" data-end=\"1120\">hotswappables<\/em>, personnalisez facilement votre exp\u00e9rience en changeant de switchs sans soudure <span class=\"\" data-state=\"closed\"><span class=\"ms-1 inline-flex max-w-full items-center relative top-[-0.094rem] animate-[show_150ms_ease-in]\"><a class=\"flex h-4.5 overflow-hidden rounded-xl px-2 text-[9px] font-medium text-token-text-secondary! bg-[#F4F4F4]! dark:bg-[#303030]! transition-colors duration-150 ease-in-out\" href=\"https:\/\/chemicygaming.com\/zifriend-za68-wireless-hyacinth?utm_source=chatgpt.com\" target=\"_blank\" rel=\"noopener\"><span class=\"relative start-0 bottom-0 flex h-full w-full items-center\"><span class=\"flex h-4 w-full items-center justify-between overflow-hidden\"><span class=\"max-w-full grow truncate overflow-hidden text-center\">Chemicy Gaming<\/span><\/span><\/span><\/a><\/span><\/span>.<\/p>\n<\/li>\n<li data-start=\"1241\" data-end=\"1479\">\n<p data-start=\"1243\" data-end=\"1279\"><strong data-start=\"1243\" data-end=\"1277\">Sp\u00e9cifications techniques cl\u00e9s<\/strong><\/p>\n<ul data-start=\"1282\" data-end=\"1479\">\n<li data-start=\"1282\" data-end=\"1321\">\n<p data-start=\"1284\" data-end=\"1321\">Dimensions : env. 327 \u00d7 114 \u00d7 43 mm<\/p>\n<\/li>\n<li data-start=\"1324\" data-end=\"1338\">\n<p data-start=\"1326\" data-end=\"1338\">68 touches<\/p>\n<\/li>\n<li data-start=\"1341\" data-end=\"1359\">\n<p data-start=\"1343\" data-end=\"1359\">Mat\u00e9riau : ABS<\/p>\n<\/li>\n<li data-start=\"1362\" data-end=\"1403\">\n<p data-start=\"1364\" data-end=\"1403\">Layout 65 %, orientation north-facing<\/p>\n<\/li>\n<li data-start=\"1406\" data-end=\"1479\">\n<p data-start=\"1408\" data-end=\"1479\">RGB, anti-ghosting, Plug-and-Play<\/p>\n<\/li>\n<\/ul>\n<\/li>\n<\/ul>\n","protected":false},"excerpt":{"rendered":"<h5 data-start=\"1486\" data-end=\"1525\">Pourquoi le ZA68 Hyacinth s\u00e9duit :<\/h5>\n<ul data-start=\"1526\" data-end=\"1905\">\n<li data-start=\"1526\" data-end=\"1627\">\n<p data-start=\"1528\" data-end=\"1627\"><strong data-start=\"1528\" data-end=\"1549\">Esth\u00e9tique unique<\/strong> \u00e0 la teinte douce et moderne (Hyacinth), parfaite pour un setup esth\u00e9tique.<\/p>\n<\/li>\n<li data-start=\"1628\" data-end=\"1718\">\n<p data-start=\"1630\" data-end=\"1718\"><strong data-start=\"1630\" data-end=\"1649\">Ultra-modulable<\/strong> : id\u00e9al pour le hobby du modding gr\u00e2ce aux switchs hot-swappables.<\/p>\n<\/li>\n<li data-start=\"1719\" data-end=\"1804\">\n<p data-start=\"1721\" data-end=\"1804\"><strong data-start=\"1721\" data-end=\"1749\">Connectivit\u00e9 polyvalente<\/strong>, utile \u00e0 la fois en bureautique et en gaming nomade.<\/p>\n<\/li>\n<li data-start=\"1805\" data-end=\"1905\">\n<p data-start=\"1807\" data-end=\"1905\"><strong data-start=\"1807\" data-end=\"1842\">Design compact mais fonctionnel<\/strong>, gardant toutes les touches essentielles dans un petit format.<\/p>\n<\/li>\n<\/ul>\n","protected":false},"featured_media":24731,"comment_status":"open","ping_status":"closed","template":"","meta":[],"product_brand":[],"product_cat":[314,319,345],"product_tag":[],"class_list":{"0":"post-24730","1":"product","2":"type-product","3":"status-publish","4":"has-post-thumbnail","6":"product_cat-accessoires","7":"product_cat-clavier","8":"product_cat-sur-commande","10":"first","11":"onbackorder","12":"shipping-taxable","13":"purchasable","14":"product-type-simple"},"aioseo_notices":[],"jetpack_sharing_enabled":true,"_links":{"self":[{"href":"https:\/\/tekelec.ma\/index.php\/wp-json\/wp\/v2\/product\/24730","targetHints":{"allow":["GET"]}}],"collection":[{"href":"https:\/\/tekelec.ma\/index.php\/wp-json\/wp\/v2\/product"}],"about":[{"href":"https:\/\/tekelec.ma\/index.php\/wp-json\/wp\/v2\/types\/product"}],"replies":[{"embeddable":true,"href":"https:\/\/tekelec.ma\/index.php\/wp-json\/wp\/v2\/comments?post=24730"}],"version-history":[{"count":3,"href":"https:\/\/tekelec.ma\/index.php\/wp-json\/wp\/v2\/product\/24730\/revisions"}],"predecessor-version":[{"id":24734,"href":"https:\/\/tekelec.ma\/index.php\/wp-json\/wp\/v2\/product\/24730\/revisions\/24734"}],"wp:featuredmedia":[{"embeddable":true,"href":"https:\/\/tekelec.ma\/index.php\/wp-json\/wp\/v2\/media\/24731"}],"wp:attachment":[{"href":"https:\/\/tekelec.ma\/index.php\/wp-json\/wp\/v2\/media?parent=24730"}],"wp:term":[{"taxonomy":"product_brand","embeddable":true,"href":"https:\/\/tekelec.ma\/index.php\/wp-json\/wp\/v2\/product_brand?post=24730"},{"taxonomy":"product_cat","embeddable":true,"href":"https:\/\/tekelec.ma\/index.php\/wp-json\/wp\/v2\/product_cat?post=24730"},{"taxonomy":"product_tag","embeddable":true,"href":"https:\/\/tekelec.ma\/index.php\/wp-json\/wp\/v2\/product_tag?post=24730"}],"curies":[{"name":"wp","href":"https:\/\/api.w.org\/{rel}","templated":true}]}}