{"id":24746,"date":"2025-08-09T11:39:19","date_gmt":"2025-08-09T09:39:19","guid":{"rendered":"https:\/\/tekelec.ma\/?post_type=product&#038;p=24746"},"modified":"2025-08-09T11:39:29","modified_gmt":"2025-08-09T09:39:29","slug":"souris-logitech-g502-hero-rgb","status":"publish","type":"product","link":"https:\/\/tekelec.ma\/index.php\/product\/souris-logitech-g502-hero-rgb\/","title":{"rendered":"Souris Logitech G502 Hero RGB"},"content":{"rendered":"<p data-start=\"612\" data-end=\"658\"><strong data-start=\"62\" data-end=\"102\">Souris Gaming Logitech G502 Hero RGB<\/strong> \u2013<\/p>\n<p data-start=\"612\" data-end=\"658\">Con\u00e7ue pour les joueurs exigeants, la G502 Hero embarque un capteur HERO 25K ultra-pr\u00e9cis offrant jusqu\u2019\u00e0 <strong data-start=\"211\" data-end=\"225\">25 600 DPI<\/strong> pour un suivi sans latence ni acc\u00e9l\u00e9ration. Son design ergonomique et ses <strong data-start=\"300\" data-end=\"328\" data-is-only-node=\"\">11 boutons programmables<\/strong> permettent une personnalisation avanc\u00e9e, tandis que le syst\u00e8me de <strong data-start=\"395\" data-end=\"415\">poids ajustables<\/strong> vous donne un contr\u00f4le parfait sur l\u2019\u00e9quilibre et la sensation en main. L\u2019\u00e9clairage <strong data-start=\"500\" data-end=\"517\">RGB LIGHTSYNC<\/strong> personnalisable ajoute une touche visuelle immersive, synchronisable avec vos autres p\u00e9riph\u00e9riques compatibles. Id\u00e9ale pour l\u2019eSport comme pour le jeu casual, c\u2019est un v\u00e9ritable atout pour dominer vos parties.<\/p>\n","protected":false},"excerpt":{"rendered":"<p data-start=\"116\" data-end=\"610\">\ud83c\udfaf <strong data-start=\"119\" data-end=\"159\">Souris Gaming Logitech G502 Hero RGB<\/strong> \ud83c\udfaf<br data-start=\"162\" data-end=\"165\" \/>\ud83d\udca5 <strong data-start=\"168\" data-end=\"192\">Pr\u00e9cision L\u00e9gendaire<\/strong> \u2013 Capteur <strong data-start=\"203\" data-end=\"215\">HERO 25K<\/strong> : jusqu\u2019\u00e0 <strong data-start=\"226\" data-end=\"240\" data-is-only-node=\"\">25 600 DPI<\/strong> pour une r\u00e9activit\u00e9 instantan\u00e9e.<br data-start=\"273\" data-end=\"276\" \/>\u26a1 <strong data-start=\"278\" data-end=\"306\">11 Boutons Programmables<\/strong> \u2013 Contr\u00f4lez chaque action au millim\u00e8tre.<br data-start=\"347\" data-end=\"350\" \/>\u2696 <strong data-start=\"352\" data-end=\"372\">Poids Ajustables<\/strong> \u2013 Trouvez l\u2019\u00e9quilibre parfait pour votre style de jeu.<br data-start=\"427\" data-end=\"430\" \/>\ud83c\udf08 <strong data-start=\"433\" data-end=\"460\">\u00c9clairage RGB LIGHTSYNC<\/strong> \u2013 Personnalisez vos couleurs et synchronisez-les avec vos autres \u00e9quipements.<br data-start=\"538\" data-end=\"541\" \/>\ud83d\udd25 <strong data-start=\"544\" data-end=\"561\">Ergonomie Pro<\/strong> \u2013 Confort total m\u00eame lors de longues sessions.<\/p>\n<p data-start=\"612\" data-end=\"658\">\ud83c\udfc6 <strong data-start=\"615\" data-end=\"653\">Dominez la partie. D\u00e9marquez-vous.<\/strong> \ud83c\udfc6<\/p>\n","protected":false},"featured_media":24749,"comment_status":"open","ping_status":"closed","template":"","meta":[],"product_brand":[330],"product_cat":[314,320,345],"product_tag":[],"class_list":{"0":"post-24746","1":"product","2":"type-product","3":"status-publish","4":"has-post-thumbnail","6":"product_brand-logitech","7":"product_cat-accessoires","8":"product_cat-souris","9":"product_cat-sur-commande","11":"first","12":"onbackorder","13":"shipping-taxable","14":"purchasable","15":"product-type-simple"},"aioseo_notices":[],"jetpack_sharing_enabled":true,"_links":{"self":[{"href":"https:\/\/tekelec.ma\/index.php\/wp-json\/wp\/v2\/product\/24746","targetHints":{"allow":["GET"]}}],"collection":[{"href":"https:\/\/tekelec.ma\/index.php\/wp-json\/wp\/v2\/product"}],"about":[{"href":"https:\/\/tekelec.ma\/index.php\/wp-json\/wp\/v2\/types\/product"}],"replies":[{"embeddable":true,"href":"https:\/\/tekelec.ma\/index.php\/wp-json\/wp\/v2\/comments?post=24746"}],"version-history":[{"count":1,"href":"https:\/\/tekelec.ma\/index.php\/wp-json\/wp\/v2\/product\/24746\/revisions"}],"predecessor-version":[{"id":24750,"href":"https:\/\/tekelec.ma\/index.php\/wp-json\/wp\/v2\/product\/24746\/revisions\/24750"}],"wp:featuredmedia":[{"embeddable":true,"href":"https:\/\/tekelec.ma\/index.php\/wp-json\/wp\/v2\/media\/24749"}],"wp:attachment":[{"href":"https:\/\/tekelec.ma\/index.php\/wp-json\/wp\/v2\/media?parent=24746"}],"wp:term":[{"taxonomy":"product_brand","embeddable":true,"href":"https:\/\/tekelec.ma\/index.php\/wp-json\/wp\/v2\/product_brand?post=24746"},{"taxonomy":"product_cat","embeddable":true,"href":"https:\/\/tekelec.ma\/index.php\/wp-json\/wp\/v2\/product_cat?post=24746"},{"taxonomy":"product_tag","embeddable":true,"href":"https:\/\/tekelec.ma\/index.php\/wp-json\/wp\/v2\/product_tag?post=24746"}],"curies":[{"name":"wp","href":"https:\/\/api.w.org\/{rel}","templated":true}]}}