{"id":24751,"date":"2025-08-09T11:44:59","date_gmt":"2025-08-09T09:44:59","guid":{"rendered":"https:\/\/tekelec.ma\/?post_type=product&#038;p=24751"},"modified":"2025-08-09T11:45:42","modified_gmt":"2025-08-09T09:45:42","slug":"souris-rapoo-vt30","status":"publish","type":"product","link":"https:\/\/tekelec.ma\/index.php\/product\/souris-rapoo-vt30\/","title":{"rendered":"Souris Rapoo VT30"},"content":{"rendered":"<p><strong data-start=\"59\" data-end=\"73\">Rapoo VT30<\/strong><\/p>\n<p>Con\u00e7ue pour une utilisation ambidextre, cette souris \u00e9vite de fatiguer inutilement la main pour permettre une prise en main confortable et une utilisation agr\u00e9able m\u00eame lors de vos parties les plus longues.<\/p>\n<p>Souris gaming hautes performances avec capteur <strong data-start=\"123\" data-end=\"137\" data-is-only-node=\"\">16 000 DPI<\/strong>,<\/p>\n<p><strong data-start=\"139\" data-end=\"166\">8 boutons programmables<\/strong>,<\/p>\n<p>double mode <strong data-start=\"180\" data-end=\"200\">filaire\/sans fil<\/strong> et \u00e9clairage <strong data-start=\"214\" data-end=\"237\">RGB personnalisable<\/strong>.<\/p>\n<p>Ergonomique et pr\u00e9cise pour dominer chaque partie. \ud83c\udfae\ud83d\udd25<\/p>\n","protected":false},"excerpt":{"rendered":"<p data-start=\"59\" data-end=\"550\">\ud83c\udfaf <strong data-start=\"62\" data-end=\"90\">Souris Gaming Rapoo VT30<\/strong> \ud83c\udfaf<br data-start=\"93\" data-end=\"96\" \/>\ud83d\udca5 <strong data-start=\"99\" data-end=\"126\">Capteur Haute Pr\u00e9cision<\/strong> \u2013 Jusqu\u2019\u00e0 <strong data-start=\"137\" data-end=\"151\">16 000 DPI<\/strong> pour un suivi ultra-pr\u00e9cis et r\u00e9actif.<br data-start=\"190\" data-end=\"193\" data-is-only-node=\"\" \/>\u26a1 <strong data-start=\"195\" data-end=\"220\">Programmation Avanc\u00e9e<\/strong> \u2013 <strong data-start=\"223\" data-end=\"253\">8 boutons personnalisables<\/strong> pour un contr\u00f4le optimal.<br data-start=\"279\" data-end=\"282\" \/>\ud83c\udf08 <strong data-start=\"285\" data-end=\"312\">\u00c9clairage RGB Dynamique<\/strong> \u2013 Effets lumineux personnalisables pour un setup unique.<br data-start=\"369\" data-end=\"372\" \/>\ud83d\udd0b <strong data-start=\"375\" data-end=\"402\">Mode Filaire &amp; Sans Fil<\/strong> \u2013 Libert\u00e9 de mouvement ou connexion ultra-stable, \u00e0 vous de choisir.<br data-start=\"471\" data-end=\"474\" \/>\ud83d\udd25 <strong data-start=\"477\" data-end=\"502\">Ergonomie Confortable<\/strong> \u2013 Con\u00e7ue pour des heures de jeu sans fatigue.<\/p>\n<p data-start=\"552\" data-end=\"600\">\ud83c\udfc6 <strong data-start=\"555\" data-end=\"595\">Jouez vite. Jouez pr\u00e9cis. Jouez pro.<\/strong> \ud83c\udfc6<\/p>\n","protected":false},"featured_media":24754,"comment_status":"open","ping_status":"closed","template":"","meta":[],"product_brand":[],"product_cat":[314,320,345],"product_tag":[],"class_list":{"0":"post-24751","1":"product","2":"type-product","3":"status-publish","4":"has-post-thumbnail","6":"product_cat-accessoires","7":"product_cat-souris","8":"product_cat-sur-commande","10":"first","11":"onbackorder","12":"shipping-taxable","13":"purchasable","14":"product-type-simple"},"aioseo_notices":[],"jetpack_sharing_enabled":true,"_links":{"self":[{"href":"https:\/\/tekelec.ma\/index.php\/wp-json\/wp\/v2\/product\/24751","targetHints":{"allow":["GET"]}}],"collection":[{"href":"https:\/\/tekelec.ma\/index.php\/wp-json\/wp\/v2\/product"}],"about":[{"href":"https:\/\/tekelec.ma\/index.php\/wp-json\/wp\/v2\/types\/product"}],"replies":[{"embeddable":true,"href":"https:\/\/tekelec.ma\/index.php\/wp-json\/wp\/v2\/comments?post=24751"}],"version-history":[{"count":2,"href":"https:\/\/tekelec.ma\/index.php\/wp-json\/wp\/v2\/product\/24751\/revisions"}],"predecessor-version":[{"id":24756,"href":"https:\/\/tekelec.ma\/index.php\/wp-json\/wp\/v2\/product\/24751\/revisions\/24756"}],"wp:featuredmedia":[{"embeddable":true,"href":"https:\/\/tekelec.ma\/index.php\/wp-json\/wp\/v2\/media\/24754"}],"wp:attachment":[{"href":"https:\/\/tekelec.ma\/index.php\/wp-json\/wp\/v2\/media?parent=24751"}],"wp:term":[{"taxonomy":"product_brand","embeddable":true,"href":"https:\/\/tekelec.ma\/index.php\/wp-json\/wp\/v2\/product_brand?post=24751"},{"taxonomy":"product_cat","embeddable":true,"href":"https:\/\/tekelec.ma\/index.php\/wp-json\/wp\/v2\/product_cat?post=24751"},{"taxonomy":"product_tag","embeddable":true,"href":"https:\/\/tekelec.ma\/index.php\/wp-json\/wp\/v2\/product_tag?post=24751"}],"curies":[{"name":"wp","href":"https:\/\/api.w.org\/{rel}","templated":true}]}}