{"id":24757,"date":"2025-08-09T11:57:28","date_gmt":"2025-08-09T09:57:28","guid":{"rendered":"https:\/\/tekelec.ma\/?post_type=product&#038;p=24757"},"modified":"2025-08-09T11:57:48","modified_gmt":"2025-08-09T09:57:48","slug":"souris-logitech-mx-master-3s-graphite","status":"publish","type":"product","link":"https:\/\/tekelec.ma\/index.php\/product\/souris-logitech-mx-master-3s-graphite\/","title":{"rendered":"Souris Logitech MX Master 3S (Graphite)"},"content":{"rendered":"<p><strong data-start=\"81\" data-end=\"117\">Logitech MX Master 3S (Graphite)<\/strong> \u2013 Souris sans fil haut de gamme avec capteur <strong data-start=\"163\" data-end=\"176\" data-is-only-node=\"\">8 000 DPI<\/strong> ultra-pr\u00e9cis, d\u00e9filement <strong data-start=\"202\" data-end=\"214\">MagSpeed<\/strong> silencieux, connectivit\u00e9 <strong data-start=\"240\" data-end=\"267\">Bluetooth\/USB Logi Bolt<\/strong>, et ergonomie pens\u00e9e pour un confort longue dur\u00e9e. Id\u00e9ale pour productivit\u00e9 et multit\u00e2che. \ud83d\uddb1\ufe0f\u2728<br \/>\nAvec la\u00a0Logitech MX Master 3S, profitez d&rsquo;une ic\u00f4ne remasteris\u00e9e offrant une pr\u00e9cision instantan\u00e9e et un potentiel infini. Con\u00e7ue pour offrir pr\u00e9cision, contr\u00f4le et confort aux utilisateurs exp\u00e9riment\u00e9s, la souris sans fil Logitech MX Master 3S se caract\u00e9rise notamment par une forme parfaitement adapt\u00e9e \u00e0 la main, un capteur de 8000 dpi, des fonctionnalit\u00e9s avanc\u00e9es et une conception incroyable<\/p>\n","protected":false},"excerpt":{"rendered":"<p data-start=\"96\" data-end=\"684\">\ud83d\uddb1\ufe0f <strong data-start=\"100\" data-end=\"136\">Logitech MX Master 3S \u2013 Graphite<\/strong> \ud83d\uddb1\ufe0f<br data-start=\"140\" data-end=\"143\" \/>\ud83d\udc8e <strong data-start=\"146\" data-end=\"167\">Pr\u00e9cision Absolue<\/strong> \u2013 Capteur <strong data-start=\"178\" data-end=\"191\">8 000 DPI<\/strong> ultra-sensible pour un suivi parfait sur toutes surfaces, m\u00eame le verre.<br data-start=\"264\" data-end=\"267\" data-is-only-node=\"\" \/>\u26a1 <strong data-start=\"269\" data-end=\"292\">D\u00e9filement MagSpeed<\/strong> \u2013 Ultra-rapide et silencieux, passez de ligne en ligne \u00e0 1 000 lignes\/seconde.<br data-start=\"371\" data-end=\"374\" \/>\ud83d\udd17 <strong data-start=\"377\" data-end=\"405\">Connectivit\u00e9 Polyvalente<\/strong> \u2013 <strong data-start=\"408\" data-end=\"421\">Bluetooth<\/strong> ou <strong data-start=\"425\" data-end=\"442\">USB Logi Bolt<\/strong> pour une connexion stable et fluide.<br data-start=\"479\" data-end=\"482\" \/>\ud83e\udd1d <strong data-start=\"485\" data-end=\"506\">Ergonomie Premium<\/strong> \u2013 Con\u00e7ue pour \u00e9pouser parfaitement votre main et r\u00e9duire la fatigue.<br data-start=\"575\" data-end=\"578\" \/>\ud83d\udcbc <strong data-start=\"581\" data-end=\"610\">Productivit\u00e9 Sans Limites<\/strong> \u2013 Id\u00e9ale pour le multit\u00e2che, le design et la bureautique haut de gamme.<\/p>\n<p data-start=\"686\" data-end=\"760\">\u2728 <strong data-start=\"688\" data-end=\"756\">Travaillez plus vite. Plus confortablement. Plus intelligemment.<\/strong> \u2728<\/p>\n","protected":false},"featured_media":24759,"comment_status":"open","ping_status":"closed","template":"","meta":[],"product_brand":[330],"product_cat":[314,320,345],"product_tag":[],"class_list":{"0":"post-24757","1":"product","2":"type-product","3":"status-publish","4":"has-post-thumbnail","6":"product_brand-logitech","7":"product_cat-accessoires","8":"product_cat-souris","9":"product_cat-sur-commande","11":"first","12":"onbackorder","13":"shipping-taxable","14":"purchasable","15":"product-type-simple"},"aioseo_notices":[],"jetpack_sharing_enabled":true,"_links":{"self":[{"href":"https:\/\/tekelec.ma\/index.php\/wp-json\/wp\/v2\/product\/24757","targetHints":{"allow":["GET"]}}],"collection":[{"href":"https:\/\/tekelec.ma\/index.php\/wp-json\/wp\/v2\/product"}],"about":[{"href":"https:\/\/tekelec.ma\/index.php\/wp-json\/wp\/v2\/types\/product"}],"replies":[{"embeddable":true,"href":"https:\/\/tekelec.ma\/index.php\/wp-json\/wp\/v2\/comments?post=24757"}],"version-history":[{"count":2,"href":"https:\/\/tekelec.ma\/index.php\/wp-json\/wp\/v2\/product\/24757\/revisions"}],"predecessor-version":[{"id":24762,"href":"https:\/\/tekelec.ma\/index.php\/wp-json\/wp\/v2\/product\/24757\/revisions\/24762"}],"wp:featuredmedia":[{"embeddable":true,"href":"https:\/\/tekelec.ma\/index.php\/wp-json\/wp\/v2\/media\/24759"}],"wp:attachment":[{"href":"https:\/\/tekelec.ma\/index.php\/wp-json\/wp\/v2\/media?parent=24757"}],"wp:term":[{"taxonomy":"product_brand","embeddable":true,"href":"https:\/\/tekelec.ma\/index.php\/wp-json\/wp\/v2\/product_brand?post=24757"},{"taxonomy":"product_cat","embeddable":true,"href":"https:\/\/tekelec.ma\/index.php\/wp-json\/wp\/v2\/product_cat?post=24757"},{"taxonomy":"product_tag","embeddable":true,"href":"https:\/\/tekelec.ma\/index.php\/wp-json\/wp\/v2\/product_tag?post=24757"}],"curies":[{"name":"wp","href":"https:\/\/api.w.org\/{rel}","templated":true}]}}