{"id":24763,"date":"2025-08-09T12:05:38","date_gmt":"2025-08-09T10:05:38","guid":{"rendered":"https:\/\/tekelec.ma\/?post_type=product&#038;p=24763"},"modified":"2025-08-09T12:06:35","modified_gmt":"2025-08-09T10:06:35","slug":"souris-logitech-lift-rose","status":"publish","type":"product","link":"https:\/\/tekelec.ma\/index.php\/product\/souris-logitech-lift-rose\/","title":{"rendered":"Souris Logitech Lift (Rose)"},"content":{"rendered":"<p><strong data-start=\"0\" data-end=\"24\" data-is-only-node=\"\">Logitech Lift (Rose)<\/strong> \u2013 Souris ergonomique verticale avec capteur haute pr\u00e9cision, connexion <strong data-start=\"96\" data-end=\"123\">Bluetooth\/USB Logi Bolt<\/strong>, autonomie jusqu\u2019\u00e0 <strong data-start=\"143\" data-end=\"152\">2 ans<\/strong>, et design rose pastel pour allier confort et style. \ud83c\udf38<\/p>\n<p>Avec la Logitech Lift dites oui au confort. Cette souris ergonomique verticale vous permet travailler des heures durant sans ressentir la moindre douleur dans votre poignet. Parfaitement adapt\u00e9e aux mains de petite taille et de taille moyenne, elle poss\u00e8de un rev\u00eatement l\u00e9g\u00e8rement textur\u00e9, 6 boutons faciles d&rsquo;acc\u00e8s, un capteur optique de 4000 dpi ainsi qu&rsquo;un repose-pouce confortable.<\/p>\n","protected":false},"excerpt":{"rendered":"<p data-start=\"69\" data-end=\"555\">\ud83c\udf38 <strong data-start=\"72\" data-end=\"96\">Logitech Lift \u2013 Rose<\/strong> \ud83c\udf38<br data-start=\"99\" data-end=\"102\" \/>\ud83d\uddb1 <strong data-start=\"105\" data-end=\"125\">Confort Vertical<\/strong> \u2013 Design ergonomique vertical r\u00e9duisant la tension du poignet.<br data-start=\"188\" data-end=\"191\" \/>\ud83c\udfaf <strong data-start=\"194\" data-end=\"219\">Pr\u00e9cision Silencieuse<\/strong> \u2013 Capteur haute pr\u00e9cision pour un suivi fluide et silencieux.<br data-start=\"281\" data-end=\"284\" \/>\ud83d\udd0b <strong data-start=\"287\" data-end=\"313\">Autonomie Longue Dur\u00e9e<\/strong> \u2013 Jusqu\u2019\u00e0 <strong data-start=\"324\" data-end=\"333\">2 ans<\/strong> d\u2019utilisation avec une seule pile AA.<br data-start=\"371\" data-end=\"374\" \/>\ud83d\udd17 <strong data-start=\"377\" data-end=\"402\">Connexion Polyvalente<\/strong> \u2013 <strong data-start=\"405\" data-end=\"418\">Bluetooth<\/strong> ou r\u00e9cepteur USB Logi Bolt pour une liaison stable.<br data-start=\"470\" data-end=\"473\" \/>\ud83d\udc96 <strong data-start=\"476\" data-end=\"500\">Style Doux &amp; \u00c9l\u00e9gant<\/strong> \u2013 Couleur rose pastel pour un setup qui se d\u00e9marque.<\/p>\n<p data-start=\"557\" data-end=\"607\">\u2728 <strong data-start=\"559\" data-end=\"603\">Travaillez mieux, avec style et confort.<\/strong> \u2728<\/p>\n","protected":false},"featured_media":24767,"comment_status":"open","ping_status":"closed","template":"","meta":[],"product_brand":[330],"product_cat":[314,320,345],"product_tag":[],"class_list":{"0":"post-24763","1":"product","2":"type-product","3":"status-publish","4":"has-post-thumbnail","6":"product_brand-logitech","7":"product_cat-accessoires","8":"product_cat-souris","9":"product_cat-sur-commande","11":"first","12":"onbackorder","13":"shipping-taxable","14":"purchasable","15":"product-type-simple"},"aioseo_notices":[],"jetpack_sharing_enabled":true,"_links":{"self":[{"href":"https:\/\/tekelec.ma\/index.php\/wp-json\/wp\/v2\/product\/24763","targetHints":{"allow":["GET"]}}],"collection":[{"href":"https:\/\/tekelec.ma\/index.php\/wp-json\/wp\/v2\/product"}],"about":[{"href":"https:\/\/tekelec.ma\/index.php\/wp-json\/wp\/v2\/types\/product"}],"replies":[{"embeddable":true,"href":"https:\/\/tekelec.ma\/index.php\/wp-json\/wp\/v2\/comments?post=24763"}],"version-history":[{"count":2,"href":"https:\/\/tekelec.ma\/index.php\/wp-json\/wp\/v2\/product\/24763\/revisions"}],"predecessor-version":[{"id":24769,"href":"https:\/\/tekelec.ma\/index.php\/wp-json\/wp\/v2\/product\/24763\/revisions\/24769"}],"wp:featuredmedia":[{"embeddable":true,"href":"https:\/\/tekelec.ma\/index.php\/wp-json\/wp\/v2\/media\/24767"}],"wp:attachment":[{"href":"https:\/\/tekelec.ma\/index.php\/wp-json\/wp\/v2\/media?parent=24763"}],"wp:term":[{"taxonomy":"product_brand","embeddable":true,"href":"https:\/\/tekelec.ma\/index.php\/wp-json\/wp\/v2\/product_brand?post=24763"},{"taxonomy":"product_cat","embeddable":true,"href":"https:\/\/tekelec.ma\/index.php\/wp-json\/wp\/v2\/product_cat?post=24763"},{"taxonomy":"product_tag","embeddable":true,"href":"https:\/\/tekelec.ma\/index.php\/wp-json\/wp\/v2\/product_tag?post=24763"}],"curies":[{"name":"wp","href":"https:\/\/api.w.org\/{rel}","templated":true}]}}