{"id":24770,"date":"2025-08-09T12:20:51","date_gmt":"2025-08-09T10:20:51","guid":{"rendered":"https:\/\/tekelec.ma\/?post_type=product&#038;p=24770"},"modified":"2025-08-09T12:21:00","modified_gmt":"2025-08-09T10:21:00","slug":"ram-g-skill-aegis-16go-2-x-8go-ddr4-3200-mhz-cl16","status":"publish","type":"product","link":"https:\/\/tekelec.ma\/index.php\/product\/ram-g-skill-aegis-16go-2-x-8go-ddr4-3200-mhz-cl16\/","title":{"rendered":"RAM-G.Skill Aegis 16Go (2 x 8Go) DDR4 3200 MHz CL16"},"content":{"rendered":"<p><strong data-start=\"0\" data-end=\"49\" data-is-only-node=\"\">G.Skill Aegis 16Go (2x8Go) DDR4 3200 MHz CL16<\/strong> \u2013 Kit m\u00e9moire haute performance offrant vitesse de <strong data-start=\"101\" data-end=\"113\">3200 MHz<\/strong>, latence <strong data-start=\"123\" data-end=\"131\">CL16<\/strong> et fiabilit\u00e9 sign\u00e9e G.Skill. Id\u00e9al pour am\u00e9liorer la r\u00e9activit\u00e9 et les performances de votre PC gaming ou bureautique. \ud83d\ude80<br \/>\nLa m\u00e9moire Aegis a \u00e9t\u00e9 con\u00e7ue pour s&rsquo;adapter \u00e0 merveille sur des plateformes Intel de dernier cri dot\u00e9es de processeurs Intel Core comme la sixi\u00e8me g\u00e9n\u00e9ration. L&rsquo;objectif ? Offrir le plus de souplesse possible aux joueurs chevronn\u00e9s. La G.Skill Aegis vous assurera performance et stabilit\u00e9 pour tous vos jeux PC, que ce soit des FPS, des RTS, des MOBA ou bien des MMORPG. Les barettes G.Skill Aegis vous permettent de r\u00e9duire au maximum la latence de votre syst\u00e8me pendant vos sessions prolong\u00e9es de Gaming. Garanties \u00e0 vie, les produits G.Skill sont un gage de qualit\u00e9 et de durabilit\u00e9 dans le temps.<\/p>\n","protected":false},"excerpt":{"rendered":"<p data-start=\"94\" data-end=\"569\">\ud83d\udd25 <strong data-start=\"97\" data-end=\"148\">G.Skill Aegis \u2013 16Go (2x8Go) DDR4 3200 MHz CL16<\/strong> \ud83d\udd25<br data-start=\"151\" data-end=\"154\" \/>\u26a1 <strong data-start=\"156\" data-end=\"176\">Vitesse Optimale<\/strong> \u2013 Fr\u00e9quence <strong data-start=\"189\" data-end=\"201\">3200 MHz<\/strong> pour des performances fluides et r\u00e9actives.<br data-start=\"245\" data-end=\"248\" data-is-only-node=\"\" \/>\ud83c\udfaf <strong data-start=\"251\" data-end=\"276\">Pr\u00e9cision &amp; Stabilit\u00e9<\/strong> \u2013 Latence <strong data-start=\"287\" data-end=\"295\">CL16<\/strong> pour un temps de r\u00e9ponse r\u00e9duit.<br data-start=\"328\" data-end=\"331\" \/>\ud83d\udcaa <strong data-start=\"334\" data-end=\"355\">Fiabilit\u00e9 G.Skill<\/strong> \u2013 Con\u00e7u pour durer et r\u00e9sister aux longues sessions gaming.<br data-start=\"415\" data-end=\"418\" \/>\ud83c\udfae <strong data-start=\"421\" data-end=\"437\">Boost Gaming<\/strong> \u2013 Am\u00e9liore la fluidit\u00e9 et r\u00e9duit les temps de chargement.<br data-start=\"495\" data-end=\"498\" \/>\ud83d\udda4 <strong data-start=\"501\" data-end=\"525\">Design Sobre &amp; \u00c9pur\u00e9<\/strong> \u2013 S\u2019int\u00e8gre parfaitement \u00e0 tout setup PC.<\/p>\n<p data-start=\"571\" data-end=\"623\">\u2728 <strong data-start=\"573\" data-end=\"619\">Donnez \u00e0 votre PC la m\u00e9moire qu\u2019il m\u00e9rite.<\/strong> \u2728<\/p>\n","protected":false},"featured_media":24772,"comment_status":"open","ping_status":"closed","template":"","meta":[],"product_brand":[],"product_cat":[311,345],"product_tag":[],"class_list":{"0":"post-24770","1":"product","2":"type-product","3":"status-publish","4":"has-post-thumbnail","6":"product_cat-ram","7":"product_cat-sur-commande","9":"first","10":"onbackorder","11":"shipping-taxable","12":"purchasable","13":"product-type-simple"},"aioseo_notices":[],"jetpack_sharing_enabled":true,"_links":{"self":[{"href":"https:\/\/tekelec.ma\/index.php\/wp-json\/wp\/v2\/product\/24770","targetHints":{"allow":["GET"]}}],"collection":[{"href":"https:\/\/tekelec.ma\/index.php\/wp-json\/wp\/v2\/product"}],"about":[{"href":"https:\/\/tekelec.ma\/index.php\/wp-json\/wp\/v2\/types\/product"}],"replies":[{"embeddable":true,"href":"https:\/\/tekelec.ma\/index.php\/wp-json\/wp\/v2\/comments?post=24770"}],"version-history":[{"count":2,"href":"https:\/\/tekelec.ma\/index.php\/wp-json\/wp\/v2\/product\/24770\/revisions"}],"predecessor-version":[{"id":24774,"href":"https:\/\/tekelec.ma\/index.php\/wp-json\/wp\/v2\/product\/24770\/revisions\/24774"}],"wp:featuredmedia":[{"embeddable":true,"href":"https:\/\/tekelec.ma\/index.php\/wp-json\/wp\/v2\/media\/24772"}],"wp:attachment":[{"href":"https:\/\/tekelec.ma\/index.php\/wp-json\/wp\/v2\/media?parent=24770"}],"wp:term":[{"taxonomy":"product_brand","embeddable":true,"href":"https:\/\/tekelec.ma\/index.php\/wp-json\/wp\/v2\/product_brand?post=24770"},{"taxonomy":"product_cat","embeddable":true,"href":"https:\/\/tekelec.ma\/index.php\/wp-json\/wp\/v2\/product_cat?post=24770"},{"taxonomy":"product_tag","embeddable":true,"href":"https:\/\/tekelec.ma\/index.php\/wp-json\/wp\/v2\/product_tag?post=24770"}],"curies":[{"name":"wp","href":"https:\/\/api.w.org\/{rel}","templated":true}]}}