{"id":24775,"date":"2025-08-09T12:29:20","date_gmt":"2025-08-09T10:29:20","guid":{"rendered":"https:\/\/tekelec.ma\/?post_type=product&#038;p=24775"},"modified":"2025-08-09T12:29:34","modified_gmt":"2025-08-09T10:29:34","slug":"ram-lexar-ares-rgb-ddr5-32go-2x16go-6400mhz-cl32","status":"publish","type":"product","link":"https:\/\/tekelec.ma\/index.php\/product\/ram-lexar-ares-rgb-ddr5-32go-2x16go-6400mhz-cl32\/","title":{"rendered":"RAM-Lexar ARES RGB DDR5 32Go (2x16Go) 6400MHz CL32"},"content":{"rendered":"<article class=\"text-token-text-primary w-full focus:outline-none scroll-mt-[calc(var(--header-height)+min(200px,max(70px,20svh)))]\" dir=\"auto\" tabindex=\"-1\" data-turn-id=\"request-WEB:6866ba18-13f6-4f2a-86de-ba7b6b4eebcb-11\" data-testid=\"conversation-turn-24\" data-scroll-anchor=\"true\" data-turn=\"assistant\">\n<div class=\"text-base my-auto mx-auto pb-10 [--thread-content-margin:--spacing(4)] @[37rem]:[--thread-content-margin:--spacing(6)] @[72rem]:[--thread-content-margin:--spacing(16)] px-(--thread-content-margin)\">\n<div class=\"[--thread-content-max-width:32rem] @[34rem]:[--thread-content-max-width:40rem] @[64rem]:[--thread-content-max-width:48rem] mx-auto max-w-(--thread-content-max-width) flex-1 group\/turn-messages focus-visible:outline-hidden relative flex w-full min-w-0 flex-col agent-turn\" tabindex=\"-1\">\n<div class=\"flex max-w-full flex-col grow\">\n<div class=\"min-h-8 text-message relative flex w-full flex-col items-end gap-2 text-start break-words whitespace-normal [.text-message+&amp;]:mt-5\" dir=\"auto\" data-message-author-role=\"assistant\" data-message-id=\"20794a11-ca95-414f-86bc-6715370e0d90\" data-message-model-slug=\"gpt-4-1-mini\">\n<div class=\"flex w-full flex-col gap-1 empty:hidden first:pt-[3px]\">\n<div class=\"markdown prose dark:prose-invert w-full break-words dark markdown-new-styling\">\n<p data-start=\"0\" data-end=\"205\" data-is-last-node=\"\" data-is-only-node=\"\"><strong data-start=\"0\" data-end=\"50\" data-is-only-node=\"\">Lexar ARES RGB DDR5 32Go (2x16Go) 6400MHz CL32<\/strong> \u2013 M\u00e9moire DDR5 ultra-rapide \u00e0 <strong data-start=\"81\" data-end=\"93\">6400 MHz<\/strong>, latence <strong data-start=\"103\" data-end=\"111\">CL32<\/strong>, avec \u00e9clairage RGB personnalisable. Parfaite pour gaming intensif et cr\u00e9ation exigeante. \u26a1<\/p>\n<p data-start=\"0\" data-end=\"205\" data-is-last-node=\"\" data-is-only-node=\"\">Con\u00e7ue pour les <strong data-start=\"188\" data-end=\"198\">gamers<\/strong>\u00a0et\u00a0<strong data-start=\"202\" data-end=\"225\">cr\u00e9ateurs exigeants<\/strong>, cette m\u00e9moire vive offre des performances ultra-rapides et une\u00a0<strong data-start=\"290\" data-end=\"315\">bande passante accrue<\/strong>\u00a0pour un multit\u00e2che fluide. Sa\u00a0<strong data-start=\"346\" data-end=\"362\">latence CL32<\/strong>\u00a0garantit une r\u00e9activit\u00e9 exceptionnelle. Le design avec\u00a0<strong data-start=\"418\" data-end=\"451\">\u00e9clairage RGB personnalisable<\/strong>\u00a0s\u2019int\u00e8gre parfaitement \u00e0 votre configuration. Compatible avec les derni\u00e8res plateformes Intel et AMD, la Lexar ARES DDR5 est id\u00e9ale pour repousser les limites de votre machine. Donnez un coup de boost \u00e0 votre syst\u00e8me avec une\u00a0<strong data-start=\"678\" data-end=\"703\">m\u00e9moire haut de gamme<\/strong>, stable et styl\u00e9e.<\/p>\n<\/div>\n<\/div>\n<\/div>\n<\/div>\n<\/div>\n<\/div>\n<\/article>\n","protected":false},"excerpt":{"rendered":"<p data-start=\"99\" data-end=\"650\">\u26a1 <strong data-start=\"101\" data-end=\"153\">Lexar ARES RGB \u2013 32Go (2x16Go) DDR5 6400MHz CL32<\/strong> \u26a1<br data-start=\"155\" data-end=\"158\" \/>\ud83d\udd25 <strong data-start=\"161\" data-end=\"184\">Performance Extr\u00eame<\/strong> \u2013 Vitesse fulgurante \u00e0 <strong data-start=\"208\" data-end=\"220\">6400 MHz<\/strong> pour une puissance d\u00e9cupl\u00e9e.<br data-start=\"249\" data-end=\"252\" data-is-only-node=\"\" \/>\ud83c\udfaf <strong data-start=\"255\" data-end=\"278\">R\u00e9activit\u00e9 Maximale<\/strong> \u2013 Latence <strong data-start=\"289\" data-end=\"297\">CL32<\/strong> optimis\u00e9e pour un gaming et multit\u00e2che ultra-fluide.<br data-start=\"350\" data-end=\"353\" \/>\ud83c\udf08 <strong data-start=\"356\" data-end=\"383\">\u00c9clairage RGB Dynamique<\/strong> \u2013 Personnalisez votre PC avec un spectacle lumineux saisissant.<br data-start=\"447\" data-end=\"450\" \/>\ud83d\udcaa <strong data-start=\"453\" data-end=\"473\">Technologie DDR5<\/strong> \u2013 Nouvelle g\u00e9n\u00e9ration pour booster votre configuration derni\u00e8re g\u00e9n\u00e9ration.<br data-start=\"549\" data-end=\"552\" \/>\ud83c\udfae <strong data-start=\"555\" data-end=\"587\">Pour les Gamers et Cr\u00e9ateurs<\/strong> \u2013 Parfait pour les sessions intenses et le travail exigeant.<\/p>\n<p data-start=\"652\" data-end=\"705\">\u2728 <strong data-start=\"654\" data-end=\"701\">Faites passer votre PC au niveau sup\u00e9rieur.<\/strong> \u2728<\/p>\n","protected":false},"featured_media":24779,"comment_status":"open","ping_status":"closed","template":"","meta":[],"product_brand":[347],"product_cat":[311,345],"product_tag":[],"class_list":{"0":"post-24775","1":"product","2":"type-product","3":"status-publish","4":"has-post-thumbnail","6":"product_brand-lexar","7":"product_cat-ram","8":"product_cat-sur-commande","10":"first","11":"onbackorder","12":"shipping-taxable","13":"purchasable","14":"product-type-simple"},"aioseo_notices":[],"jetpack_sharing_enabled":true,"_links":{"self":[{"href":"https:\/\/tekelec.ma\/index.php\/wp-json\/wp\/v2\/product\/24775","targetHints":{"allow":["GET"]}}],"collection":[{"href":"https:\/\/tekelec.ma\/index.php\/wp-json\/wp\/v2\/product"}],"about":[{"href":"https:\/\/tekelec.ma\/index.php\/wp-json\/wp\/v2\/types\/product"}],"replies":[{"embeddable":true,"href":"https:\/\/tekelec.ma\/index.php\/wp-json\/wp\/v2\/comments?post=24775"}],"version-history":[{"count":2,"href":"https:\/\/tekelec.ma\/index.php\/wp-json\/wp\/v2\/product\/24775\/revisions"}],"predecessor-version":[{"id":24781,"href":"https:\/\/tekelec.ma\/index.php\/wp-json\/wp\/v2\/product\/24775\/revisions\/24781"}],"wp:featuredmedia":[{"embeddable":true,"href":"https:\/\/tekelec.ma\/index.php\/wp-json\/wp\/v2\/media\/24779"}],"wp:attachment":[{"href":"https:\/\/tekelec.ma\/index.php\/wp-json\/wp\/v2\/media?parent=24775"}],"wp:term":[{"taxonomy":"product_brand","embeddable":true,"href":"https:\/\/tekelec.ma\/index.php\/wp-json\/wp\/v2\/product_brand?post=24775"},{"taxonomy":"product_cat","embeddable":true,"href":"https:\/\/tekelec.ma\/index.php\/wp-json\/wp\/v2\/product_cat?post=24775"},{"taxonomy":"product_tag","embeddable":true,"href":"https:\/\/tekelec.ma\/index.php\/wp-json\/wp\/v2\/product_tag?post=24775"}],"curies":[{"name":"wp","href":"https:\/\/api.w.org\/{rel}","templated":true}]}}